{"id":10,"date":"2014-09-19T14:39:54","date_gmt":"2014-09-19T14:39:54","guid":{"rendered":"http:\/\/7101.linux13.testsider.dk\/1x1design\/?page_id=10"},"modified":"2026-03-13T17:28:22","modified_gmt":"2026-03-13T17:28:22","slug":"kollektioner","status":"publish","type":"page","link":"https:\/\/1x1design.dk\/1x1design\/kollektioner\/","title":{"rendered":"Kollektioner"},"content":{"rendered":"<p>[et_pb_section fb_built=&#8221;1&#8243; admin_label=&#8221;section&#8221; _builder_version=&#8221;4.16&#8243; background_image=&#8221;https:\/\/1x1design.dk\/1x1design\/wp-content\/uploads\/2016\/02\/bg_chicargo_767.jpg&#8221; transparent_background=&#8221;off&#8221; make_fullwidth=&#8221;off&#8221; use_custom_width=&#8221;off&#8221; width_unit=&#8221;on&#8221; custom_width_px=&#8221;1080px&#8221; custom_width_percent=&#8221;80%&#8221; global_colors_info=&#8221;{}&#8221;][et_pb_row admin_label=&#8221;row&#8221; _builder_version=&#8221;4.16&#8243; background_size=&#8221;initial&#8221; background_position=&#8221;top_left&#8221; background_repeat=&#8221;repeat&#8221; make_fullwidth=&#8221;off&#8221; use_custom_width=&#8221;off&#8221; width_unit=&#8221;off&#8221; custom_width_px=&#8221;1080px&#8221; custom_width_percent=&#8221;80%&#8221; global_colors_info=&#8221;{}&#8221;][et_pb_column type=&#8221;4_4&#8243; _builder_version=&#8221;4.16&#8243; custom_padding=&#8221;|||&#8221; global_colors_info=&#8221;{}&#8221; custom_padding__hover=&#8221;|||&#8221;][et_pb_text _builder_version=&#8221;4.27.5&#8243; _module_preset=&#8221;default&#8221; text_text_color=&#8221;#FFFFFF&#8221; header_font=&#8221;|700|||||||&#8221; header_text_color=&#8221;#FFFFFF&#8221; header_font_size=&#8221;46px&#8221; global_colors_info=&#8221;{}&#8221;]<\/p>\n<h1>1+1 Design &#8211; Kollektioner<\/h1>\n<p>[\/et_pb_text][\/et_pb_column][\/et_pb_row][\/et_pb_section][et_pb_section fb_built=&#8221;1&#8243; admin_label=&#8221;Sektion&#8221; _builder_version=&#8221;4.16&#8243; transparent_background=&#8221;off&#8221; make_fullwidth=&#8221;off&#8221; use_custom_width=&#8221;off&#8221; width_unit=&#8221;off&#8221; custom_width_px=&#8221;1080px&#8221; custom_width_percent=&#8221;80%&#8221; global_colors_info=&#8221;{}&#8221;][et_pb_row column_structure=&#8221;3_4,1_4&#8243; admin_label=&#8221;R\u00e6kke&#8221; _builder_version=&#8221;4.27.5&#8243; background_size=&#8221;initial&#8221; background_position=&#8221;top_left&#8221; background_repeat=&#8221;repeat&#8221; width=&#8221;90%&#8221; max_width=&#8221;none&#8221; make_fullwidth=&#8221;off&#8221; use_custom_width=&#8221;off&#8221; width_unit=&#8221;off&#8221; custom_width_px=&#8221;1080px&#8221; custom_width_percent=&#8221;80%&#8221; global_colors_info=&#8221;{}&#8221;][et_pb_column type=&#8221;3_4&#8243; _builder_version=&#8221;4.16&#8243; custom_padding=&#8221;|||&#8221; global_colors_info=&#8221;{}&#8221; custom_padding__hover=&#8221;|||&#8221;][et_pb_text admin_label=&#8221;Tekst&#8221; _builder_version=&#8221;4.16&#8243; background_size=&#8221;initial&#8221; background_position=&#8221;top_left&#8221; background_repeat=&#8221;repeat&#8221; use_border_color=&#8221;off&#8221; border_style=&#8221;solid&#8221; global_colors_info=&#8221;{}&#8221;]<\/p>\n<h1><strong>1+1 Textil &amp; Design Webshop<\/strong><\/h1>\n<h2>Jeg har designet flere 1+1 Design kollektioner i puder, tasker, tilbeh\u00f8r og t\u00f8rkl\u00e6der.<\/h2>\n<h2><span style=\"text-decoration: underline;\"><a href=\"https:\/\/www.1x1textil.dk\/webshop\/\">Se vores webshop her<\/a><\/span><\/h2>\n<p>[\/et_pb_text][\/et_pb_column][et_pb_column type=&#8221;1_4&#8243; _builder_version=&#8221;4.16&#8243; custom_padding=&#8221;|||&#8221; global_colors_info=&#8221;{}&#8221; custom_padding__hover=&#8221;|||&#8221;][et_pb_image src=&#8221;https:\/\/1x1design.dk\/1x1design\/wp-content\/uploads\/2019\/08\/978ec9dd-a44d-40c0-bd0d-6c2d6d662f84.jpg&#8221; align_tablet=&#8221;center&#8221; align_phone=&#8221;&#8221; align_last_edited=&#8221;on|desktop&#8221; admin_label=&#8221;Billede&#8221; _builder_version=&#8221;4.27.5&#8243; animation_style=&#8221;slide&#8221; animation_direction=&#8221;left&#8221; animation_duration=&#8221;500ms&#8221; animation_intensity_slide=&#8221;10%&#8221; use_border_color=&#8221;off&#8221; border_color=&#8221;#ffffff&#8221; border_width=&#8221;1px&#8221; border_style=&#8221;solid&#8221; sticky=&#8221;off&#8221; always_center_on_mobile=&#8221;on&#8221; global_colors_info=&#8221;{}&#8221;] [\/et_pb_image][\/et_pb_column][\/et_pb_row][\/et_pb_section][et_pb_section fb_built=&#8221;1&#8243; admin_label=&#8221;Sektion&#8221; _builder_version=&#8221;4.27.5&#8243; custom_margin=&#8221;0px||||false|false&#8221; custom_padding=&#8221;0px||||false|false&#8221; transparent_background=&#8221;off&#8221; make_fullwidth=&#8221;off&#8221; use_custom_width=&#8221;off&#8221; width_unit=&#8221;off&#8221; custom_width_px=&#8221;1080px&#8221; custom_width_percent=&#8221;80%&#8221; global_colors_info=&#8221;{}&#8221;][et_pb_row _builder_version=&#8221;4.27.5&#8243; _module_preset=&#8221;default&#8221; width=&#8221;90%&#8221; max_width=&#8221;none&#8221; global_colors_info=&#8221;{}&#8221;][et_pb_column type=&#8221;4_4&#8243; _builder_version=&#8221;4.27.5&#8243; _module_preset=&#8221;default&#8221; global_colors_info=&#8221;{}&#8221;][et_pb_text _builder_version=&#8221;4.27.5&#8243; _module_preset=&#8221;default&#8221; width=&#8221;38%&#8221; global_colors_info=&#8221;{}&#8221;]<\/p>\n<h2><strong>1+1 Design kollektionen<\/strong><\/h2>\n<h4>Her finder du alle mine tekstile og v\u00e6vede produktkollektioner for 1+1 Design. L\u00e6s mere under hver kollektion.<\/h4>\n<p>[\/et_pb_text][\/et_pb_column][\/et_pb_row][et_pb_row column_structure=&#8221;1_3,1_3,1_3&#8243; use_custom_gutter=&#8221;on&#8221; gutter_width=&#8221;3&#8243; _builder_version=&#8221;4.27.5&#8243; _module_preset=&#8221;default&#8221; width=&#8221;90%&#8221; max_width=&#8221;none&#8221; border_width_top=&#8221;1px&#8221; global_colors_info=&#8221;{}&#8221;][et_pb_column type=&#8221;1_3&#8243; _builder_version=&#8221;4.27.5&#8243; _module_preset=&#8221;default&#8221; global_colors_info=&#8221;{}&#8221;][et_pb_blurb title=&#8221;1+1 Design &#8211; Pudekollektioner&#8221; url=&#8221;https:\/\/1x1design.dk\/1x1design\/11-design-pudekollektion\/&#8221; image=&#8221;https:\/\/1x1design.dk\/1x1design\/wp-content\/uploads\/2026\/03\/IMG_9302-1024&#215;1024.jpeg&#8221; _builder_version=&#8221;4.27.5&#8243; _module_preset=&#8221;default&#8221; link_option_url=&#8221;https:\/\/1x1design.dk\/1x1design\/11-design-pudekollektion\/&#8221; global_colors_info=&#8221;{}&#8221;][\/et_pb_blurb][et_pb_blurb title=&#8221;1+1 Design &#8211; Kaffe\/Thevarmere&#8221; url=&#8221;https:\/\/1x1design.dk\/1x1design\/kaffe-the-varmere\/&#8221; image=&#8221;https:\/\/1x1design.dk\/1x1design\/wp-content\/uploads\/2026\/03\/IMG_9761-scaled.jpeg&#8221; _builder_version=&#8221;4.27.5&#8243; _module_preset=&#8221;default&#8221; link_option_url=&#8221;https:\/\/1x1design.dk\/1x1design\/kaffe-the-varmere\/&#8221; global_colors_info=&#8221;{}&#8221;][\/et_pb_blurb][et_pb_blurb title=&#8221;1+1 Design &#8211; Lys&#8221; url=&#8221;https:\/\/1x1design.dk\/1x1design\/11-design-lys-kollektion\/&#8221; image=&#8221;https:\/\/www.1x1textil.dk\/wp-content\/uploads\/2025\/11\/img_8545-400&#215;400.jpeg&#8221; _builder_version=&#8221;4.27.5&#8243; _module_preset=&#8221;default&#8221; link_option_url=&#8221;https:\/\/1x1design.dk\/1x1design\/11-design-lys-kollektion\/&#8221; global_colors_info=&#8221;{}&#8221;][\/et_pb_blurb][\/et_pb_column][et_pb_column type=&#8221;1_3&#8243; _builder_version=&#8221;4.27.5&#8243; _module_preset=&#8221;default&#8221; global_colors_info=&#8221;{}&#8221;][et_pb_blurb title=&#8221;1+1 Design &#8211; Tasker&#8221; url=&#8221;https:\/\/1x1design.dk\/1x1design\/tasker\/&#8221; image=&#8221;https:\/\/1x1design.dk\/1x1design\/wp-content\/uploads\/2022\/06\/roed-2-scaled.jpg&#8221; image_icon_width=&#8221;100%&#8221; _builder_version=&#8221;4.27.5&#8243; _module_preset=&#8221;default&#8221; link_option_url=&#8221;https:\/\/1x1design.dk\/1x1design\/tasker\/&#8221; global_colors_info=&#8221;{}&#8221;][\/et_pb_blurb][et_pb_blurb title=&#8221;1+1 Design &#8211; PC cover og mobil cover&#8221; url=&#8221;https:\/\/1x1design.dk\/1x1design\/pc-cover-og-mobil-cover\/&#8221; image=&#8221;https:\/\/www.1x1textil.dk\/wp-content\/uploads\/2025\/06\/img_3510-scaled.jpeg&#8221; _builder_version=&#8221;4.27.5&#8243; _module_preset=&#8221;default&#8221; link_option_url=&#8221;https:\/\/1x1design.dk\/1x1design\/pc-cover-og-mobil-cover\/&#8221; global_colors_info=&#8221;{}&#8221;][\/et_pb_blurb][et_pb_blurb title=&#8221;1+1 Design &#8211; Poncho&#8221; url=&#8221;https:\/\/1x1design.dk\/1x1design\/11-design-poncho\/&#8221; image=&#8221;https:\/\/1x1design.dk\/1x1design\/wp-content\/uploads\/2026\/03\/IMG_0625-scaled.jpeg&#8221; _builder_version=&#8221;4.27.5&#8243; _module_preset=&#8221;default&#8221; link_option_url=&#8221;https:\/\/1x1design.dk\/1x1design\/11-design-poncho\/&#8221; global_colors_info=&#8221;{}&#8221;][\/et_pb_blurb][\/et_pb_column][et_pb_column type=&#8221;1_3&#8243; _builder_version=&#8221;4.27.5&#8243; _module_preset=&#8221;default&#8221; global_colors_info=&#8221;{}&#8221;][et_pb_blurb title=&#8221;1+1 Design &#8211; T\u00f8rkl\u00e6der&#8221; url=&#8221;https:\/\/1x1design.dk\/1x1design\/toerklaeder\/&#8221; image=&#8221;https:\/\/www.1x1textil.dk\/wp-content\/uploads\/2021\/01\/IMG_9957-1-scaled.jpg&#8221; _builder_version=&#8221;4.27.5&#8243; _module_preset=&#8221;default&#8221; link_option_url=&#8221;https:\/\/1x1design.dk\/1x1design\/toerklaeder\/&#8221; global_colors_info=&#8221;{}&#8221;][\/et_pb_blurb][et_pb_blurb title=&#8221;1+1 Design &#8211; Penalhuse og clutch&#8221; url=&#8221;https:\/\/1x1design.dk\/1x1design\/penalhuse\/&#8221; image=&#8221;https:\/\/1x1design.dk\/1x1design\/wp-content\/uploads\/2026\/03\/IMG_9569-scaled-e1773408010831.jpeg&#8221; _builder_version=&#8221;4.27.5&#8243; _module_preset=&#8221;default&#8221; link_option_url=&#8221;https:\/\/1x1design.dk\/1x1design\/penalhuse\/&#8221; global_colors_info=&#8221;{}&#8221;][\/et_pb_blurb][et_pb_blurb title=&#8221;1+1 Design &#8211; V\u00e6goph\u00e6ng&#8221; url=&#8221;https:\/\/1x1design.dk\/1x1design\/11-design-vaegophaeng\/&#8221; image=&#8221;https:\/\/www.1x1textil.dk\/wp-content\/uploads\/2022\/11\/IMG_9249-scaled-400&#215;400.jpg&#8221; _builder_version=&#8221;4.27.5&#8243; _module_preset=&#8221;default&#8221; link_option_url=&#8221;https:\/\/1x1design.dk\/1x1design\/11-design-vaegophaeng\/&#8221; global_colors_info=&#8221;{}&#8221;][\/et_pb_blurb][\/et_pb_column][\/et_pb_row][et_pb_row admin_label=&#8221;R\u00e6kke&#8221; _builder_version=&#8221;4.27.5&#8243; background_size=&#8221;initial&#8221; background_position=&#8221;top_left&#8221; background_repeat=&#8221;repeat&#8221; width=&#8221;90%&#8221; max_width=&#8221;none&#8221; make_fullwidth=&#8221;off&#8221; use_custom_width=&#8221;off&#8221; width_unit=&#8221;off&#8221; custom_width_px=&#8221;1080px&#8221; custom_width_percent=&#8221;80%&#8221; global_colors_info=&#8221;{}&#8221;][et_pb_column type=&#8221;4_4&#8243; _builder_version=&#8221;4.16&#8243; custom_padding=&#8221;|||&#8221; global_colors_info=&#8221;{}&#8221; custom_padding__hover=&#8221;|||&#8221;][et_pb_text admin_label=&#8221;Tekst&#8221; _builder_version=&#8221;4.27.5&#8243; background_size=&#8221;initial&#8221; background_position=&#8221;top_left&#8221; background_repeat=&#8221;repeat&#8221; use_border_color=&#8221;off&#8221; border_style=&#8221;solid&#8221; global_colors_info=&#8221;{}&#8221;]<\/p>\n<h1><strong>Mit v\u00e6vede tekstil &#8211; Kvadrat\u00a0<\/strong><\/h1>\n<h2>Jeg har designet og udviklet mine v\u00e6vede tekstiler til 1+1 Design kollektionen. Kvadrat har produceret tekstilet i mange flotte v\u00e6vede farvekombinationer.<\/h2>\n<h2><span style=\"text-decoration: underline;\"><a href=\"https:\/\/www.kvadrat.dk\/en\/designers\/helene-vonsild\">Se mere under designere p\u00e5 Kvadrats hjemmeside<\/a><a href=\"https:\/\/www.1x1textil.dk\/webshop\/\"><\/a><\/span><\/h2>\n<p>[\/et_pb_text][\/et_pb_column][\/et_pb_row][et_pb_row column_structure=&#8221;1_2,1_2&#8243; _builder_version=&#8221;4.27.5&#8243; _module_preset=&#8221;default&#8221; width=&#8221;90%&#8221; max_width=&#8221;none&#8221; global_colors_info=&#8221;{}&#8221;][et_pb_column type=&#8221;1_2&#8243; _builder_version=&#8221;4.27.5&#8243; _module_preset=&#8221;default&#8221; global_colors_info=&#8221;{}&#8221;][et_pb_image src=&#8221;https:\/\/1x1design.dk\/1x1design\/wp-content\/uploads\/2026\/03\/IMG_9258-scaled.jpeg&#8221; title_text=&#8221;IMG_9258&#8243; _builder_version=&#8221;4.27.5&#8243; _module_preset=&#8221;default&#8221; global_colors_info=&#8221;{}&#8221;][\/et_pb_image][\/et_pb_column][et_pb_column type=&#8221;1_2&#8243; _builder_version=&#8221;4.27.5&#8243; _module_preset=&#8221;default&#8221; global_colors_info=&#8221;{}&#8221;][et_pb_image src=&#8221;https:\/\/1x1design.dk\/1x1design\/wp-content\/uploads\/2026\/03\/IMG_9197-scaled.jpeg&#8221; title_text=&#8221;IMG_9197&#8243; _builder_version=&#8221;4.27.5&#8243; _module_preset=&#8221;default&#8221; global_colors_info=&#8221;{}&#8221;][\/et_pb_image][\/et_pb_column][\/et_pb_row][\/et_pb_section]<\/p>\n","protected":false},"excerpt":{"rendered":"<p>1+1 Design &#8211; Kollektioner1+1 Textil &amp; Design Webshop Jeg har designet flere 1+1 Design kollektioner i puder, tasker, tilbeh\u00f8r og t\u00f8rkl\u00e6der. Se vores webshop her 1+1 Design kollektionen Her finder du alle mine tekstile og v\u00e6vede produktkollektioner for 1+1 Design. L\u00e6s mere under hver kollektion.Mit v\u00e6vede tekstil &#8211; Kvadrat\u00a0 Jeg har designet og udviklet mine v\u00e6vede tekstiler til 1+1 Design kollektionen. Kvadrat har produceret tekstilet i mange flotte v\u00e6vede farvekombinationer. Se mere under designere p\u00e5 Kvadrats hjemmeside<\/p>\n","protected":false},"author":1,"featured_media":0,"parent":0,"menu_order":0,"comment_status":"closed","ping_status":"closed","template":"","meta":{"_et_pb_use_builder":"on","_et_pb_old_content":"","_et_gb_content_width":"","footnotes":""},"class_list":["post-10","page","type-page","status-publish","hentry"],"yoast_head":"<!-- This site is optimized with the Yoast SEO plugin v27.3 - https:\/\/yoast.com\/product\/yoast-seo-wordpress\/ -->\n<title>Kollektioner | 1+1 Design<\/title>\n<meta name=\"robots\" content=\"index, follow, max-snippet:-1, max-image-preview:large, max-video-preview:-1\" \/>\n<link rel=\"canonical\" href=\"https:\/\/1x1design.dk\/1x1design\/kollektioner\/\" \/>\n<meta property=\"og:locale\" content=\"da_DK\" \/>\n<meta property=\"og:type\" content=\"article\" \/>\n<meta property=\"og:title\" content=\"Kollektioner | 1+1 Design\" \/>\n<meta property=\"og:description\" content=\"1+1 Design - Kollektioner1+1 Textil &amp; Design Webshop Jeg har designet flere 1+1 Design kollektioner i puder, tasker, tilbeh\u00f8r og t\u00f8rkl\u00e6der. Se vores webshop her 1+1 Design kollektionen Her finder du alle mine tekstile og v\u00e6vede produktkollektioner for 1+1 Design. L\u00e6s mere under hver kollektion.Mit v\u00e6vede tekstil - Kvadrat\u00a0 Jeg har designet og udviklet mine v\u00e6vede tekstiler til 1+1 Design kollektionen. Kvadrat har produceret tekstilet i mange flotte v\u00e6vede farvekombinationer. Se mere under designere p\u00e5 Kvadrats hjemmeside\" \/>\n<meta property=\"og:url\" content=\"https:\/\/1x1design.dk\/1x1design\/kollektioner\/\" \/>\n<meta property=\"og:site_name\" content=\"1+1 Design\" \/>\n<meta property=\"article:modified_time\" content=\"2026-03-13T17:28:22+00:00\" \/>\n<meta name=\"twitter:label1\" content=\"Estimeret l\u00e6setid\" \/>\n\t<meta name=\"twitter:data1\" content=\"1 minut\" \/>\n<script type=\"application\/ld+json\" class=\"yoast-schema-graph\">{\"@context\":\"https:\\\/\\\/schema.org\",\"@graph\":[{\"@type\":\"WebPage\",\"@id\":\"https:\\\/\\\/1x1design.dk\\\/1x1design\\\/kollektioner\\\/\",\"url\":\"https:\\\/\\\/1x1design.dk\\\/1x1design\\\/kollektioner\\\/\",\"name\":\"Kollektioner | 1+1 Design\",\"isPartOf\":{\"@id\":\"https:\\\/\\\/1x1design.dk\\\/1x1design\\\/#website\"},\"datePublished\":\"2014-09-19T14:39:54+00:00\",\"dateModified\":\"2026-03-13T17:28:22+00:00\",\"breadcrumb\":{\"@id\":\"https:\\\/\\\/1x1design.dk\\\/1x1design\\\/kollektioner\\\/#breadcrumb\"},\"inLanguage\":\"da-DK\",\"potentialAction\":[{\"@type\":\"ReadAction\",\"target\":[\"https:\\\/\\\/1x1design.dk\\\/1x1design\\\/kollektioner\\\/\"]}]},{\"@type\":\"BreadcrumbList\",\"@id\":\"https:\\\/\\\/1x1design.dk\\\/1x1design\\\/kollektioner\\\/#breadcrumb\",\"itemListElement\":[{\"@type\":\"ListItem\",\"position\":1,\"name\":\"Hjem\",\"item\":\"https:\\\/\\\/1x1design.dk\\\/1x1design\\\/\"},{\"@type\":\"ListItem\",\"position\":2,\"name\":\"Kollektioner\"}]},{\"@type\":\"WebSite\",\"@id\":\"https:\\\/\\\/1x1design.dk\\\/1x1design\\\/#website\",\"url\":\"https:\\\/\\\/1x1design.dk\\\/1x1design\\\/\",\"name\":\"1+1 Design\",\"description\":\"Puder og textildesign\",\"potentialAction\":[{\"@type\":\"SearchAction\",\"target\":{\"@type\":\"EntryPoint\",\"urlTemplate\":\"https:\\\/\\\/1x1design.dk\\\/1x1design\\\/?s={search_term_string}\"},\"query-input\":{\"@type\":\"PropertyValueSpecification\",\"valueRequired\":true,\"valueName\":\"search_term_string\"}}],\"inLanguage\":\"da-DK\"}]}<\/script>\n<!-- \/ Yoast SEO plugin. -->","yoast_head_json":{"title":"Kollektioner | 1+1 Design","robots":{"index":"index","follow":"follow","max-snippet":"max-snippet:-1","max-image-preview":"max-image-preview:large","max-video-preview":"max-video-preview:-1"},"canonical":"https:\/\/1x1design.dk\/1x1design\/kollektioner\/","og_locale":"da_DK","og_type":"article","og_title":"Kollektioner | 1+1 Design","og_description":"1+1 Design - Kollektioner1+1 Textil &amp; Design Webshop Jeg har designet flere 1+1 Design kollektioner i puder, tasker, tilbeh\u00f8r og t\u00f8rkl\u00e6der. Se vores webshop her 1+1 Design kollektionen Her finder du alle mine tekstile og v\u00e6vede produktkollektioner for 1+1 Design. L\u00e6s mere under hver kollektion.Mit v\u00e6vede tekstil - Kvadrat\u00a0 Jeg har designet og udviklet mine v\u00e6vede tekstiler til 1+1 Design kollektionen. Kvadrat har produceret tekstilet i mange flotte v\u00e6vede farvekombinationer. Se mere under designere p\u00e5 Kvadrats hjemmeside","og_url":"https:\/\/1x1design.dk\/1x1design\/kollektioner\/","og_site_name":"1+1 Design","article_modified_time":"2026-03-13T17:28:22+00:00","twitter_misc":{"Estimeret l\u00e6setid":"1 minut"},"schema":{"@context":"https:\/\/schema.org","@graph":[{"@type":"WebPage","@id":"https:\/\/1x1design.dk\/1x1design\/kollektioner\/","url":"https:\/\/1x1design.dk\/1x1design\/kollektioner\/","name":"Kollektioner | 1+1 Design","isPartOf":{"@id":"https:\/\/1x1design.dk\/1x1design\/#website"},"datePublished":"2014-09-19T14:39:54+00:00","dateModified":"2026-03-13T17:28:22+00:00","breadcrumb":{"@id":"https:\/\/1x1design.dk\/1x1design\/kollektioner\/#breadcrumb"},"inLanguage":"da-DK","potentialAction":[{"@type":"ReadAction","target":["https:\/\/1x1design.dk\/1x1design\/kollektioner\/"]}]},{"@type":"BreadcrumbList","@id":"https:\/\/1x1design.dk\/1x1design\/kollektioner\/#breadcrumb","itemListElement":[{"@type":"ListItem","position":1,"name":"Hjem","item":"https:\/\/1x1design.dk\/1x1design\/"},{"@type":"ListItem","position":2,"name":"Kollektioner"}]},{"@type":"WebSite","@id":"https:\/\/1x1design.dk\/1x1design\/#website","url":"https:\/\/1x1design.dk\/1x1design\/","name":"1+1 Design","description":"Puder og textildesign","potentialAction":[{"@type":"SearchAction","target":{"@type":"EntryPoint","urlTemplate":"https:\/\/1x1design.dk\/1x1design\/?s={search_term_string}"},"query-input":{"@type":"PropertyValueSpecification","valueRequired":true,"valueName":"search_term_string"}}],"inLanguage":"da-DK"}]}},"_links":{"self":[{"href":"https:\/\/1x1design.dk\/1x1design\/wp-json\/wp\/v2\/pages\/10","targetHints":{"allow":["GET"]}}],"collection":[{"href":"https:\/\/1x1design.dk\/1x1design\/wp-json\/wp\/v2\/pages"}],"about":[{"href":"https:\/\/1x1design.dk\/1x1design\/wp-json\/wp\/v2\/types\/page"}],"author":[{"embeddable":true,"href":"https:\/\/1x1design.dk\/1x1design\/wp-json\/wp\/v2\/users\/1"}],"replies":[{"embeddable":true,"href":"https:\/\/1x1design.dk\/1x1design\/wp-json\/wp\/v2\/comments?post=10"}],"version-history":[{"count":53,"href":"https:\/\/1x1design.dk\/1x1design\/wp-json\/wp\/v2\/pages\/10\/revisions"}],"predecessor-version":[{"id":6826,"href":"https:\/\/1x1design.dk\/1x1design\/wp-json\/wp\/v2\/pages\/10\/revisions\/6826"}],"wp:attachment":[{"href":"https:\/\/1x1design.dk\/1x1design\/wp-json\/wp\/v2\/media?parent=10"}],"curies":[{"name":"wp","href":"https:\/\/api.w.org\/{rel}","templated":true}]}}