{"id":267,"date":"2014-10-13T09:53:20","date_gmt":"2014-10-13T09:53:20","guid":{"rendered":"http:\/\/7101.linux13.testsider.dk\/1x1design\/?page_id=267"},"modified":"2021-05-20T14:42:41","modified_gmt":"2021-05-20T14:42:41","slug":"contact","status":"publish","type":"page","link":"https:\/\/1x1design.dk\/1x1design\/kontakt\/english-2\/contact\/","title":{"rendered":"Contact"},"content":{"rendered":"<p>[et_pb_section fb_built=&#8221;1&#8243; admin_label=&#8221;Sektion&#8221; _builder_version=&#8221;3.22&#8243; background_image=&#8221;http:\/\/1x1design.dk\/1x1design\/wp-content\/uploads\/2016\/03\/12-P5280137.jpg&#8221; transparent_background=&#8221;off&#8221; make_fullwidth=&#8221;off&#8221; use_custom_width=&#8221;off&#8221; width_unit=&#8221;on&#8221;][et_pb_row admin_label=&#8221;R\u00e6kke&#8221; _builder_version=&#8221;3.25&#8243; background_size=&#8221;initial&#8221; background_position=&#8221;top_left&#8221; background_repeat=&#8221;repeat&#8221;][et_pb_column type=&#8221;4_4&#8243; _builder_version=&#8221;3.25&#8243; custom_padding=&#8221;|||&#8221; custom_padding__hover=&#8221;|||&#8221;][\/et_pb_column][\/et_pb_row][\/et_pb_section][et_pb_section fb_built=&#8221;1&#8243; admin_label=&#8221;section&#8221; _builder_version=&#8221;3.22&#8243;][et_pb_row admin_label=&#8221;row&#8221; _builder_version=&#8221;3.25&#8243; background_size=&#8221;initial&#8221; background_position=&#8221;top_left&#8221; background_repeat=&#8221;repeat&#8221;][et_pb_column type=&#8221;4_4&#8243; _builder_version=&#8221;3.25&#8243; custom_padding=&#8221;|||&#8221; custom_padding__hover=&#8221;|||&#8221;][et_pb_text admin_label=&#8221;Tekst&#8221; _builder_version=&#8221;4.8.1&#8243; background_size=&#8221;initial&#8221; background_position=&#8221;top_left&#8221; background_repeat=&#8221;repeat&#8221; hover_enabled=&#8221;0&#8243; use_border_color=&#8221;off&#8221; border_color=&#8221;#ffffff&#8221; border_style=&#8221;solid&#8221; sticky_enabled=&#8221;0&#8243;]<\/p>\n<p>[row]<br \/>[column lg=&#8221;4&#8243; md=&#8221;12&#8243; sm=&#8221;12&#8243; xs=&#8221;12&#8243; ]<br \/><img loading=\"lazy\" decoding=\"async\" class=\"wp-image-5344 aligncenter size-medium\" src=\"http:\/\/1x1design.dk\/1x1design\/wp-content\/uploads\/2021\/03\/DSC4631-1024x680-1-300x199.jpg\" alt=\"\" width=\"300\" height=\"199\" \/><\/p>\n<p>Interior designer, decorator and textile designer.<\/p>\n<p>[\/column]<br \/>[column lg=&#8221;2&#8243; md=&#8221;12&#8243; sm=&#8221;12&#8243; xs=&#8221;12&#8243; ]<br \/><strong>1+1 Design<br \/><\/strong>Gr\u00f8nnegade 41<br \/>8000 \u00c5rhus C<\/p>\n<p>Phone: +45 70 20 10 41<br \/>Mobile: +45 40 38 38 60<br \/><a href=\"mailto:1x1@1x1design.dk\">1&#215;1@1x1design.dk<\/a><\/p>\n<p>&nbsp;<\/p>\n<p><strong><span class=\"header\">Showroom og butik:<\/span><\/strong><br \/>1+1 Textil<br \/>Gr\u00f8nnegade 41<br \/>8000 \u00c5rhus C<br \/>Phone: +45 70 20 10 42<br \/><a href=\"http:\/\/www.1x1textil.dk\/\" target=\"_blank\" rel=\"noopener\">www.1x1textil.dk<\/a><\/p>\n<p>[\/column]<\/p>\n<p>[column lg=&#8221;6&#8243; md=&#8221;12&#8243; sm=&#8221;12&#8243; xs=&#8221;12&#8243; ]<br \/><iframe loading=\"lazy\" style=\"border: 0;\" src=\"https:\/\/www.google.com\/maps\/embed?pb=!1m18!1m12!1m3!1d2221.95526950833!2d10.202647999999988!3d56.157877999999975!2m3!1f0!2f0!3f0!3m2!1i1024!2i768!4f13.1!3m3!1m2!1s0x464c3f9485c3f4a9%3A0x8a3073d5805198cf!2s1%2B1+textil!5e0!3m2!1sda!2sdk!4v1412160734503\" width=\"600\" height=\"450\" frameborder=\"0\"><\/iframe><br \/>[\/column]<br \/>[\/row]<\/p>\n<p>[\/et_pb_text][\/et_pb_column][\/et_pb_row][\/et_pb_section]<\/p>\n","protected":false},"excerpt":{"rendered":"<p>[row][column lg=&#8221;4&#8243; md=&#8221;12&#8243; sm=&#8221;12&#8243; xs=&#8221;12&#8243; ] Interior designer, decorator and textile designer. [\/column][column lg=&#8221;2&#8243; md=&#8221;12&#8243; sm=&#8221;12&#8243; xs=&#8221;12&#8243; ]1+1 DesignGr\u00f8nnegade 418000 \u00c5rhus C Phone: +45 70 20 10 41Mobile: +45 40 38 38 601&#215;1@1x1design.dk &nbsp; Showroom og butik:1+1 TextilGr\u00f8nnegade 418000 \u00c5rhus CPhone: +45 70 20 10 42www.1x1textil.dk [\/column] [column lg=&#8221;6&#8243; md=&#8221;12&#8243; sm=&#8221;12&#8243; xs=&#8221;12&#8243; ][\/column][\/row]<\/p>\n","protected":false},"author":1,"featured_media":0,"parent":4256,"menu_order":0,"comment_status":"closed","ping_status":"closed","template":"","meta":{"_et_pb_use_builder":"on","_et_pb_old_content":"<p>[row]<br \/> [column lg=\"4\" md=\"12\" sm=\"12\" xs=\"12\" ]<br \/> <img class=\"wp-image-369 alignright\" src=\"http:\/\/7101.linux13.testsider.dk\/1x1design\/wp-content\/uploads\/2014\/10\/helene-vonsild-3.jpg\" alt=\"\" width=\"265\" height=\"251\" \/><\/p><p>\u00a0<\/p><p>\u00a0<\/p><p>Interior designer, decorator and textile designer.<\/p><p>[\/column]<br \/> [column lg=\"2\" md=\"12\" sm=\"12\" xs=\"12\" ]<br \/> <strong>1+1 Design<br \/> <\/strong>Gr\u00f8nnegade 41<br \/> 8000 \u00c5rhus C<\/p><p>Phone: +45 70 20 10 41<br \/> Mobile: +45 40 38 38 60<br \/> <a href=\"mailto:1x1@1x1design.dk\">1x1@1x1design.dk<\/a><\/p><p>\u00a0<\/p><p><strong><span class=\"header\">Showroom og butik:<\/span><\/strong><br \/> 1+1 Textil<br \/> Gr\u00f8nnegade 41<br \/> 8000 \u00c5rhus C<br \/> Phone: +45 70 20 10 42<br \/> <a href=\"http:\/\/www.1x1textil.dk\/\" target=\"_blank\">www.1x1textil.dk<\/a><\/p><p>[\/column]<\/p><p>[column lg=\"6\" md=\"12\" sm=\"12\" xs=\"12\" ]<br \/> <iframe style=\"border: 0;\" src=\"https:\/\/www.google.com\/maps\/embed?pb=!1m18!1m12!1m3!1d2221.95526950833!2d10.202647999999988!3d56.157877999999975!2m3!1f0!2f0!3f0!3m2!1i1024!2i768!4f13.1!3m3!1m2!1s0x464c3f9485c3f4a9%3A0x8a3073d5805198cf!2s1%2B1+textil!5e0!3m2!1sda!2sdk!4v1412160734503\" width=\"600\" height=\"450\" frameborder=\"0\"><\/iframe><br \/> [\/column]<br \/> [\/row]<\/p>","_et_gb_content_width":"","footnotes":""},"class_list":["post-267","page","type-page","status-publish","hentry"],"yoast_head":"<!-- This site is optimized with the Yoast SEO plugin v27.3 - https:\/\/yoast.com\/product\/yoast-seo-wordpress\/ -->\n<title>Contact | 1+1 Design<\/title>\n<meta name=\"robots\" content=\"index, follow, max-snippet:-1, max-image-preview:large, max-video-preview:-1\" \/>\n<link rel=\"canonical\" href=\"https:\/\/1x1design.dk\/1x1design\/kontakt\/english-2\/contact\/\" \/>\n<meta property=\"og:locale\" content=\"da_DK\" \/>\n<meta property=\"og:type\" content=\"article\" \/>\n<meta property=\"og:title\" content=\"Contact | 1+1 Design\" \/>\n<meta property=\"og:description\" content=\"[row][column lg=&quot;4&quot; md=&quot;12&quot; sm=&quot;12&quot; xs=&quot;12&quot; ] Interior designer, decorator and textile designer. [\/column][column lg=&quot;2&quot; md=&quot;12&quot; sm=&quot;12&quot; xs=&quot;12&quot; ]1+1 DesignGr\u00f8nnegade 418000 \u00c5rhus C Phone: +45 70 20 10 41Mobile: +45 40 38 38 601x1@1x1design.dk &nbsp; Showroom og butik:1+1 TextilGr\u00f8nnegade 418000 \u00c5rhus CPhone: +45 70 20 10 42www.1x1textil.dk [\/column] [column lg=&quot;6&quot; md=&quot;12&quot; sm=&quot;12&quot; xs=&quot;12&quot; ][\/column][\/row]\" \/>\n<meta property=\"og:url\" content=\"https:\/\/1x1design.dk\/1x1design\/kontakt\/english-2\/contact\/\" \/>\n<meta property=\"og:site_name\" content=\"1+1 Design\" \/>\n<meta property=\"article:modified_time\" content=\"2021-05-20T14:42:41+00:00\" \/>\n<meta property=\"og:image\" content=\"http:\/\/1x1design.dk\/1x1design\/wp-content\/uploads\/2021\/03\/DSC4631-1024x680-1-300x199.jpg\" \/>\n<meta name=\"twitter:label1\" content=\"Estimeret l\u00e6setid\" \/>\n\t<meta name=\"twitter:data1\" content=\"1 minut\" \/>\n<script type=\"application\/ld+json\" class=\"yoast-schema-graph\">{\"@context\":\"https:\\\/\\\/schema.org\",\"@graph\":[{\"@type\":\"WebPage\",\"@id\":\"https:\\\/\\\/1x1design.dk\\\/1x1design\\\/kontakt\\\/english-2\\\/contact\\\/\",\"url\":\"https:\\\/\\\/1x1design.dk\\\/1x1design\\\/kontakt\\\/english-2\\\/contact\\\/\",\"name\":\"Contact | 1+1 Design\",\"isPartOf\":{\"@id\":\"https:\\\/\\\/1x1design.dk\\\/1x1design\\\/#website\"},\"primaryImageOfPage\":{\"@id\":\"https:\\\/\\\/1x1design.dk\\\/1x1design\\\/kontakt\\\/english-2\\\/contact\\\/#primaryimage\"},\"image\":{\"@id\":\"https:\\\/\\\/1x1design.dk\\\/1x1design\\\/kontakt\\\/english-2\\\/contact\\\/#primaryimage\"},\"thumbnailUrl\":\"http:\\\/\\\/1x1design.dk\\\/1x1design\\\/wp-content\\\/uploads\\\/2021\\\/03\\\/DSC4631-1024x680-1-300x199.jpg\",\"datePublished\":\"2014-10-13T09:53:20+00:00\",\"dateModified\":\"2021-05-20T14:42:41+00:00\",\"breadcrumb\":{\"@id\":\"https:\\\/\\\/1x1design.dk\\\/1x1design\\\/kontakt\\\/english-2\\\/contact\\\/#breadcrumb\"},\"inLanguage\":\"da-DK\",\"potentialAction\":[{\"@type\":\"ReadAction\",\"target\":[\"https:\\\/\\\/1x1design.dk\\\/1x1design\\\/kontakt\\\/english-2\\\/contact\\\/\"]}]},{\"@type\":\"ImageObject\",\"inLanguage\":\"da-DK\",\"@id\":\"https:\\\/\\\/1x1design.dk\\\/1x1design\\\/kontakt\\\/english-2\\\/contact\\\/#primaryimage\",\"url\":\"https:\\\/\\\/1x1design.dk\\\/1x1design\\\/wp-content\\\/uploads\\\/2021\\\/03\\\/DSC4631-1024x680-1.jpg\",\"contentUrl\":\"https:\\\/\\\/1x1design.dk\\\/1x1design\\\/wp-content\\\/uploads\\\/2021\\\/03\\\/DSC4631-1024x680-1.jpg\",\"width\":1024,\"height\":680},{\"@type\":\"BreadcrumbList\",\"@id\":\"https:\\\/\\\/1x1design.dk\\\/1x1design\\\/kontakt\\\/english-2\\\/contact\\\/#breadcrumb\",\"itemListElement\":[{\"@type\":\"ListItem\",\"position\":1,\"name\":\"Hjem\",\"item\":\"https:\\\/\\\/1x1design.dk\\\/1x1design\\\/\"},{\"@type\":\"ListItem\",\"position\":2,\"name\":\"Kontakt\",\"item\":\"https:\\\/\\\/1x1design.dk\\\/1x1design\\\/kontakt\\\/\"},{\"@type\":\"ListItem\",\"position\":3,\"name\":\"English\",\"item\":\"https:\\\/\\\/1x1design.dk\\\/1x1design\\\/kontakt\\\/english-2\\\/\"},{\"@type\":\"ListItem\",\"position\":4,\"name\":\"Contact\"}]},{\"@type\":\"WebSite\",\"@id\":\"https:\\\/\\\/1x1design.dk\\\/1x1design\\\/#website\",\"url\":\"https:\\\/\\\/1x1design.dk\\\/1x1design\\\/\",\"name\":\"1+1 Design\",\"description\":\"Puder og textildesign\",\"potentialAction\":[{\"@type\":\"SearchAction\",\"target\":{\"@type\":\"EntryPoint\",\"urlTemplate\":\"https:\\\/\\\/1x1design.dk\\\/1x1design\\\/?s={search_term_string}\"},\"query-input\":{\"@type\":\"PropertyValueSpecification\",\"valueRequired\":true,\"valueName\":\"search_term_string\"}}],\"inLanguage\":\"da-DK\"}]}<\/script>\n<!-- \/ Yoast SEO plugin. -->","yoast_head_json":{"title":"Contact | 1+1 Design","robots":{"index":"index","follow":"follow","max-snippet":"max-snippet:-1","max-image-preview":"max-image-preview:large","max-video-preview":"max-video-preview:-1"},"canonical":"https:\/\/1x1design.dk\/1x1design\/kontakt\/english-2\/contact\/","og_locale":"da_DK","og_type":"article","og_title":"Contact | 1+1 Design","og_description":"[row][column lg=\"4\" md=\"12\" sm=\"12\" xs=\"12\" ] Interior designer, decorator and textile designer. [\/column][column lg=\"2\" md=\"12\" sm=\"12\" xs=\"12\" ]1+1 DesignGr\u00f8nnegade 418000 \u00c5rhus C Phone: +45 70 20 10 41Mobile: +45 40 38 38 601x1@1x1design.dk &nbsp; Showroom og butik:1+1 TextilGr\u00f8nnegade 418000 \u00c5rhus CPhone: +45 70 20 10 42www.1x1textil.dk [\/column] [column lg=\"6\" md=\"12\" sm=\"12\" xs=\"12\" ][\/column][\/row]","og_url":"https:\/\/1x1design.dk\/1x1design\/kontakt\/english-2\/contact\/","og_site_name":"1+1 Design","article_modified_time":"2021-05-20T14:42:41+00:00","og_image":[{"url":"http:\/\/1x1design.dk\/1x1design\/wp-content\/uploads\/2021\/03\/DSC4631-1024x680-1-300x199.jpg","type":"","width":"","height":""}],"twitter_misc":{"Estimeret l\u00e6setid":"1 minut"},"schema":{"@context":"https:\/\/schema.org","@graph":[{"@type":"WebPage","@id":"https:\/\/1x1design.dk\/1x1design\/kontakt\/english-2\/contact\/","url":"https:\/\/1x1design.dk\/1x1design\/kontakt\/english-2\/contact\/","name":"Contact | 1+1 Design","isPartOf":{"@id":"https:\/\/1x1design.dk\/1x1design\/#website"},"primaryImageOfPage":{"@id":"https:\/\/1x1design.dk\/1x1design\/kontakt\/english-2\/contact\/#primaryimage"},"image":{"@id":"https:\/\/1x1design.dk\/1x1design\/kontakt\/english-2\/contact\/#primaryimage"},"thumbnailUrl":"http:\/\/1x1design.dk\/1x1design\/wp-content\/uploads\/2021\/03\/DSC4631-1024x680-1-300x199.jpg","datePublished":"2014-10-13T09:53:20+00:00","dateModified":"2021-05-20T14:42:41+00:00","breadcrumb":{"@id":"https:\/\/1x1design.dk\/1x1design\/kontakt\/english-2\/contact\/#breadcrumb"},"inLanguage":"da-DK","potentialAction":[{"@type":"ReadAction","target":["https:\/\/1x1design.dk\/1x1design\/kontakt\/english-2\/contact\/"]}]},{"@type":"ImageObject","inLanguage":"da-DK","@id":"https:\/\/1x1design.dk\/1x1design\/kontakt\/english-2\/contact\/#primaryimage","url":"https:\/\/1x1design.dk\/1x1design\/wp-content\/uploads\/2021\/03\/DSC4631-1024x680-1.jpg","contentUrl":"https:\/\/1x1design.dk\/1x1design\/wp-content\/uploads\/2021\/03\/DSC4631-1024x680-1.jpg","width":1024,"height":680},{"@type":"BreadcrumbList","@id":"https:\/\/1x1design.dk\/1x1design\/kontakt\/english-2\/contact\/#breadcrumb","itemListElement":[{"@type":"ListItem","position":1,"name":"Hjem","item":"https:\/\/1x1design.dk\/1x1design\/"},{"@type":"ListItem","position":2,"name":"Kontakt","item":"https:\/\/1x1design.dk\/1x1design\/kontakt\/"},{"@type":"ListItem","position":3,"name":"English","item":"https:\/\/1x1design.dk\/1x1design\/kontakt\/english-2\/"},{"@type":"ListItem","position":4,"name":"Contact"}]},{"@type":"WebSite","@id":"https:\/\/1x1design.dk\/1x1design\/#website","url":"https:\/\/1x1design.dk\/1x1design\/","name":"1+1 Design","description":"Puder og textildesign","potentialAction":[{"@type":"SearchAction","target":{"@type":"EntryPoint","urlTemplate":"https:\/\/1x1design.dk\/1x1design\/?s={search_term_string}"},"query-input":{"@type":"PropertyValueSpecification","valueRequired":true,"valueName":"search_term_string"}}],"inLanguage":"da-DK"}]}},"_links":{"self":[{"href":"https:\/\/1x1design.dk\/1x1design\/wp-json\/wp\/v2\/pages\/267","targetHints":{"allow":["GET"]}}],"collection":[{"href":"https:\/\/1x1design.dk\/1x1design\/wp-json\/wp\/v2\/pages"}],"about":[{"href":"https:\/\/1x1design.dk\/1x1design\/wp-json\/wp\/v2\/types\/page"}],"author":[{"embeddable":true,"href":"https:\/\/1x1design.dk\/1x1design\/wp-json\/wp\/v2\/users\/1"}],"replies":[{"embeddable":true,"href":"https:\/\/1x1design.dk\/1x1design\/wp-json\/wp\/v2\/comments?post=267"}],"version-history":[{"count":15,"href":"https:\/\/1x1design.dk\/1x1design\/wp-json\/wp\/v2\/pages\/267\/revisions"}],"predecessor-version":[{"id":5666,"href":"https:\/\/1x1design.dk\/1x1design\/wp-json\/wp\/v2\/pages\/267\/revisions\/5666"}],"up":[{"embeddable":true,"href":"https:\/\/1x1design.dk\/1x1design\/wp-json\/wp\/v2\/pages\/4256"}],"wp:attachment":[{"href":"https:\/\/1x1design.dk\/1x1design\/wp-json\/wp\/v2\/media?parent=267"}],"curies":[{"name":"wp","href":"https:\/\/api.w.org\/{rel}","templated":true}]}}