{"id":4076,"date":"2018-09-07T13:54:31","date_gmt":"2018-09-07T13:54:31","guid":{"rendered":"http:\/\/1x1design.dk\/1x1design\/?page_id=4076"},"modified":"2022-06-08T12:35:33","modified_gmt":"2022-06-08T12:35:33","slug":"biennalen-for-kunsthaandvaerk-design-2011","status":"publish","type":"page","link":"https:\/\/1x1design.dk\/1x1design\/pude-oversigt\/biennalen-for-kunsthaandvaerk-design-2011\/","title":{"rendered":"Biennalen for Kunsth\u00e5ndv\u00e6rk &#038; Design 2011"},"content":{"rendered":"<p>[et_pb_section fb_built=&#8221;1&#8243; admin_label=&#8221;section&#8221; _builder_version=&#8221;3.22&#8243;][et_pb_row admin_label=&#8221;row&#8221; _builder_version=&#8221;3.25&#8243; background_size=&#8221;initial&#8221; background_position=&#8221;top_left&#8221; background_repeat=&#8221;repeat&#8221;][et_pb_column type=&#8221;4_4&#8243; _builder_version=&#8221;3.25&#8243; custom_padding=&#8221;|||&#8221; custom_padding__hover=&#8221;|||&#8221;][et_pb_text admin_label=&#8221;Text&#8221; _builder_version=&#8221;4.8.1&#8243; background_size=&#8221;initial&#8221; background_position=&#8221;top_left&#8221; background_repeat=&#8221;repeat&#8221; hover_enabled=&#8221;0&#8243; sticky_enabled=&#8221;0&#8243;]<\/p>\n<h2><span style=\"color: #333333;\"><a style=\"color: #333333;\" href=\"https:\/\/1x1design.dk\/1x1design\/unika-textil\/142-93a2500\/\" rel=\"attachment wp-att-439\"><strong>Running Meander<\/strong><\/a><\/span><\/h2>\n<p><strong>\u201c<\/strong><a href=\"https:\/\/www.biennalen.dk\/\">Biennalen for Kunsth\u00e5ndv\u00e6rk &amp; Design<\/a>\u00a0er en udstilling og konkurrence for alle professionelle ud\u00f8vere i Danmark.\u201d<\/p>\n<p><span class=\"s1\">Hvert andet \u00e5r siden 1995 har Biennalen sat fokus p\u00e5 det bedste af det nyeste inden for dansk kunsth\u00e5ndv\u00e6rk og design ved at vise v\u00e6rker af Danmarks mest funklende talenter, nye som etablerede, inden for feltet.<\/span><\/p>\n<p><span style=\"color: #333333;\">Den klassiske antikke meanderbort under moderne grafisk behandling. De ornamenterede b\u00e5nd i rette vinkler i lukkede forl\u00f8b er blevet brudt af nye \u00e5bninger. Som om den tyrkiske flod, ornamentet er opkaldt efter, endelig bryder sine d\u00e6mninger og flyder i nye retninger.<\/span><\/p>\n<p><em>In English<\/em><\/p>\n<h3><strong>About Biennalen<\/strong><\/h3>\n<p><em>The Biennale is an exhibition and a competition taking stock of Danish crafts and design today.<\/em><\/p>\n<p>The theme for that year was \u201cLiquid Life\u201d which embrace the opportunities the artics have on impacting the world and show new ways of life and community.<\/p>\n<h3><strong>Running Meander<\/strong><\/h3>\n<p><em>Running Meander<\/em> is the classic ancient meander frieze in modern graphic treatment. The ornamented band with the closed, right-angle pattern has been broken up with new openings: like the Turkish river from which the ornament takes its name, <em>Running Meander<\/em> finally breaks free and flows in new directions.<\/p>\n<p><a href=\"https:\/\/1x1design.dk\/1x1design\/unika-textil\/142-93a2500\/\" rel=\"attachment wp-att-439\"><img loading=\"lazy\" decoding=\"async\" class=\"alignleft size-large wp-image-439\" src=\"https:\/\/1x1design.dk\/1x1design\/wp-content\/uploads\/2014\/10\/142-93a2500-821x1024.jpg\" alt=\"\" width=\"821\" height=\"1024\" srcset=\"https:\/\/1x1design.dk\/1x1design\/wp-content\/uploads\/2014\/10\/142-93a2500-821x1024.jpg 821w, https:\/\/1x1design.dk\/1x1design\/wp-content\/uploads\/2014\/10\/142-93a2500-240x300.jpg 240w, https:\/\/1x1design.dk\/1x1design\/wp-content\/uploads\/2014\/10\/142-93a2500.jpg 2005w\" sizes=\"(max-width: 821px) 100vw, 821px\" \/><\/a><\/p>\n<p><a href=\"https:\/\/1x1design.dk\/1x1design\/unika-textil\/171-montering%20af%20duge%20003\/\" rel=\"attachment wp-att-441\"><img loading=\"lazy\" decoding=\"async\" class=\"alignleft size-large wp-image-441\" src=\"https:\/\/1x1design.dk\/1x1design\/wp-content\/uploads\/2014\/10\/171-Montering-af-duge-003-1024x682.jpg\" alt=\"\" width=\"1024\" height=\"682\" srcset=\"https:\/\/1x1design.dk\/1x1design\/wp-content\/uploads\/2014\/10\/171-Montering-af-duge-003-1024x682.jpg 1024w, https:\/\/1x1design.dk\/1x1design\/wp-content\/uploads\/2014\/10\/171-Montering-af-duge-003-300x200.jpg 300w\" sizes=\"(max-width: 1024px) 100vw, 1024px\" \/><\/a><\/p>\n<p>[\/et_pb_text][\/et_pb_column][\/et_pb_row][\/et_pb_section]<\/p>\n","protected":false},"excerpt":{"rendered":"<p>Running Meander \u201cBiennalen for Kunsth\u00e5ndv\u00e6rk &amp; Design\u00a0er en udstilling og konkurrence for alle professionelle ud\u00f8vere i Danmark.\u201d Hvert andet \u00e5r siden 1995 har Biennalen sat fokus p\u00e5 det bedste af det nyeste inden for dansk kunsth\u00e5ndv\u00e6rk og design ved at vise v\u00e6rker af Danmarks mest funklende talenter, nye som etablerede, inden for feltet. Den klassiske antikke meanderbort under moderne grafisk behandling. De ornamenterede b\u00e5nd i rette vinkler i lukkede forl\u00f8b er blevet brudt af nye \u00e5bninger. Som om den tyrkiske flod, ornamentet er opkaldt efter, endelig bryder sine d\u00e6mninger og flyder i nye retninger. In English About Biennalen The Biennale is an exhibition and a competition taking stock of Danish [&hellip;]<\/p>\n","protected":false},"author":2,"featured_media":0,"parent":392,"menu_order":0,"comment_status":"closed","ping_status":"closed","template":"","meta":{"_et_pb_use_builder":"on","_et_pb_old_content":"<h2><span style=\"color: #333333;\"><a style=\"color: #333333;\" href=\"http:\/\/1x1design.dk\/1x1design\/unika-textil\/142-93a2500\/\" rel=\"attachment wp-att-439\"><strong>Running Meander<\/strong><\/a><\/span><\/h2>\r\n<span style=\"color: #333333;\">Den klassiske antikke meanderbort under moderne grafisk behandling. De ornamenterede b\u00e5nd i rette vinkler i lukkede forl\u00f8b er blevet brudt af nye \u00e5bninger. Som om den tyrkiske flod, ornamentet er opkaldt efter, endelig bryder sine d\u00e6mninger og flyder i nye retninger.<\/span>\r\n\r\n<em>In English<\/em>\r\n<h3><strong>About Biennalen<\/strong><\/h3>\r\n<em>The Biennale is an exhibition and a competition taking stock of Danish crafts and design today.<\/em>\r\n\r\nThe theme for that year was \u201cLiquid Life\u201d which embrace the opportunities the artics have on impacting the world and show new ways of life and community.\r\n<h3><strong>Running Meander<\/strong><\/h3>\r\nThe classic ancient meander frieze in modern graphic treatment. The ornamented band with the closed, right-angle pattern has been broken up with new openings. Like the Turkish river that the ornament takes its name from finally breaking free and flowing in new directions.\r\n\r\n<a href=\"http:\/\/1x1design.dk\/1x1design\/unika-textil\/142-93a2500\/\" rel=\"attachment wp-att-439\"><img class=\"alignleft size-large wp-image-439\" src=\"http:\/\/1x1design.dk\/1x1design\/wp-content\/uploads\/2014\/10\/142-93a2500-821x1024.jpg\" alt=\"\" width=\"821\" height=\"1024\" \/><\/a>\r\n\r\n<a href=\"http:\/\/1x1design.dk\/1x1design\/unika-textil\/171-montering%20af%20duge%20003\/\" rel=\"attachment wp-att-441\"><img class=\"alignleft size-large wp-image-441\" src=\"http:\/\/1x1design.dk\/1x1design\/wp-content\/uploads\/2014\/10\/171-Montering-af-duge-003-1024x682.jpg\" alt=\"\" width=\"1024\" height=\"682\" \/><\/a>","_et_gb_content_width":"","footnotes":""},"class_list":["post-4076","page","type-page","status-publish","hentry"],"yoast_head":"<!-- This site is optimized with the Yoast SEO plugin v27.3 - https:\/\/yoast.com\/product\/yoast-seo-wordpress\/ -->\n<title>Biennalen for Kunsth\u00e5ndv\u00e6rk &amp; Design 2011 | 1+1 Design<\/title>\n<meta name=\"robots\" content=\"index, follow, max-snippet:-1, max-image-preview:large, max-video-preview:-1\" \/>\n<link rel=\"canonical\" href=\"https:\/\/1x1design.dk\/1x1design\/pude-oversigt\/biennalen-for-kunsthaandvaerk-design-2011\/\" \/>\n<meta property=\"og:locale\" content=\"da_DK\" \/>\n<meta property=\"og:type\" content=\"article\" \/>\n<meta property=\"og:title\" content=\"Biennalen for Kunsth\u00e5ndv\u00e6rk &amp; Design 2011 | 1+1 Design\" \/>\n<meta property=\"og:description\" content=\"Running Meander \u201cBiennalen for Kunsth\u00e5ndv\u00e6rk &amp; Design\u00a0er en udstilling og konkurrence for alle professionelle ud\u00f8vere i Danmark.\u201d Hvert andet \u00e5r siden 1995 har Biennalen sat fokus p\u00e5 det bedste af det nyeste inden for dansk kunsth\u00e5ndv\u00e6rk og design ved at vise v\u00e6rker af Danmarks mest funklende talenter, nye som etablerede, inden for feltet. Den klassiske antikke meanderbort under moderne grafisk behandling. De ornamenterede b\u00e5nd i rette vinkler i lukkede forl\u00f8b er blevet brudt af nye \u00e5bninger. Som om den tyrkiske flod, ornamentet er opkaldt efter, endelig bryder sine d\u00e6mninger og flyder i nye retninger. In English About Biennalen The Biennale is an exhibition and a competition taking stock of Danish [&hellip;]\" \/>\n<meta property=\"og:url\" content=\"https:\/\/1x1design.dk\/1x1design\/pude-oversigt\/biennalen-for-kunsthaandvaerk-design-2011\/\" \/>\n<meta property=\"og:site_name\" content=\"1+1 Design\" \/>\n<meta property=\"article:modified_time\" content=\"2022-06-08T12:35:33+00:00\" \/>\n<meta property=\"og:image\" content=\"https:\/\/1x1design.dk\/1x1design\/wp-content\/uploads\/2014\/10\/142-93a2500-821x1024.jpg\" \/>\n<meta name=\"twitter:label1\" content=\"Estimeret l\u00e6setid\" \/>\n\t<meta name=\"twitter:data1\" content=\"1 minut\" \/>\n<script type=\"application\/ld+json\" class=\"yoast-schema-graph\">{\"@context\":\"https:\\\/\\\/schema.org\",\"@graph\":[{\"@type\":\"WebPage\",\"@id\":\"https:\\\/\\\/1x1design.dk\\\/1x1design\\\/pude-oversigt\\\/biennalen-for-kunsthaandvaerk-design-2011\\\/\",\"url\":\"https:\\\/\\\/1x1design.dk\\\/1x1design\\\/pude-oversigt\\\/biennalen-for-kunsthaandvaerk-design-2011\\\/\",\"name\":\"Biennalen for Kunsth\u00e5ndv\u00e6rk & Design 2011 | 1+1 Design\",\"isPartOf\":{\"@id\":\"https:\\\/\\\/1x1design.dk\\\/1x1design\\\/#website\"},\"primaryImageOfPage\":{\"@id\":\"https:\\\/\\\/1x1design.dk\\\/1x1design\\\/pude-oversigt\\\/biennalen-for-kunsthaandvaerk-design-2011\\\/#primaryimage\"},\"image\":{\"@id\":\"https:\\\/\\\/1x1design.dk\\\/1x1design\\\/pude-oversigt\\\/biennalen-for-kunsthaandvaerk-design-2011\\\/#primaryimage\"},\"thumbnailUrl\":\"https:\\\/\\\/1x1design.dk\\\/1x1design\\\/wp-content\\\/uploads\\\/2014\\\/10\\\/142-93a2500-821x1024.jpg\",\"datePublished\":\"2018-09-07T13:54:31+00:00\",\"dateModified\":\"2022-06-08T12:35:33+00:00\",\"breadcrumb\":{\"@id\":\"https:\\\/\\\/1x1design.dk\\\/1x1design\\\/pude-oversigt\\\/biennalen-for-kunsthaandvaerk-design-2011\\\/#breadcrumb\"},\"inLanguage\":\"da-DK\",\"potentialAction\":[{\"@type\":\"ReadAction\",\"target\":[\"https:\\\/\\\/1x1design.dk\\\/1x1design\\\/pude-oversigt\\\/biennalen-for-kunsthaandvaerk-design-2011\\\/\"]}]},{\"@type\":\"ImageObject\",\"inLanguage\":\"da-DK\",\"@id\":\"https:\\\/\\\/1x1design.dk\\\/1x1design\\\/pude-oversigt\\\/biennalen-for-kunsthaandvaerk-design-2011\\\/#primaryimage\",\"url\":\"https:\\\/\\\/1x1design.dk\\\/1x1design\\\/wp-content\\\/uploads\\\/2014\\\/10\\\/142-93a2500.jpg\",\"contentUrl\":\"https:\\\/\\\/1x1design.dk\\\/1x1design\\\/wp-content\\\/uploads\\\/2014\\\/10\\\/142-93a2500.jpg\",\"width\":2005,\"height\":2500,\"caption\":\"Biennalen for h\u00e5ndv\u00e6rk og Design 2011\"},{\"@type\":\"BreadcrumbList\",\"@id\":\"https:\\\/\\\/1x1design.dk\\\/1x1design\\\/pude-oversigt\\\/biennalen-for-kunsthaandvaerk-design-2011\\\/#breadcrumb\",\"itemListElement\":[{\"@type\":\"ListItem\",\"position\":1,\"name\":\"Hjem\",\"item\":\"https:\\\/\\\/1x1design.dk\\\/1x1design\\\/\"},{\"@type\":\"ListItem\",\"position\":2,\"name\":\"Helene Vonsilds baggrund\",\"item\":\"https:\\\/\\\/1x1design.dk\\\/1x1design\\\/pude-oversigt\\\/\"},{\"@type\":\"ListItem\",\"position\":3,\"name\":\"Biennalen for Kunsth\u00e5ndv\u00e6rk &#038; Design 2011\"}]},{\"@type\":\"WebSite\",\"@id\":\"https:\\\/\\\/1x1design.dk\\\/1x1design\\\/#website\",\"url\":\"https:\\\/\\\/1x1design.dk\\\/1x1design\\\/\",\"name\":\"1+1 Design\",\"description\":\"Puder og textildesign\",\"potentialAction\":[{\"@type\":\"SearchAction\",\"target\":{\"@type\":\"EntryPoint\",\"urlTemplate\":\"https:\\\/\\\/1x1design.dk\\\/1x1design\\\/?s={search_term_string}\"},\"query-input\":{\"@type\":\"PropertyValueSpecification\",\"valueRequired\":true,\"valueName\":\"search_term_string\"}}],\"inLanguage\":\"da-DK\"}]}<\/script>\n<!-- \/ Yoast SEO plugin. -->","yoast_head_json":{"title":"Biennalen for Kunsth\u00e5ndv\u00e6rk & Design 2011 | 1+1 Design","robots":{"index":"index","follow":"follow","max-snippet":"max-snippet:-1","max-image-preview":"max-image-preview:large","max-video-preview":"max-video-preview:-1"},"canonical":"https:\/\/1x1design.dk\/1x1design\/pude-oversigt\/biennalen-for-kunsthaandvaerk-design-2011\/","og_locale":"da_DK","og_type":"article","og_title":"Biennalen for Kunsth\u00e5ndv\u00e6rk & Design 2011 | 1+1 Design","og_description":"Running Meander \u201cBiennalen for Kunsth\u00e5ndv\u00e6rk &amp; Design\u00a0er en udstilling og konkurrence for alle professionelle ud\u00f8vere i Danmark.\u201d Hvert andet \u00e5r siden 1995 har Biennalen sat fokus p\u00e5 det bedste af det nyeste inden for dansk kunsth\u00e5ndv\u00e6rk og design ved at vise v\u00e6rker af Danmarks mest funklende talenter, nye som etablerede, inden for feltet. Den klassiske antikke meanderbort under moderne grafisk behandling. De ornamenterede b\u00e5nd i rette vinkler i lukkede forl\u00f8b er blevet brudt af nye \u00e5bninger. Som om den tyrkiske flod, ornamentet er opkaldt efter, endelig bryder sine d\u00e6mninger og flyder i nye retninger. In English About Biennalen The Biennale is an exhibition and a competition taking stock of Danish [&hellip;]","og_url":"https:\/\/1x1design.dk\/1x1design\/pude-oversigt\/biennalen-for-kunsthaandvaerk-design-2011\/","og_site_name":"1+1 Design","article_modified_time":"2022-06-08T12:35:33+00:00","og_image":[{"url":"https:\/\/1x1design.dk\/1x1design\/wp-content\/uploads\/2014\/10\/142-93a2500-821x1024.jpg","type":"","width":"","height":""}],"twitter_misc":{"Estimeret l\u00e6setid":"1 minut"},"schema":{"@context":"https:\/\/schema.org","@graph":[{"@type":"WebPage","@id":"https:\/\/1x1design.dk\/1x1design\/pude-oversigt\/biennalen-for-kunsthaandvaerk-design-2011\/","url":"https:\/\/1x1design.dk\/1x1design\/pude-oversigt\/biennalen-for-kunsthaandvaerk-design-2011\/","name":"Biennalen for Kunsth\u00e5ndv\u00e6rk & Design 2011 | 1+1 Design","isPartOf":{"@id":"https:\/\/1x1design.dk\/1x1design\/#website"},"primaryImageOfPage":{"@id":"https:\/\/1x1design.dk\/1x1design\/pude-oversigt\/biennalen-for-kunsthaandvaerk-design-2011\/#primaryimage"},"image":{"@id":"https:\/\/1x1design.dk\/1x1design\/pude-oversigt\/biennalen-for-kunsthaandvaerk-design-2011\/#primaryimage"},"thumbnailUrl":"https:\/\/1x1design.dk\/1x1design\/wp-content\/uploads\/2014\/10\/142-93a2500-821x1024.jpg","datePublished":"2018-09-07T13:54:31+00:00","dateModified":"2022-06-08T12:35:33+00:00","breadcrumb":{"@id":"https:\/\/1x1design.dk\/1x1design\/pude-oversigt\/biennalen-for-kunsthaandvaerk-design-2011\/#breadcrumb"},"inLanguage":"da-DK","potentialAction":[{"@type":"ReadAction","target":["https:\/\/1x1design.dk\/1x1design\/pude-oversigt\/biennalen-for-kunsthaandvaerk-design-2011\/"]}]},{"@type":"ImageObject","inLanguage":"da-DK","@id":"https:\/\/1x1design.dk\/1x1design\/pude-oversigt\/biennalen-for-kunsthaandvaerk-design-2011\/#primaryimage","url":"https:\/\/1x1design.dk\/1x1design\/wp-content\/uploads\/2014\/10\/142-93a2500.jpg","contentUrl":"https:\/\/1x1design.dk\/1x1design\/wp-content\/uploads\/2014\/10\/142-93a2500.jpg","width":2005,"height":2500,"caption":"Biennalen for h\u00e5ndv\u00e6rk og Design 2011"},{"@type":"BreadcrumbList","@id":"https:\/\/1x1design.dk\/1x1design\/pude-oversigt\/biennalen-for-kunsthaandvaerk-design-2011\/#breadcrumb","itemListElement":[{"@type":"ListItem","position":1,"name":"Hjem","item":"https:\/\/1x1design.dk\/1x1design\/"},{"@type":"ListItem","position":2,"name":"Helene Vonsilds baggrund","item":"https:\/\/1x1design.dk\/1x1design\/pude-oversigt\/"},{"@type":"ListItem","position":3,"name":"Biennalen for Kunsth\u00e5ndv\u00e6rk &#038; Design 2011"}]},{"@type":"WebSite","@id":"https:\/\/1x1design.dk\/1x1design\/#website","url":"https:\/\/1x1design.dk\/1x1design\/","name":"1+1 Design","description":"Puder og textildesign","potentialAction":[{"@type":"SearchAction","target":{"@type":"EntryPoint","urlTemplate":"https:\/\/1x1design.dk\/1x1design\/?s={search_term_string}"},"query-input":{"@type":"PropertyValueSpecification","valueRequired":true,"valueName":"search_term_string"}}],"inLanguage":"da-DK"}]}},"_links":{"self":[{"href":"https:\/\/1x1design.dk\/1x1design\/wp-json\/wp\/v2\/pages\/4076","targetHints":{"allow":["GET"]}}],"collection":[{"href":"https:\/\/1x1design.dk\/1x1design\/wp-json\/wp\/v2\/pages"}],"about":[{"href":"https:\/\/1x1design.dk\/1x1design\/wp-json\/wp\/v2\/types\/page"}],"author":[{"embeddable":true,"href":"https:\/\/1x1design.dk\/1x1design\/wp-json\/wp\/v2\/users\/2"}],"replies":[{"embeddable":true,"href":"https:\/\/1x1design.dk\/1x1design\/wp-json\/wp\/v2\/comments?post=4076"}],"version-history":[{"count":12,"href":"https:\/\/1x1design.dk\/1x1design\/wp-json\/wp\/v2\/pages\/4076\/revisions"}],"predecessor-version":[{"id":5932,"href":"https:\/\/1x1design.dk\/1x1design\/wp-json\/wp\/v2\/pages\/4076\/revisions\/5932"}],"up":[{"embeddable":true,"href":"https:\/\/1x1design.dk\/1x1design\/wp-json\/wp\/v2\/pages\/392"}],"wp:attachment":[{"href":"https:\/\/1x1design.dk\/1x1design\/wp-json\/wp\/v2\/media?parent=4076"}],"curies":[{"name":"wp","href":"https:\/\/api.w.org\/{rel}","templated":true}]}}