{"id":4392,"date":"2019-07-09T20:46:38","date_gmt":"2019-07-09T20:46:38","guid":{"rendered":"http:\/\/1x1design.dk\/1x1design\/?page_id=4392"},"modified":"2026-03-13T15:14:43","modified_gmt":"2026-03-13T15:14:43","slug":"hjem","status":"publish","type":"page","link":"https:\/\/1x1design.dk\/1x1design\/","title":{"rendered":"Forside"},"content":{"rendered":"<p>[et_pb_section fb_built=&#8221;1&#8243; _builder_version=&#8221;4.16&#8243; _module_preset=&#8221;default&#8221; background_video_mp4=&#8221;https:\/\/www.1x1textil.dk\/wp-content\/uploads\/2012\/08\/HeleneVonsild-video_5_2.mp4&#8243; background_video_width=&#8221;100%&#8221; height=&#8221;855px&#8221; custom_margin=&#8221;||-6px|||&#8221; global_colors_info=&#8221;{}&#8221;][\/et_pb_section][et_pb_section fb_built=&#8221;1&#8243; _builder_version=&#8221;4.16&#8243; background_image=&#8221;https:\/\/1x1design.dk\/1x1design\/wp-content\/uploads\/2021\/01\/DSC09536-scaled.jpg&#8221; min_height=&#8221;618px&#8221; custom_padding=&#8221;||1px|||&#8221; global_colors_info=&#8221;{}&#8221;][et_pb_row _builder_version=&#8221;4.16&#8243; module_alignment=&#8221;right&#8221; custom_margin=&#8221;|auto||auto||&#8221; custom_padding=&#8221;200px|||||&#8221; global_colors_info=&#8221;{}&#8221;][et_pb_column type=&#8221;4_4&#8243; _builder_version=&#8221;4.16&#8243; global_colors_info=&#8221;{}&#8221;][et_pb_text _builder_version=&#8221;4.16&#8243; text_font=&#8221;||||||||&#8221; header_font=&#8221;|800|||||||&#8221; header_text_align=&#8221;left&#8221; header_text_color=&#8221;#ffffff&#8221; header_font_size=&#8221;100px&#8221; header_letter_spacing=&#8221;11px&#8221; width=&#8221;81.9%&#8221; module_alignment=&#8221;center&#8221; custom_padding=&#8221;|0px||||&#8221; global_colors_info=&#8221;{}&#8221;]<\/p>\n<h1>Helene Vonsild<\/h1>\n<p>[\/et_pb_text][\/et_pb_column][\/et_pb_row][\/et_pb_section][et_pb_section fb_built=&#8221;1&#8243; _builder_version=&#8221;4.16&#8243; custom_padding=&#8221;2px||1px|||&#8221; global_colors_info=&#8221;{}&#8221;][et_pb_row column_structure=&#8221;3_5,2_5&#8243; _builder_version=&#8221;4.27.5&#8243; width=&#8221;90%&#8221; max_width=&#8221;none&#8221; custom_padding=&#8221;79px||8px|||&#8221; global_colors_info=&#8221;{}&#8221;][et_pb_column type=&#8221;3_5&#8243; _builder_version=&#8221;4.16&#8243; global_colors_info=&#8221;{}&#8221;][et_pb_text _builder_version=&#8221;4.27.5&#8243; text_font=&#8221;Montserrat|300|||||||&#8221; text_text_color=&#8221;#000000&#8243; text_font_size=&#8221;13px&#8221; text_line_height=&#8221;2.2em&#8221; width=&#8221;80%&#8221; custom_margin=&#8221;-3px|||||&#8221; custom_padding=&#8221;0px|||||&#8221; global_colors_info=&#8221;{}&#8221;]<\/p>\n<h2 style=\"text-align: left;\"><strong>Tekstildesigner og v\u00e6ver Helene Vonsild<\/strong><\/h2>\n<p><a href=\"https:\/\/1x1design.dk\/1x1design\/kontakt\/english\/about-helene-vonsild\/\"><em>For English<\/em><\/a><\/p>\n<p style=\"text-align: left;\"><span style=\"color: #000000;\">Jeg er uddannet Tekstildesigner og v\u00e6ver fra Designskolen i Kolding, Institut for Unika. <\/span><\/p>\n<p style=\"text-align: left;\">Jeg arbejder p\u00e5 mit v\u00e6vestudio i Aarhus p\u00e5 min digitalstyrede ARM v\u00e6v, med 24 skafter og arbejder bla i det digitale v\u00e6veprogram Weawepoint. Som v\u00e6ver er jeg i stand til at kombinere tr\u00e5de, b\u00e5de til et \u00f8nsket brug og funktion, og samtidig skabe et \u00e6stetisk udtryk.<\/p>\n<p style=\"text-align: left;\">Jeg har designet og v\u00e6vet v\u00e6vepr\u00f8ver p\u00e5 ARM v\u00e6ven. Jeg har udviklet textiler, der siden er blev omsat til produkter hos samarbejdsvirksomheden. V\u00e6vepr\u00f8verne er blevet tilpasset virksomhedens produktion, i \u00f8nsket kvaliteter og garner, tilpasset de muligheder det giver.<\/p>\n<p style=\"text-align: left;\">Jeg arbejder meget med, at kombinere forskellige materialer og v\u00e6veteknikker for at de sammen kan underst\u00f8tte de \u00f8nskede egenskaber til det \u00f8nskede brug.<\/p>\n<p style=\"text-align: left;\"><span style=\"color: #000000;\">Som tekstildesigner benytter jeg mig ofte af <em>naturen<\/em> som inspirationskilde, hvilket f.eks. afspejler sig i 1+1 Design pudernes <em>dynamiske<\/em> og <em>skiftende<\/em> udtryk. Naturen er dynamisk og f\u00f8lger det skiftende lys og \u00e5rstidernes gang. Pudernes udtryk er ligeledes i konstant forandring, alt efter anvendelse og hvilken vinkel man betragter dem fra. Den innovative<\/span> <strong><a href=\"https:\/\/www.1x1textil.dk\/produkt-kategori\/puder\/\">pudekollektion<\/a><\/strong> <span style=\"color: #000000;\">af mit eget brand: 1+1 Design, modtog Formlandsprisen i 2007.<\/span><\/p>\n<p style=\"text-align: left;\"><span style=\"color: #000000;\">Jeg arbejder ogs\u00e5 meget med farver og hvordan forskellige farvekombinationer kan tilf\u00f8re effekter, dybde og balance til designet. Unders\u00f8gelser af materialer og udforskningen af hvordan farver p\u00e5 de forskellige materialer spiller sammen er en vigtig del af min arbejdsproces. Det \u00e5bner op for nye muligheder og konstellationer af farver, former og kombinationer af forskellige v\u00e6vede strukturer.<\/span><\/p>\n<p style=\"text-align: left;\"><span style=\"color: #000000;\">De senere \u00e5r har jeg arbejdet mere med v\u00e6vede <em>udstillingsobjekter<\/em> til kroppen. Mine arbejder udstilles l\u00f8bende p\u00e5<\/span> <strong><a href=\"https:\/\/1x1design.dk\/1x1design\/nyheder-news\/\"><em>gallerier<\/em> og <em>s\u00e6rudstillinger<\/em><\/a>.<\/strong> <span style=\"color: #000000;\">De har ogs\u00e5 v\u00e6ret antaget flere gange p\u00e5 <em>Biennalen for Kunsth\u00e5ndv\u00e6rk og Design<\/em>. L\u00e6s mere om de forskellige udstillinger under fanen<\/span><br \/><em><strong>&#8216;<a href=\"https:\/\/1x1design.dk\/1x1design\/om-helene-vonsild\/\">Om Helene Vonsild&#8217;<\/a><\/strong><\/em><strong>.<\/strong><\/p>\n<p>[\/et_pb_text][\/et_pb_column][et_pb_column type=&#8221;2_5&#8243; _builder_version=&#8221;4.16&#8243; global_colors_info=&#8221;{}&#8221;][et_pb_image src=&#8221;https:\/\/1x1design.dk\/1x1design\/wp-content\/uploads\/2026\/02\/IMG_5350.jpg&#8221; title_text=&#8221;IMG_5350&#8243; _builder_version=&#8221;4.27.5&#8243; filter_contrast=&#8221;126%&#8221; global_colors_info=&#8221;{}&#8221;][\/et_pb_image][\/et_pb_column][\/et_pb_row][\/et_pb_section][et_pb_section fb_built=&#8221;1&#8243; _builder_version=&#8221;4.27.5&#8243; _module_preset=&#8221;default&#8221; height=&#8221;90vh&#8221; custom_margin=&#8221;4rem||2rem||false|false&#8221; global_colors_info=&#8221;{}&#8221;][et_pb_row _builder_version=&#8221;4.27.5&#8243; _module_preset=&#8221;default&#8221; width=&#8221;90%&#8221; max_width=&#8221;none&#8221; global_colors_info=&#8221;{}&#8221;][et_pb_column type=&#8221;4_4&#8243; _builder_version=&#8221;4.27.5&#8243; _module_preset=&#8221;default&#8221; global_colors_info=&#8221;{}&#8221;][et_pb_text _builder_version=&#8221;4.27.5&#8243; _module_preset=&#8221;default&#8221; global_colors_info=&#8221;{}&#8221;]<\/p>\n<h3 style=\"text-align: left;\"><strong>Aktuel Udstilling<\/strong><\/h3>\n<p>[\/et_pb_text][et_pb_text _builder_version=&#8221;4.27.5&#8243; _module_preset=&#8221;default&#8221; text_font=&#8221;|300|||||||&#8221; text_text_color=&#8221;#000000&#8243; width=&#8221;60%&#8221; global_colors_info=&#8221;{}&#8221;]<\/p>\n<p>L\u00e6s om min nyeste udstilling &#8220;Unika-udstilling&#8221; p\u00e5 <span>Sydslesvigs Danske Kunstforening p\u00e5 Flensborg Bibliotek, hvor jeg har udstillet mine v\u00e6vede v\u00e6rker sammen med keramik af Lotte Lemor.\u00a0<\/span><\/p>\n<p><span style=\"text-decoration: underline;\"><strong><a href=\"https:\/\/1x1design.dk\/1x1design\/unika-udstillingen-2026\/\">Du kan l\u00e6se mere under nyheder.<\/a><\/strong><\/span><\/p>\n<p>[\/et_pb_text][\/et_pb_column][\/et_pb_row][et_pb_row column_structure=&#8221;1_2,1_2&#8243; _builder_version=&#8221;4.27.5&#8243; _module_preset=&#8221;default&#8221; background_image=&#8221;https:\/\/1x1design.dk\/1x1design\/wp-content\/uploads\/2026\/02\/IMG_5347.jpg&#8221; width=&#8221;90%&#8221; max_width=&#8221;none&#8221; height=&#8221;60vh&#8221; link_option_url=&#8221;https:\/\/1x1design.dk\/1x1design\/unika-udstillingen-2026\/&#8221; global_colors_info=&#8221;{}&#8221;][et_pb_column type=&#8221;1_2&#8243; _builder_version=&#8221;4.27.5&#8243; _module_preset=&#8221;default&#8221; global_colors_info=&#8221;{}&#8221;][\/et_pb_column][et_pb_column type=&#8221;1_2&#8243; _builder_version=&#8221;4.27.5&#8243; _module_preset=&#8221;default&#8221; global_colors_info=&#8221;{}&#8221;][\/et_pb_column][\/et_pb_row][\/et_pb_section][et_pb_section fb_built=&#8221;1&#8243; _builder_version=&#8221;4.27.5&#8243; background_image=&#8221;https:\/\/1x1design.dk\/1x1design\/wp-content\/uploads\/2021\/01\/DSC09602-scaled.jpg&#8221; parallax=&#8221;on&#8221; parallax_method=&#8221;off&#8221; height=&#8221;300px&#8221; custom_margin=&#8221;5rem||2rem||false|false&#8221; custom_padding=&#8221;0px|||||&#8221; global_colors_info=&#8221;{}&#8221;][\/et_pb_section][et_pb_section fb_built=&#8221;1&#8243; _builder_version=&#8221;4.27.5&#8243; _module_preset=&#8221;default&#8221; global_colors_info=&#8221;{}&#8221;][et_pb_row column_structure=&#8221;1_2,1_2&#8243; use_custom_gutter=&#8221;on&#8221; gutter_width=&#8221;3&#8243; _builder_version=&#8221;4.27.5&#8243; _module_preset=&#8221;default&#8221; width=&#8221;90%&#8221; max_width=&#8221;none&#8221; global_colors_info=&#8221;{}&#8221;][et_pb_column type=&#8221;1_2&#8243; _builder_version=&#8221;4.27.5&#8243; _module_preset=&#8221;default&#8221; global_colors_info=&#8221;{}&#8221;][et_pb_image src=&#8221;https:\/\/1x1design.dk\/1x1design\/wp-content\/uploads\/2021\/01\/200709_20.jpg&#8221; title_text=&#8221;200709_20&#8243; align=&#8221;center&#8221; _builder_version=&#8221;4.27.5&#8243; _module_preset=&#8221;default&#8221; filter_saturate=&#8221;0%&#8221; global_colors_info=&#8221;{}&#8221;][\/et_pb_image][\/et_pb_column][et_pb_column type=&#8221;1_2&#8243; _builder_version=&#8221;4.27.5&#8243; _module_preset=&#8221;default&#8221; global_colors_info=&#8221;{}&#8221;][et_pb_text _builder_version=&#8221;4.27.5&#8243; _module_preset=&#8221;default&#8221; header_3_font_size=&#8221;26px&#8221; custom_margin=&#8221;||0px||false|false&#8221; global_colors_info=&#8221;{}&#8221;]<\/p>\n<h3><strong>1+1 Textil &amp; Design &#8211; Butikken i Gr\u00f8nnegade<\/strong><\/h3>\n<p>Udover mit kunstneriske arbejde driver jeg ogs\u00e5 butikken 1+1 Textil &amp; Design i Aarhus. Her udv\u00e6lger jeg kunsth\u00e5ndv\u00e6rk og design fra danske kunsth\u00e5ndv\u00e6rkere med fokus p\u00e5 kvalitet, materialer og h\u00e5ndv\u00e6rk.<\/p>\n<p data-start=\"451\" data-end=\"705\">N\u00e5r du bes\u00f8ger butikken, kan du g\u00e5 p\u00e5 opdagelse i et univers af tekstiler, keramik, smykker, glas og andre unikke genstande. Jeg udv\u00e6lger og pr\u00e6senterer produkterne og v\u00e6rkerne blandt mine kunsth\u00e5ndv\u00e6rkerkolleger til butikken. Hvert produkt er valgt med fokus p\u00e5 kvalitet, \u00e6stetik og godt h\u00e5ndv\u00e6rk.<\/p>\n<p data-start=\"707\" data-end=\"986\">Min egen v\u00e6v st\u00e5r ogs\u00e5 i butikken, og indimellem arbejder jeg her med mine tekstiler. P\u00e5 den m\u00e5de fungerer rummet ikke kun som en butik, men ogs\u00e5 som et levende showroom for kunsth\u00e5ndv\u00e6rkerne og deres arbejde.<\/p>\n<p data-start=\"988\" data-end=\"1145\" data-is-last-node=\"\" data-is-only-node=\"\">Butikken er derfor b\u00e5de et sted at finde noget s\u00e6rligt med hjem og et sted at opleve den verden af kunsth\u00e5ndv\u00e6rk og design, som danner rammen om mit arbejde.<\/p>\n<p data-start=\"988\" data-end=\"1145\" data-is-last-node=\"\" data-is-only-node=\"\">[\/et_pb_text][et_pb_text _builder_version=&#8221;4.27.5&#8243; _module_preset=&#8221;default&#8221; custom_margin=&#8221;||||false|false&#8221; custom_padding=&#8221;||||false|false&#8221; link_option_url=&#8221;https:\/\/www.1x1textil.dk\/&#8221; global_colors_info=&#8221;{}&#8221;]<\/p>\n<p><span style=\"text-decoration: underline;\">Se mere p\u00e5 1+1 Textil &amp; Design<\/span><\/p>\n<p>[\/et_pb_text][\/et_pb_column][\/et_pb_row][et_pb_row column_structure=&#8221;1_2,1_2&#8243; _builder_version=&#8221;4.27.5&#8243; _module_preset=&#8221;default&#8221; width=&#8221;90%&#8221; max_width=&#8221;none&#8221; global_colors_info=&#8221;{}&#8221;][et_pb_column type=&#8221;1_2&#8243; _builder_version=&#8221;4.27.5&#8243; _module_preset=&#8221;default&#8221; global_colors_info=&#8221;{}&#8221;][et_pb_image src=&#8221;https:\/\/1x1design.dk\/1x1design\/wp-content\/uploads\/2021\/01\/200709_11.jpg&#8221; title_text=&#8221;200709_11&#8243; _builder_version=&#8221;4.27.5&#8243; _module_preset=&#8221;default&#8221; filter_saturate=&#8221;0%&#8221; global_colors_info=&#8221;{}&#8221;][\/et_pb_image][\/et_pb_column][et_pb_column type=&#8221;1_2&#8243; _builder_version=&#8221;4.27.5&#8243; _module_preset=&#8221;default&#8221; global_colors_info=&#8221;{}&#8221;][et_pb_image src=&#8221;https:\/\/1x1design.dk\/1x1design\/wp-content\/uploads\/2021\/01\/200709_10.jpg&#8221; title_text=&#8221;200709_10&#8243; _builder_version=&#8221;4.27.5&#8243; _module_preset=&#8221;default&#8221; custom_margin=&#8221;||||false|false&#8221; filter_saturate=&#8221;0%&#8221; global_colors_info=&#8221;{}&#8221;][\/et_pb_image][\/et_pb_column][\/et_pb_row][\/et_pb_section][et_pb_section fb_built=&#8221;1&#8243; theme_builder_area=&#8221;post_content&#8221; _builder_version=&#8221;4.27.5&#8243; _module_preset=&#8221;default&#8221; title_text=&#8221;DSC09658&#8243; background_image=&#8221;https:\/\/1x1design.dk\/1x1design\/wp-content\/uploads\/2021\/01\/DSC09658-scaled.jpg&#8221; height=&#8221;30vh&#8221; hover_enabled=&#8221;0&#8243; sticky_enabled=&#8221;0&#8243;][\/et_pb_section][et_pb_section fb_built=&#8221;1&#8243; _builder_version=&#8221;4.27.5&#8243; custom_margin=&#8221;5rem||||false|false&#8221; custom_padding=&#8221;0px||3px|||&#8221; global_colors_info=&#8221;{}&#8221;][et_pb_row column_structure=&#8221;1_3,1_3,1_3&#8243; _builder_version=&#8221;4.27.5&#8243; width=&#8221;100%&#8221; max_width=&#8221;2560px&#8221; custom_margin=&#8221;|auto|-3px|auto||&#8221; global_colors_info=&#8221;{}&#8221;][et_pb_column type=&#8221;1_3&#8243; _builder_version=&#8221;4.16&#8243; global_colors_info=&#8221;{}&#8221;][et_pb_image src=&#8221;https:\/\/1x1design.dk\/1x1design\/wp-content\/uploads\/2021\/09\/Endnings-Beginnings3.jpg&#8221; title_text=&#8221;Endnings Beginnings(3)&#8221; url=&#8221;https:\/\/1x1design.dk\/1x1design\/invitation-til-fernisering-af-endings-beginnings\/&#8221; _builder_version=&#8221;4.16&#8243; _module_preset=&#8221;default&#8221; global_colors_info=&#8221;{}&#8221;][\/et_pb_image][et_pb_text _builder_version=&#8221;4.16&#8243; _module_preset=&#8221;default&#8221; background_image=&#8221;https:\/\/1x1design.dk\/1x1design\/wp-content\/uploads\/2021\/01\/071220_9_8-scaled-e1611756719458.jpg&#8221; height=&#8221;539px&#8221; custom_margin=&#8221;|-34px||||&#8221; filter_saturate=&#8221;0%&#8221; filter_brightness=&#8221;93%&#8221; filter_contrast=&#8221;126%&#8221; link_option_url=&#8221;https:\/\/1x1design.dk\/1x1design\/industriel-textil\/unika-textil\/&#8221; locked=&#8221;off&#8221; global_colors_info=&#8221;{}&#8221;][\/et_pb_text][\/et_pb_column][et_pb_column type=&#8221;1_3&#8243; _builder_version=&#8221;4.16&#8243; global_colors_info=&#8221;{}&#8221;][et_pb_text _builder_version=&#8221;4.16&#8243; _module_preset=&#8221;default&#8221; background_image=&#8221;https:\/\/1x1design.dk\/1x1design\/wp-content\/uploads\/2019\/10\/IMG_1829.jpg&#8221; width=&#8221;100%&#8221; height=&#8221;658px&#8221; custom_margin=&#8221;|6px||18px||&#8221; custom_padding=&#8221;|0px||||&#8221; filter_saturate=&#8221;0%&#8221; filter_brightness=&#8221;137%&#8221; link_option_url=&#8221;https:\/\/1x1design.dk\/1x1design\/livstraade-og-faellesskaber-2\/&#8221; global_colors_info=&#8221;{}&#8221;][\/et_pb_text][et_pb_text _builder_version=&#8221;4.16&#8243; _module_preset=&#8221;default&#8221; background_image=&#8221;https:\/\/1x1design.dk\/1x1design\/wp-content\/uploads\/2017\/05\/IMG_5943-n\u00e6rfoto-human-3.jpg&#8221; height=&#8221;208px&#8221; custom_margin=&#8221;|-20px||18px||&#8221; custom_padding=&#8221;|||0px||&#8221; filter_saturate=&#8221;0%&#8221; filter_brightness=&#8221;117%&#8221; link_option_url=&#8221;https:\/\/1x1design.dk\/1x1design\/biennalen-kunsthaandvaerk-design-2017\/&#8221; global_colors_info=&#8221;{}&#8221;][\/et_pb_text][\/et_pb_column][et_pb_column type=&#8221;1_3&#8243; _builder_version=&#8221;4.16&#8243; global_colors_info=&#8221;{}&#8221;][et_pb_image src=&#8221;https:\/\/1x1design.dk\/1x1design\/wp-content\/uploads\/2021\/09\/Endnings-Beginnings1.jpg&#8221; title_text=&#8221;Endnings Beginnings(1)&#8221; url=&#8221;https:\/\/1x1design.dk\/1x1design\/invitation-til-fernisering-af-endings-beginnings\/&#8221; _builder_version=&#8221;4.16&#8243; _module_preset=&#8221;default&#8221; global_colors_info=&#8221;{}&#8221;][\/et_pb_image][et_pb_image src=&#8221;https:\/\/1x1design.dk\/1x1design\/wp-content\/uploads\/2021\/09\/Endings-Beginnings2.jpg&#8221; title_text=&#8221;Endings Beginnings(2)&#8221; _builder_version=&#8221;4.16&#8243; _module_preset=&#8221;default&#8221; global_colors_info=&#8221;{}&#8221;][\/et_pb_image][\/et_pb_column][\/et_pb_row][\/et_pb_section][et_pb_section fb_built=&#8221;1&#8243; _builder_version=&#8221;4.16&#8243; background_image=&#8221;https:\/\/1x1design.dk\/1x1design\/wp-content\/uploads\/2015\/07\/Slider-Biennalen_2015.jpg&#8221; height=&#8221;518px&#8221; custom_margin=&#8221;35px||80px|||&#8221; link_option_url=&#8221;https:\/\/1x1design.dk\/1x1design\/biennalen\/&#8221; locked=&#8221;off&#8221; global_colors_info=&#8221;{}&#8221;][\/et_pb_section]<\/p>\n","protected":false},"excerpt":{"rendered":"<p>Helene VonsildTekstildesigner og v\u00e6ver Helene Vonsild For English Jeg er uddannet Tekstildesigner og v\u00e6ver fra Designskolen i Kolding, Institut for Unika. Jeg arbejder p\u00e5 mit v\u00e6vestudio i Aarhus p\u00e5 min digitalstyrede ARM v\u00e6v, med 24 skafter og arbejder bla i det digitale v\u00e6veprogram Weawepoint. Som v\u00e6ver er jeg i stand til at kombinere tr\u00e5de, b\u00e5de til et \u00f8nsket brug og funktion, og samtidig skabe et \u00e6stetisk udtryk. Jeg har designet og v\u00e6vet v\u00e6vepr\u00f8ver p\u00e5 ARM v\u00e6ven. Jeg har udviklet textiler, der siden er blev omsat til produkter hos samarbejdsvirksomheden. V\u00e6vepr\u00f8verne er blevet tilpasset virksomhedens produktion, i \u00f8nsket kvaliteter og garner, tilpasset de muligheder det giver. Jeg arbejder meget med, at [&hellip;]<\/p>\n","protected":false},"author":1,"featured_media":0,"parent":0,"menu_order":0,"comment_status":"closed","ping_status":"closed","template":"","meta":{"_et_pb_use_builder":"on","_et_pb_old_content":"","_et_gb_content_width":"","footnotes":""},"class_list":["post-4392","page","type-page","status-publish","hentry"],"yoast_head":"<!-- This site is optimized with the Yoast SEO plugin v27.3 - https:\/\/yoast.com\/product\/yoast-seo-wordpress\/ -->\n<title>1 + 1 Design - Helene Vonsild - Prisvindende Tekstildesigner<\/title>\n<meta name=\"description\" content=\"Helene Vonsild er prisvindende Tekstildesigner fra Designskolen i Kolding Institut for Unika. Som tekstildesigner benytter Helene sig ofte af naturen som inspirationskilde, hvilket afspejler sig i pudernes dynamiske og skiftende udtryk.\" \/>\n<meta name=\"robots\" content=\"index, follow, max-snippet:-1, max-image-preview:large, max-video-preview:-1\" \/>\n<link rel=\"canonical\" href=\"https:\/\/1x1design.dk\/1x1design\/\" \/>\n<meta property=\"og:locale\" content=\"da_DK\" \/>\n<meta property=\"og:type\" content=\"article\" \/>\n<meta property=\"og:title\" content=\"1 + 1 Design - Helene Vonsild - Prisvindende Tekstildesigner\" \/>\n<meta property=\"og:description\" content=\"Helene Vonsild er prisvindende Tekstildesigner fra Designskolen i Kolding Institut for Unika. Som tekstildesigner benytter Helene sig ofte af naturen som inspirationskilde, hvilket afspejler sig i pudernes dynamiske og skiftende udtryk.\" \/>\n<meta property=\"og:url\" content=\"https:\/\/1x1design.dk\/1x1design\/\" \/>\n<meta property=\"og:site_name\" content=\"1+1 Design\" \/>\n<meta property=\"article:modified_time\" content=\"2026-03-13T15:14:43+00:00\" \/>\n<meta name=\"twitter:label1\" content=\"Estimeret l\u00e6setid\" \/>\n\t<meta name=\"twitter:data1\" content=\"3 minutter\" \/>\n<script type=\"application\/ld+json\" class=\"yoast-schema-graph\">{\"@context\":\"https:\\\/\\\/schema.org\",\"@graph\":[{\"@type\":\"WebPage\",\"@id\":\"https:\\\/\\\/1x1design.dk\\\/1x1design\\\/\",\"url\":\"https:\\\/\\\/1x1design.dk\\\/1x1design\\\/\",\"name\":\"1 + 1 Design - Helene Vonsild - Prisvindende Tekstildesigner\",\"isPartOf\":{\"@id\":\"https:\\\/\\\/1x1design.dk\\\/1x1design\\\/#website\"},\"datePublished\":\"2019-07-09T20:46:38+00:00\",\"dateModified\":\"2026-03-13T15:14:43+00:00\",\"description\":\"Helene Vonsild er prisvindende Tekstildesigner fra Designskolen i Kolding Institut for Unika. Som tekstildesigner benytter Helene sig ofte af naturen som inspirationskilde, hvilket afspejler sig i pudernes dynamiske og skiftende udtryk.\",\"breadcrumb\":{\"@id\":\"https:\\\/\\\/1x1design.dk\\\/1x1design\\\/#breadcrumb\"},\"inLanguage\":\"da-DK\",\"potentialAction\":[{\"@type\":\"ReadAction\",\"target\":[\"https:\\\/\\\/1x1design.dk\\\/1x1design\\\/\"]}]},{\"@type\":\"BreadcrumbList\",\"@id\":\"https:\\\/\\\/1x1design.dk\\\/1x1design\\\/#breadcrumb\",\"itemListElement\":[{\"@type\":\"ListItem\",\"position\":1,\"name\":\"Hjem\",\"item\":\"https:\\\/\\\/1x1design.dk\\\/1x1design\\\/\"},{\"@type\":\"ListItem\",\"position\":2,\"name\":\"Forside\"}]},{\"@type\":\"WebSite\",\"@id\":\"https:\\\/\\\/1x1design.dk\\\/1x1design\\\/#website\",\"url\":\"https:\\\/\\\/1x1design.dk\\\/1x1design\\\/\",\"name\":\"1+1 Design\",\"description\":\"Puder og textildesign\",\"potentialAction\":[{\"@type\":\"SearchAction\",\"target\":{\"@type\":\"EntryPoint\",\"urlTemplate\":\"https:\\\/\\\/1x1design.dk\\\/1x1design\\\/?s={search_term_string}\"},\"query-input\":{\"@type\":\"PropertyValueSpecification\",\"valueRequired\":true,\"valueName\":\"search_term_string\"}}],\"inLanguage\":\"da-DK\"}]}<\/script>\n<!-- \/ Yoast SEO plugin. -->","yoast_head_json":{"title":"1 + 1 Design - Helene Vonsild - Prisvindende Tekstildesigner","description":"Helene Vonsild er prisvindende Tekstildesigner fra Designskolen i Kolding Institut for Unika. Som tekstildesigner benytter Helene sig ofte af naturen som inspirationskilde, hvilket afspejler sig i pudernes dynamiske og skiftende udtryk.","robots":{"index":"index","follow":"follow","max-snippet":"max-snippet:-1","max-image-preview":"max-image-preview:large","max-video-preview":"max-video-preview:-1"},"canonical":"https:\/\/1x1design.dk\/1x1design\/","og_locale":"da_DK","og_type":"article","og_title":"1 + 1 Design - Helene Vonsild - Prisvindende Tekstildesigner","og_description":"Helene Vonsild er prisvindende Tekstildesigner fra Designskolen i Kolding Institut for Unika. Som tekstildesigner benytter Helene sig ofte af naturen som inspirationskilde, hvilket afspejler sig i pudernes dynamiske og skiftende udtryk.","og_url":"https:\/\/1x1design.dk\/1x1design\/","og_site_name":"1+1 Design","article_modified_time":"2026-03-13T15:14:43+00:00","twitter_misc":{"Estimeret l\u00e6setid":"3 minutter"},"schema":{"@context":"https:\/\/schema.org","@graph":[{"@type":"WebPage","@id":"https:\/\/1x1design.dk\/1x1design\/","url":"https:\/\/1x1design.dk\/1x1design\/","name":"1 + 1 Design - Helene Vonsild - Prisvindende Tekstildesigner","isPartOf":{"@id":"https:\/\/1x1design.dk\/1x1design\/#website"},"datePublished":"2019-07-09T20:46:38+00:00","dateModified":"2026-03-13T15:14:43+00:00","description":"Helene Vonsild er prisvindende Tekstildesigner fra Designskolen i Kolding Institut for Unika. Som tekstildesigner benytter Helene sig ofte af naturen som inspirationskilde, hvilket afspejler sig i pudernes dynamiske og skiftende udtryk.","breadcrumb":{"@id":"https:\/\/1x1design.dk\/1x1design\/#breadcrumb"},"inLanguage":"da-DK","potentialAction":[{"@type":"ReadAction","target":["https:\/\/1x1design.dk\/1x1design\/"]}]},{"@type":"BreadcrumbList","@id":"https:\/\/1x1design.dk\/1x1design\/#breadcrumb","itemListElement":[{"@type":"ListItem","position":1,"name":"Hjem","item":"https:\/\/1x1design.dk\/1x1design\/"},{"@type":"ListItem","position":2,"name":"Forside"}]},{"@type":"WebSite","@id":"https:\/\/1x1design.dk\/1x1design\/#website","url":"https:\/\/1x1design.dk\/1x1design\/","name":"1+1 Design","description":"Puder og textildesign","potentialAction":[{"@type":"SearchAction","target":{"@type":"EntryPoint","urlTemplate":"https:\/\/1x1design.dk\/1x1design\/?s={search_term_string}"},"query-input":{"@type":"PropertyValueSpecification","valueRequired":true,"valueName":"search_term_string"}}],"inLanguage":"da-DK"}]}},"_links":{"self":[{"href":"https:\/\/1x1design.dk\/1x1design\/wp-json\/wp\/v2\/pages\/4392","targetHints":{"allow":["GET"]}}],"collection":[{"href":"https:\/\/1x1design.dk\/1x1design\/wp-json\/wp\/v2\/pages"}],"about":[{"href":"https:\/\/1x1design.dk\/1x1design\/wp-json\/wp\/v2\/types\/page"}],"author":[{"embeddable":true,"href":"https:\/\/1x1design.dk\/1x1design\/wp-json\/wp\/v2\/users\/1"}],"replies":[{"embeddable":true,"href":"https:\/\/1x1design.dk\/1x1design\/wp-json\/wp\/v2\/comments?post=4392"}],"version-history":[{"count":131,"href":"https:\/\/1x1design.dk\/1x1design\/wp-json\/wp\/v2\/pages\/4392\/revisions"}],"predecessor-version":[{"id":6825,"href":"https:\/\/1x1design.dk\/1x1design\/wp-json\/wp\/v2\/pages\/4392\/revisions\/6825"}],"wp:attachment":[{"href":"https:\/\/1x1design.dk\/1x1design\/wp-json\/wp\/v2\/media?parent=4392"}],"curies":[{"name":"wp","href":"https:\/\/api.w.org\/{rel}","templated":true}]}}