{"id":6643,"date":"2026-03-11T14:25:29","date_gmt":"2026-03-11T14:25:29","guid":{"rendered":"https:\/\/1x1design.dk\/1x1design\/?page_id=6643"},"modified":"2026-03-11T14:44:57","modified_gmt":"2026-03-11T14:44:57","slug":"endings-beginnings","status":"publish","type":"page","link":"https:\/\/1x1design.dk\/1x1design\/endings-beginnings\/","title":{"rendered":"Endings Beginnings"},"content":{"rendered":"<p>[et_pb_section fb_built=&#8221;1&#8243; _builder_version=&#8221;4.27.5&#8243; _module_preset=&#8221;default&#8221; background_image=&#8221;https:\/\/1x1design.dk\/1x1design\/wp-content\/uploads\/2021\/09\/Endings-Beginnings2.jpg&#8221; height=&#8221;40vh&#8221; hover_enabled=&#8221;0&#8243; global_colors_info=&#8221;{}&#8221; sticky_enabled=&#8221;0&#8243;][\/et_pb_section][et_pb_section fb_built=&#8221;1&#8243; _builder_version=&#8221;4.27.5&#8243; _module_preset=&#8221;default&#8221; global_colors_info=&#8221;{}&#8221;][et_pb_row _builder_version=&#8221;4.27.5&#8243; _module_preset=&#8221;default&#8221; global_colors_info=&#8221;{}&#8221;][et_pb_column type=&#8221;4_4&#8243; _builder_version=&#8221;4.27.5&#8243; _module_preset=&#8221;default&#8221; global_colors_info=&#8221;{}&#8221;][et_pb_text _builder_version=&#8221;4.27.5&#8243; _module_preset=&#8221;default&#8221; global_colors_info=&#8221;{}&#8221;]<\/p>\n<h1>Endings Beginnings &#8211; Udstilling<\/h1>\n<p>[\/et_pb_text][et_pb_text _builder_version=&#8221;4.27.5&#8243; _module_preset=&#8221;default&#8221; global_colors_info=&#8221;{}&#8221;]<\/p>\n<div dir=\"ltr\">\n<div class=\"\">\n<div class=\"\" dir=\"ltr\"><span class=\"\">Jeg udstiller egne v\u00e6rker og nye f\u00e6lles tv\u00e6rfaglige v\u00e6rker\u00a0<\/span><span class=\"\">i samarbejde med \u00e6delmetalformgiver Annette Dickow. Jeg arbejder p\u00e5 udstillingen under vores f\u00e6lles titel:<span>\u00a0<\/span><strong>Endings beginnings,<\/strong><span>\u00a0<\/span>der vises i Nicolai kunst og kultur i Kolding fra 4. September 2021.<span>\u00a0<\/span><\/span>Tak til statens kunstfond der st\u00f8tter udstillingen.<\/div>\n<div dir=\"ltr\"><\/div>\n<\/div>\n<\/div>\n<div dir=\"ltr\">.<\/div>\n<div dir=\"ltr\"><\/div>\n<div dir=\"ltr\">\n<div dir=\"ltr\"><strong>Endings beginnings<\/strong><\/div>\n<div dir=\"ltr\"><em>Reflections from life<\/em><\/div>\n<div dir=\"ltr\"><\/div>\n<div dir=\"ltr\">Tekstildesigner\/v\u00e6ver Helene Vonsild og \u00e6delmetalformgiver\/guldsmed Annette Dickow har i samarbejde skabt udstillingen \u201dEndings beginnings\u201d.<\/div>\n<div dir=\"ltr\"><\/div>\n<div dir=\"ltr\">Den tv\u00e6rkunstneriske dialog udfordres og udvides i en f\u00e6llesmenneskelig livsfort\u00e6lling, udtrykt i individuelle og f\u00e6lles v\u00e6rker og objekter med fokus p\u00e5 kroppen, naturens cyklus og livsprocesser.<br \/>To faggrupper forenes i \u00e9n udstilling, hvor der vises et samspil i materialer og st\u00f8rrelsesforhold mellem de st\u00f8rre v\u00e6vede v\u00e6rker i tr\u00e5d og garnkombinationer og de mindre objekter i metal og naturmaterialer.<br \/>Der skabes et \u201df\u00e6lles tredje\u201d, et spejlingsrum af sanselighed mellem tr\u00e5d, metal og rum.<\/div>\n<div dir=\"ltr\"><\/div>\n<div dir=\"ltr\">Dato: 4. September 2021 \u2013 22.Oktober 2021<br \/>Sted: Nicolai kunst og design, Skolegade 2 C, 6000 Kolding<\/div>\n<\/div>\n<p>[\/et_pb_text][\/et_pb_column][\/et_pb_row][et_pb_row column_structure=&#8221;1_3,1_3,1_3&#8243; _builder_version=&#8221;4.27.5&#8243; _module_preset=&#8221;default&#8221; global_colors_info=&#8221;{}&#8221;][et_pb_column type=&#8221;1_3&#8243; _builder_version=&#8221;4.27.5&#8243; _module_preset=&#8221;default&#8221; global_colors_info=&#8221;{}&#8221;][et_pb_image src=&#8221;https:\/\/1x1design.dk\/1x1design\/wp-content\/uploads\/2021\/10\/image012.jpg&#8221; title_text=&#8221;image012&#8243; _builder_version=&#8221;4.27.5&#8243; _module_preset=&#8221;default&#8221; global_colors_info=&#8221;{}&#8221;][\/et_pb_image][\/et_pb_column][et_pb_column type=&#8221;1_3&#8243; _builder_version=&#8221;4.27.5&#8243; _module_preset=&#8221;default&#8221; global_colors_info=&#8221;{}&#8221;][et_pb_image src=&#8221;https:\/\/1x1design.dk\/1x1design\/wp-content\/uploads\/2021\/09\/Endings-Beginnings-4.jpg&#8221; title_text=&#8221;Endings Beginnings (4)&#8221; _builder_version=&#8221;4.27.5&#8243; _module_preset=&#8221;default&#8221; global_colors_info=&#8221;{}&#8221;][\/et_pb_image][\/et_pb_column][et_pb_column type=&#8221;1_3&#8243; _builder_version=&#8221;4.27.5&#8243; _module_preset=&#8221;default&#8221; global_colors_info=&#8221;{}&#8221;][et_pb_image src=&#8221;https:\/\/1x1design.dk\/1x1design\/wp-content\/uploads\/2021\/09\/Endnings-Beginnings1.jpg&#8221; title_text=&#8221;Endnings Beginnings(1)&#8221; _builder_version=&#8221;4.27.5&#8243; _module_preset=&#8221;default&#8221; global_colors_info=&#8221;{}&#8221;][\/et_pb_image][\/et_pb_column][\/et_pb_row][et_pb_row column_structure=&#8221;1_2,1_2&#8243; _builder_version=&#8221;4.27.5&#8243; _module_preset=&#8221;default&#8221; global_colors_info=&#8221;{}&#8221;][et_pb_column type=&#8221;1_2&#8243; _builder_version=&#8221;4.27.5&#8243; _module_preset=&#8221;default&#8221; global_colors_info=&#8221;{}&#8221;][et_pb_image src=&#8221;https:\/\/1x1design.dk\/1x1design\/wp-content\/uploads\/2021\/09\/Endnings-Beginnings3.jpg&#8221; title_text=&#8221;Endnings Beginnings(3)&#8221; _builder_version=&#8221;4.27.5&#8243; _module_preset=&#8221;default&#8221; global_colors_info=&#8221;{}&#8221;][\/et_pb_image][\/et_pb_column][et_pb_column type=&#8221;1_2&#8243; _builder_version=&#8221;4.27.5&#8243; _module_preset=&#8221;default&#8221; global_colors_info=&#8221;{}&#8221;][et_pb_image src=&#8221;https:\/\/1x1design.dk\/1x1design\/wp-content\/uploads\/2021\/09\/Endings-Beginnings2.jpg&#8221; title_text=&#8221;Endings Beginnings(2)&#8221; _builder_version=&#8221;4.27.5&#8243; _module_preset=&#8221;default&#8221; global_colors_info=&#8221;{}&#8221;][\/et_pb_image][\/et_pb_column][\/et_pb_row][\/et_pb_section]<\/p>\n","protected":false},"excerpt":{"rendered":"<p>Endings Beginnings &#8211; Udstilling Jeg udstiller egne v\u00e6rker og nye f\u00e6lles tv\u00e6rfaglige v\u00e6rker\u00a0i samarbejde med \u00e6delmetalformgiver Annette Dickow. Jeg arbejder p\u00e5 udstillingen under vores f\u00e6lles titel:\u00a0Endings beginnings,\u00a0der vises i Nicolai kunst og kultur i Kolding fra 4. September 2021.\u00a0Tak til statens kunstfond der st\u00f8tter udstillingen. . Endings beginnings Reflections from life Tekstildesigner\/v\u00e6ver Helene Vonsild og \u00e6delmetalformgiver\/guldsmed Annette Dickow har i samarbejde skabt udstillingen \u201dEndings beginnings\u201d. Den tv\u00e6rkunstneriske dialog udfordres og udvides i en f\u00e6llesmenneskelig livsfort\u00e6lling, udtrykt i individuelle og f\u00e6lles v\u00e6rker og objekter med fokus p\u00e5 kroppen, naturens cyklus og livsprocesser.To faggrupper forenes i \u00e9n udstilling, hvor der vises et samspil i materialer og st\u00f8rrelsesforhold mellem de st\u00f8rre v\u00e6vede v\u00e6rker [&hellip;]<\/p>\n","protected":false},"author":2,"featured_media":0,"parent":0,"menu_order":0,"comment_status":"closed","ping_status":"closed","template":"","meta":{"_et_pb_use_builder":"on","_et_pb_old_content":"<div dir=\"ltr\"><div class=\"\"><div class=\"\" dir=\"ltr\"><span class=\"\">Jeg udstiller egne v\u00e6rker og nye f\u00e6lles tv\u00e6rfaglige v\u00e6rker\u00a0<\/span><span class=\"\">i samarbejde med \u00e6delmetalformgiver Annette Dickow. Jeg arbejder p\u00e5 udstillingen under vores f\u00e6lles titel:\u00a0<strong>Endings beginnings,<\/strong>\u00a0der vises i Nicolai kunst og kultur i Kolding fra 4. September 2021.\u00a0<\/span>Tak til statens kunstfond der st\u00f8tter udstillingen.<\/div><div dir=\"ltr\">\u00a0<\/div><\/div><\/div><div dir=\"ltr\">.<\/div><div dir=\"ltr\">\u00a0<\/div><div dir=\"ltr\"><div dir=\"ltr\"><strong>Endings beginnings<\/strong><\/div><div dir=\"ltr\"><em>Reflections from life<\/em><\/div><div dir=\"ltr\">\u00a0<\/div><div dir=\"ltr\">Tekstildesigner\/v\u00e6ver Helene Vonsild og \u00e6delmetalformgiver\/guldsmed Annette Dickow har i samarbejde skabt udstillingen \u201dEndings beginnings\u201d.<\/div><div dir=\"ltr\">\u00a0<\/div><div dir=\"ltr\">Den tv\u00e6rkunstneriske dialog udfordres og udvides i en f\u00e6llesmenneskelig livsfort\u00e6lling, udtrykt i individuelle og f\u00e6lles v\u00e6rker og objekter med fokus p\u00e5 kroppen, naturens cyklus og livsprocesser.<br \/>To faggrupper forenes i \u00e9n udstilling, hvor der vises et samspil i materialer og st\u00f8rrelsesforhold mellem de st\u00f8rre v\u00e6vede v\u00e6rker i tr\u00e5d og garnkombinationer og de mindre objekter i metal og naturmaterialer.<br \/>Der skabes et \u201df\u00e6lles tredje\u201d, et spejlingsrum af sanselighed mellem tr\u00e5d, metal og rum.<\/div><div dir=\"ltr\">\u00a0<\/div><div dir=\"ltr\">Dato: 4. September 2021 \u2013 22.Oktober 2021<br \/>Sted: Nicolai kunst og design, Skolegade 2 C, 6000 Kolding<\/div><\/div>","_et_gb_content_width":"","footnotes":""},"class_list":["post-6643","page","type-page","status-publish","hentry"],"yoast_head":"<!-- This site is optimized with the Yoast SEO plugin v27.3 - https:\/\/yoast.com\/product\/yoast-seo-wordpress\/ -->\n<title>Endings Beginnings | 1+1 Design<\/title>\n<meta name=\"robots\" content=\"index, follow, max-snippet:-1, max-image-preview:large, max-video-preview:-1\" \/>\n<link rel=\"canonical\" href=\"https:\/\/1x1design.dk\/1x1design\/endings-beginnings\/\" \/>\n<meta property=\"og:locale\" content=\"da_DK\" \/>\n<meta property=\"og:type\" content=\"article\" \/>\n<meta property=\"og:title\" content=\"Endings Beginnings | 1+1 Design\" \/>\n<meta property=\"og:description\" content=\"Endings Beginnings - Udstilling Jeg udstiller egne v\u00e6rker og nye f\u00e6lles tv\u00e6rfaglige v\u00e6rker\u00a0i samarbejde med \u00e6delmetalformgiver Annette Dickow. Jeg arbejder p\u00e5 udstillingen under vores f\u00e6lles titel:\u00a0Endings beginnings,\u00a0der vises i Nicolai kunst og kultur i Kolding fra 4. September 2021.\u00a0Tak til statens kunstfond der st\u00f8tter udstillingen. . Endings beginnings Reflections from life Tekstildesigner\/v\u00e6ver Helene Vonsild og \u00e6delmetalformgiver\/guldsmed Annette Dickow har i samarbejde skabt udstillingen \u201dEndings beginnings\u201d. Den tv\u00e6rkunstneriske dialog udfordres og udvides i en f\u00e6llesmenneskelig livsfort\u00e6lling, udtrykt i individuelle og f\u00e6lles v\u00e6rker og objekter med fokus p\u00e5 kroppen, naturens cyklus og livsprocesser.To faggrupper forenes i \u00e9n udstilling, hvor der vises et samspil i materialer og st\u00f8rrelsesforhold mellem de st\u00f8rre v\u00e6vede v\u00e6rker [&hellip;]\" \/>\n<meta property=\"og:url\" content=\"https:\/\/1x1design.dk\/1x1design\/endings-beginnings\/\" \/>\n<meta property=\"og:site_name\" content=\"1+1 Design\" \/>\n<meta property=\"article:modified_time\" content=\"2026-03-11T14:44:57+00:00\" \/>\n<meta name=\"twitter:label1\" content=\"Estimeret l\u00e6setid\" \/>\n\t<meta name=\"twitter:data1\" content=\"1 minut\" \/>\n<script type=\"application\/ld+json\" class=\"yoast-schema-graph\">{\"@context\":\"https:\\\/\\\/schema.org\",\"@graph\":[{\"@type\":\"WebPage\",\"@id\":\"https:\\\/\\\/1x1design.dk\\\/1x1design\\\/endings-beginnings\\\/\",\"url\":\"https:\\\/\\\/1x1design.dk\\\/1x1design\\\/endings-beginnings\\\/\",\"name\":\"Endings Beginnings | 1+1 Design\",\"isPartOf\":{\"@id\":\"https:\\\/\\\/1x1design.dk\\\/1x1design\\\/#website\"},\"datePublished\":\"2026-03-11T14:25:29+00:00\",\"dateModified\":\"2026-03-11T14:44:57+00:00\",\"breadcrumb\":{\"@id\":\"https:\\\/\\\/1x1design.dk\\\/1x1design\\\/endings-beginnings\\\/#breadcrumb\"},\"inLanguage\":\"da-DK\",\"potentialAction\":[{\"@type\":\"ReadAction\",\"target\":[\"https:\\\/\\\/1x1design.dk\\\/1x1design\\\/endings-beginnings\\\/\"]}]},{\"@type\":\"BreadcrumbList\",\"@id\":\"https:\\\/\\\/1x1design.dk\\\/1x1design\\\/endings-beginnings\\\/#breadcrumb\",\"itemListElement\":[{\"@type\":\"ListItem\",\"position\":1,\"name\":\"Hjem\",\"item\":\"https:\\\/\\\/1x1design.dk\\\/1x1design\\\/\"},{\"@type\":\"ListItem\",\"position\":2,\"name\":\"Endings Beginnings\"}]},{\"@type\":\"WebSite\",\"@id\":\"https:\\\/\\\/1x1design.dk\\\/1x1design\\\/#website\",\"url\":\"https:\\\/\\\/1x1design.dk\\\/1x1design\\\/\",\"name\":\"1+1 Design\",\"description\":\"Puder og textildesign\",\"potentialAction\":[{\"@type\":\"SearchAction\",\"target\":{\"@type\":\"EntryPoint\",\"urlTemplate\":\"https:\\\/\\\/1x1design.dk\\\/1x1design\\\/?s={search_term_string}\"},\"query-input\":{\"@type\":\"PropertyValueSpecification\",\"valueRequired\":true,\"valueName\":\"search_term_string\"}}],\"inLanguage\":\"da-DK\"}]}<\/script>\n<!-- \/ Yoast SEO plugin. -->","yoast_head_json":{"title":"Endings Beginnings | 1+1 Design","robots":{"index":"index","follow":"follow","max-snippet":"max-snippet:-1","max-image-preview":"max-image-preview:large","max-video-preview":"max-video-preview:-1"},"canonical":"https:\/\/1x1design.dk\/1x1design\/endings-beginnings\/","og_locale":"da_DK","og_type":"article","og_title":"Endings Beginnings | 1+1 Design","og_description":"Endings Beginnings - Udstilling Jeg udstiller egne v\u00e6rker og nye f\u00e6lles tv\u00e6rfaglige v\u00e6rker\u00a0i samarbejde med \u00e6delmetalformgiver Annette Dickow. Jeg arbejder p\u00e5 udstillingen under vores f\u00e6lles titel:\u00a0Endings beginnings,\u00a0der vises i Nicolai kunst og kultur i Kolding fra 4. September 2021.\u00a0Tak til statens kunstfond der st\u00f8tter udstillingen. . Endings beginnings Reflections from life Tekstildesigner\/v\u00e6ver Helene Vonsild og \u00e6delmetalformgiver\/guldsmed Annette Dickow har i samarbejde skabt udstillingen \u201dEndings beginnings\u201d. Den tv\u00e6rkunstneriske dialog udfordres og udvides i en f\u00e6llesmenneskelig livsfort\u00e6lling, udtrykt i individuelle og f\u00e6lles v\u00e6rker og objekter med fokus p\u00e5 kroppen, naturens cyklus og livsprocesser.To faggrupper forenes i \u00e9n udstilling, hvor der vises et samspil i materialer og st\u00f8rrelsesforhold mellem de st\u00f8rre v\u00e6vede v\u00e6rker [&hellip;]","og_url":"https:\/\/1x1design.dk\/1x1design\/endings-beginnings\/","og_site_name":"1+1 Design","article_modified_time":"2026-03-11T14:44:57+00:00","twitter_misc":{"Estimeret l\u00e6setid":"1 minut"},"schema":{"@context":"https:\/\/schema.org","@graph":[{"@type":"WebPage","@id":"https:\/\/1x1design.dk\/1x1design\/endings-beginnings\/","url":"https:\/\/1x1design.dk\/1x1design\/endings-beginnings\/","name":"Endings Beginnings | 1+1 Design","isPartOf":{"@id":"https:\/\/1x1design.dk\/1x1design\/#website"},"datePublished":"2026-03-11T14:25:29+00:00","dateModified":"2026-03-11T14:44:57+00:00","breadcrumb":{"@id":"https:\/\/1x1design.dk\/1x1design\/endings-beginnings\/#breadcrumb"},"inLanguage":"da-DK","potentialAction":[{"@type":"ReadAction","target":["https:\/\/1x1design.dk\/1x1design\/endings-beginnings\/"]}]},{"@type":"BreadcrumbList","@id":"https:\/\/1x1design.dk\/1x1design\/endings-beginnings\/#breadcrumb","itemListElement":[{"@type":"ListItem","position":1,"name":"Hjem","item":"https:\/\/1x1design.dk\/1x1design\/"},{"@type":"ListItem","position":2,"name":"Endings Beginnings"}]},{"@type":"WebSite","@id":"https:\/\/1x1design.dk\/1x1design\/#website","url":"https:\/\/1x1design.dk\/1x1design\/","name":"1+1 Design","description":"Puder og textildesign","potentialAction":[{"@type":"SearchAction","target":{"@type":"EntryPoint","urlTemplate":"https:\/\/1x1design.dk\/1x1design\/?s={search_term_string}"},"query-input":{"@type":"PropertyValueSpecification","valueRequired":true,"valueName":"search_term_string"}}],"inLanguage":"da-DK"}]}},"_links":{"self":[{"href":"https:\/\/1x1design.dk\/1x1design\/wp-json\/wp\/v2\/pages\/6643","targetHints":{"allow":["GET"]}}],"collection":[{"href":"https:\/\/1x1design.dk\/1x1design\/wp-json\/wp\/v2\/pages"}],"about":[{"href":"https:\/\/1x1design.dk\/1x1design\/wp-json\/wp\/v2\/types\/page"}],"author":[{"embeddable":true,"href":"https:\/\/1x1design.dk\/1x1design\/wp-json\/wp\/v2\/users\/2"}],"replies":[{"embeddable":true,"href":"https:\/\/1x1design.dk\/1x1design\/wp-json\/wp\/v2\/comments?post=6643"}],"version-history":[{"count":4,"href":"https:\/\/1x1design.dk\/1x1design\/wp-json\/wp\/v2\/pages\/6643\/revisions"}],"predecessor-version":[{"id":6656,"href":"https:\/\/1x1design.dk\/1x1design\/wp-json\/wp\/v2\/pages\/6643\/revisions\/6656"}],"wp:attachment":[{"href":"https:\/\/1x1design.dk\/1x1design\/wp-json\/wp\/v2\/media?parent=6643"}],"curies":[{"name":"wp","href":"https:\/\/api.w.org\/{rel}","templated":true}]}}