{"id":6650,"date":"2026-03-11T14:52:44","date_gmt":"2026-03-11T14:52:44","guid":{"rendered":"https:\/\/1x1design.dk\/1x1design\/?page_id=6650"},"modified":"2026-03-11T14:52:44","modified_gmt":"2026-03-11T14:52:44","slug":"livstraade-og-faellesskaber","status":"publish","type":"page","link":"https:\/\/1x1design.dk\/1x1design\/livstraade-og-faellesskaber\/","title":{"rendered":"Livstr\u00e5de og F\u00e6llesskaber"},"content":{"rendered":"<p>[et_pb_section fb_built=&#8221;1&#8243; theme_builder_area=&#8221;post_content&#8221; _builder_version=&#8221;4.27.5&#8243; _module_preset=&#8221;default&#8221; title_text=&#8221;livstraade-faellesskaber&#8221; background_image=&#8221;https:\/\/1x1design.dk\/1x1design\/wp-content\/uploads\/2026\/03\/livstraade-faellesskaber-e1773226773950.jpg&#8221; height=&#8221;40vh&#8221; hover_enabled=&#8221;0&#8243; sticky_enabled=&#8221;0&#8243; background_position=&#8221;top_center&#8221;][\/et_pb_section][et_pb_section fb_built=&#8221;1&#8243; theme_builder_area=&#8221;post_content&#8221; _builder_version=&#8221;4.27.5&#8243; _module_preset=&#8221;default&#8221;][et_pb_row _builder_version=&#8221;4.27.5&#8243; _module_preset=&#8221;default&#8221; theme_builder_area=&#8221;post_content&#8221;][et_pb_column _builder_version=&#8221;4.27.5&#8243; _module_preset=&#8221;default&#8221; type=&#8221;4_4&#8243; theme_builder_area=&#8221;post_content&#8221;][et_pb_text _builder_version=&#8221;4.27.5&#8243; _module_preset=&#8221;default&#8221; theme_builder_area=&#8221;post_content&#8221; hover_enabled=&#8221;0&#8243; sticky_enabled=&#8221;0&#8243;]<\/p>\n<h1>Livstr\u00e5de og F\u00e6llesskaber &#8211; Udstilling<\/h1>\n<p>[\/et_pb_text][et_pb_text _builder_version=&#8221;4.27.5&#8243; _module_preset=&#8221;default&#8221; theme_builder_area=&#8221;post_content&#8221; hover_enabled=&#8221;0&#8243; sticky_enabled=&#8221;0&#8243;]<\/p>\n<div class=\"et_pb_module et_pb_text et_pb_text_0  et_pb_text_align_left et_pb_bg_layout_light\">\n<div class=\"et_pb_text_inner\">\n<p><strong>Udstillingen \u201cLivstr\u00e5de -og f\u00e6llesskaber\u201d <\/strong><strong style=\"font-size: 14px;\">var udstillet i Mellemrummet p\u00e5 Godsbanen, frem til 15.10.19.<\/strong><\/p>\n<p><strong>Livstr\u00e5de -og f\u00e6lleskaber.<\/strong><\/p>\n<p><em>Udstilling i Mellemrummet p\u00e5 Godsbanen 30.September -15.<span>\u00a0<\/span><\/em><em>Oktober 2019.<\/em><\/p>\n<p>Jeg udstillede en r\u00e6kke h\u00e5ndv\u00e6vede<span>\u00a0<\/span><strong>kropsobjekter<\/strong><span>\u00a0<\/span>som var en del af min udstilling i<span>\u00a0<\/span><strong>Officinet i K\u00f8benhavn for\u00e5ret 18 \u201dWoven Lines\u201d<\/strong>\u2013Threads of life.<\/p>\n<p>En r\u00e6kke af kropsobjekterne pr\u00e6senteres i nye sammenh\u00e6ng i \u201dMellemrummets\u201d h\u00f8jde, som<strong><span>\u00a0<\/span>l\u00f8st fritsv\u00e6vende objekter,<\/strong><span>\u00a0<\/span>som afspejler det liv, vi har levet.<\/p>\n<p>En ny historie som<strong><span>\u00a0<\/span>opleves og fort\u00e6ller<\/strong><span>\u00a0<\/span>om det der har v\u00e6ret, de<span>\u00a0<\/span><strong>f\u00e6llesskaber vi i livet har v\u00e6ret en del af og det vi efterlader til vores efterkommere og til f\u00e6llesskabet.<\/strong><\/p>\n<p><em>\u2013 Vi har kroppen som f\u00e6llesskab, og som et f\u00e6lles udtryk. Kropsobjekterne er v\u00e6vede tekstiler til kroppen, som er skabt med inspiration i tiden og livet.<\/em><\/p>\n<\/div>\n<\/div>\n<p>[\/et_pb_text][\/et_pb_column][\/et_pb_row][et_pb_row _builder_version=&#8221;4.27.5&#8243; _module_preset=&#8221;default&#8221; column_structure=&#8221;1_3,1_3,1_3&#8243; theme_builder_area=&#8221;post_content&#8221;][et_pb_column _builder_version=&#8221;4.27.5&#8243; _module_preset=&#8221;default&#8221; type=&#8221;1_3&#8243; theme_builder_area=&#8221;post_content&#8221;][et_pb_image src=&#8221;https:\/\/1x1design.dk\/1x1design\/wp-content\/uploads\/2025\/04\/Helene-Vonsild-1050&#215;1536-1.jpg&#8221; _builder_version=&#8221;4.27.5&#8243; _module_preset=&#8221;default&#8221; theme_builder_area=&#8221;post_content&#8221; hover_enabled=&#8221;0&#8243; sticky_enabled=&#8221;0&#8243; title_text=&#8221;Helene-Vonsild-1050&#215;1536&#8243;][\/et_pb_image][\/et_pb_column][et_pb_column _builder_version=&#8221;4.27.5&#8243; _module_preset=&#8221;default&#8221; type=&#8221;1_3&#8243; theme_builder_area=&#8221;post_content&#8221;][et_pb_image src=&#8221;https:\/\/1x1design.dk\/1x1design\/wp-content\/uploads\/2019\/10\/IMG_1827.jpg&#8221; _builder_version=&#8221;4.27.5&#8243; _module_preset=&#8221;default&#8221; theme_builder_area=&#8221;post_content&#8221; hover_enabled=&#8221;0&#8243; sticky_enabled=&#8221;0&#8243; title_text=&#8221;IMG_1827&#8243;][\/et_pb_image][\/et_pb_column][et_pb_column _builder_version=&#8221;4.27.5&#8243; _module_preset=&#8221;default&#8221; type=&#8221;1_3&#8243; theme_builder_area=&#8221;post_content&#8221;][et_pb_image src=&#8221;https:\/\/1x1design.dk\/1x1design\/wp-content\/uploads\/2021\/01\/Passagen-2019_1_2-scaled.jpg&#8221; _builder_version=&#8221;4.27.5&#8243; _module_preset=&#8221;default&#8221; theme_builder_area=&#8221;post_content&#8221; hover_enabled=&#8221;0&#8243; sticky_enabled=&#8221;0&#8243; title_text=&#8221;Passagen 2019_1_2&#8243;][\/et_pb_image][\/et_pb_column][\/et_pb_row][et_pb_row _builder_version=&#8221;4.27.5&#8243; _module_preset=&#8221;default&#8221; theme_builder_area=&#8221;post_content&#8221;][et_pb_column _builder_version=&#8221;4.27.5&#8243; _module_preset=&#8221;default&#8221; type=&#8221;4_4&#8243; theme_builder_area=&#8221;post_content&#8221;][et_pb_text _builder_version=&#8221;4.27.5&#8243; _module_preset=&#8221;default&#8221; theme_builder_area=&#8221;post_content&#8221; hover_enabled=&#8221;0&#8243; sticky_enabled=&#8221;0&#8243;]<\/p>\n<div class=\"et_pb_module et_pb_text et_pb_text_0  et_pb_text_align_left et_pb_bg_layout_light\">\n<div class=\"et_pb_text_inner\">\n<p>Tiden er en str\u00f8m af gentagelser,<span>\u00a0<\/span><strong>lodret set uendeligt \u2013 vandret set en fortsat bev\u00e6gelse<\/strong>. Tiden oms\u00e6ttes til livslinjer, hvor det centrale er min m\u00e5de at bruge tr\u00e5den p\u00e5 \u2013 hver tr\u00e5d har en betydning og det samlede udtryk rummer<strong><span>\u00a0<\/span>en symbolsk forl\u00e6ngelse af \u00e9ns personlighed.<\/strong><\/p>\n<p>Symbolikken danner kompositioner sammensat af tr\u00e5de, v\u00e6vede strukturflader, rum, mellemrum og afstande, der kombineres og afspejler<span>\u00a0<\/span><strong>linjer og veje i livet.<\/strong><\/p>\n<p>Som v\u00e6ver har jeg fat i hver tr\u00e5d, v\u00e6veprocessen rummer n\u00e6rv\u00e6rets og langsommelighedens \u00e6stetik, tr\u00e5den lever og i nuet dannes tidslinjerne.<\/p>\n<p>Vokstr\u00e5den har sit eget liv og efterlader spor som tid og et levet liv.<\/p>\n<p>Tr\u00e5dene afspejler de kontrollerede og systematiske liv, som efterlades uden kroppen til at strukturere og organisere symmetri og systemer p\u00e5 kroppens proportioner. De opleves nu ukontrollerede og frie, opleves nu ogs\u00e5 igennem og ses indefra og ud.<\/p>\n<p><strong>V\u00e6rkerne skal v\u00e6kke eftertanke om, at vi skal passe p\u00e5 det vi har, vores liv, minder og erfaringer.<\/strong><span>\u00a0<\/span>Ikke mindst h\u00e5ber jeg, at v\u00e6rdien af h\u00e5ndv\u00e6rket kan belyse vore f\u00e6lles ansvar for det aftryk, som vi s\u00e6tter i verden, og derigennem sikre ressourcer til de n\u00e6ste generationer p\u00e5 kloden.<\/p>\n<p>Dialogen mellem objekt og rum skabes i \u201dMellemrummet \u201d via placeringer i hele rummets h\u00f8jde, h\u00e6ngende lodret, og via de rummelige objekter, der konfronterer og g\u00e5r i dialog med publikum.<\/p>\n<p>P\u00e5 v\u00e6ggene vises de vandrette og lodrette formater, som udsnit af de v\u00e6vede objekter vist p\u00e5 kroppen.<\/p>\n<p><em>(Fotograf Martin Busborg. Model Annika Ernst)<\/em><\/p>\n<p>Udstillingen udfordrer og g\u00e5r i dialog med \u201dMellemrummets\u201d linjer; lodret og vandret. Ikke mindst linjerne og aktiviteten af livet og vejen igennem rummet, \u2013 ind og ud, som helt fysisk igennem udstillings perioden efterlader spor som tid og et levet liv, via<strong><span>\u00a0<\/span>flere og flere fodspor, p\u00e5 gulvet i \u201dMellemrummet\u201d.<\/strong><span>\u00a0<\/span>Det efterlader spor af liv p\u00e5 hvidt slidst\u00e6rkt papir, der bekl\u00e6des p\u00e5 gulvet, som en fysisk understregning af temaet igennem udstillings perioden.<\/p>\n<p>Rummet \u201dMellemrummet\u201d kan symbolisere Godsbanen, som \u201det nyt rum\u201d i Aarhus og med<strong><span>\u00a0<\/span>ny funktion og ny aktivitet nu og i fremtiden, \u2013 men med tanke p\u00e5 og minde om fortiden.<\/strong><\/p>\n<p><em>Fotos vist p\u00e5 udstillingen er af Fotograf; Martin Busborg Model: Danser;\u00a0 Annika Ernst<\/em><\/p>\n<\/div>\n<\/div>\n<p>[\/et_pb_text][\/et_pb_column][\/et_pb_row][et_pb_row _builder_version=&#8221;4.27.5&#8243; _module_preset=&#8221;default&#8221; theme_builder_area=&#8221;post_content&#8221; column_structure=&#8221;1_3,1_3,1_3&#8243;][et_pb_column _builder_version=&#8221;4.27.5&#8243; _module_preset=&#8221;default&#8221; type=&#8221;1_3&#8243; theme_builder_area=&#8221;post_content&#8221;][et_pb_image src=&#8221;https:\/\/1x1design.dk\/1x1design\/wp-content\/uploads\/2021\/01\/Passagen-2019_1-scaled.jpg&#8221; _builder_version=&#8221;4.27.5&#8243; _module_preset=&#8221;default&#8221; theme_builder_area=&#8221;post_content&#8221; hover_enabled=&#8221;0&#8243; sticky_enabled=&#8221;0&#8243; alt=&#8221;Helene Vonsilds udstilling; Woven Linen Lines 3.5 &#8211; 19.5.25 https:\/\/hoervaevsmuseet.dk\/woven-linen-lines\/ Hoervaevsmuseet-Krengerum Fyn&#8221; title_text=&#8221;Passagen 2019_1&#8243;][\/et_pb_image][\/et_pb_column][et_pb_column _builder_version=&#8221;4.27.5&#8243; _module_preset=&#8221;default&#8221; type=&#8221;1_3&#8243; theme_builder_area=&#8221;post_content&#8221;][et_pb_image src=&#8221;https:\/\/1x1design.dk\/1x1design\/wp-content\/uploads\/2021\/01\/Passagen-2019_1_1-scaled.jpg&#8221; _builder_version=&#8221;4.27.5&#8243; _module_preset=&#8221;default&#8221; theme_builder_area=&#8221;post_content&#8221; hover_enabled=&#8221;0&#8243; sticky_enabled=&#8221;0&#8243; title_text=&#8221;Passagen 2019_1_1&#8243;][\/et_pb_image][\/et_pb_column][et_pb_column _builder_version=&#8221;4.27.5&#8243; _module_preset=&#8221;default&#8221; type=&#8221;1_3&#8243; theme_builder_area=&#8221;post_content&#8221;][et_pb_image src=&#8221;https:\/\/1x1design.dk\/1x1design\/wp-content\/uploads\/2019\/10\/IMG_1803.jpg&#8221; _builder_version=&#8221;4.27.5&#8243; _module_preset=&#8221;default&#8221; theme_builder_area=&#8221;post_content&#8221; hover_enabled=&#8221;0&#8243; sticky_enabled=&#8221;0&#8243; title_text=&#8221;IMG_1803&#8243;][\/et_pb_image][\/et_pb_column][\/et_pb_row][et_pb_row _builder_version=&#8221;4.27.5&#8243; _module_preset=&#8221;default&#8221; theme_builder_area=&#8221;post_content&#8221;][et_pb_column _builder_version=&#8221;4.27.5&#8243; _module_preset=&#8221;default&#8221; type=&#8221;4_4&#8243; theme_builder_area=&#8221;post_content&#8221;][et_pb_text _builder_version=&#8221;4.27.5&#8243; _module_preset=&#8221;default&#8221; theme_builder_area=&#8221;post_content&#8221; hover_enabled=&#8221;0&#8243; sticky_enabled=&#8221;0&#8243;]<\/p>\n<p><strong>Woven Lines \u2013 Threads of Life<\/strong><\/p>\n<p><strong>The Viking era inspires my project<\/strong><span>\u00a0<\/span>and expresses the life we have lived. The body objects present a new combination of breaks and holes in the textile so the textile can be worn straight after being taken off the loom.<\/p>\n<p>The art expresses what has been and which communities we once were part of and what we leave to the next generation and our community.<\/p>\n<ul>\n<li>The body is our common point of reference and our shared expression. The body objects are woven textiles to the body, created based on the inspiration of the era and life lived in Denmark.<\/li>\n<\/ul>\n<p>Time is a continuous repetition; like my work on the loom, I see the vertical lines as infinite and the horizontal lines as continuing movements. I see it as time transformed into liveliness. Every thread has a purpose, and the whole expression of the textile reflects one\u2019s personality.<\/p>\n<p>The project aims to provoke reflections on the importance of caring for what we have and cherish in life. At the very least, I hope this art project will spotlight the responsibilities we have for each other to ensure that our footprint on the world leaves resources for the generations to come.<\/p>\n<p>Both the memories and experiences we have, nevertheless how our footprint in the world can ensure resources and the value of the handicraft are passed on to the next generation.<\/p>\n<p>[\/et_pb_text][\/et_pb_column][\/et_pb_row][et_pb_row _builder_version=&#8221;4.27.5&#8243; _module_preset=&#8221;default&#8221; theme_builder_area=&#8221;post_content&#8221; column_structure=&#8221;1_3,1_3,1_3&#8243;][et_pb_column _builder_version=&#8221;4.27.5&#8243; _module_preset=&#8221;default&#8221; type=&#8221;1_3&#8243; theme_builder_area=&#8221;post_content&#8221;][et_pb_image src=&#8221;https:\/\/1x1design.dk\/1x1design\/wp-content\/uploads\/2019\/10\/IMG_1803.jpg&#8221; _builder_version=&#8221;4.27.5&#8243; _module_preset=&#8221;default&#8221; theme_builder_area=&#8221;post_content&#8221; hover_enabled=&#8221;0&#8243; sticky_enabled=&#8221;0&#8243; title_text=&#8221;IMG_1803&#8243;][\/et_pb_image][\/et_pb_column][et_pb_column _builder_version=&#8221;4.27.5&#8243; _module_preset=&#8221;default&#8221; type=&#8221;1_3&#8243; theme_builder_area=&#8221;post_content&#8221;][et_pb_image src=&#8221;https:\/\/1x1design.dk\/1x1design\/wp-content\/uploads\/2019\/10\/IMG_1811.jpg&#8221; _builder_version=&#8221;4.27.5&#8243; _module_preset=&#8221;default&#8221; theme_builder_area=&#8221;post_content&#8221; hover_enabled=&#8221;0&#8243; sticky_enabled=&#8221;0&#8243; title_text=&#8221;IMG_1811&#8243;][\/et_pb_image][\/et_pb_column][et_pb_column _builder_version=&#8221;4.27.5&#8243; _module_preset=&#8221;default&#8221; type=&#8221;1_3&#8243; theme_builder_area=&#8221;post_content&#8221;][et_pb_image src=&#8221;https:\/\/1x1design.dk\/1x1design\/wp-content\/uploads\/2019\/10\/IMG_1815.jpg&#8221; _builder_version=&#8221;4.27.5&#8243; _module_preset=&#8221;default&#8221; theme_builder_area=&#8221;post_content&#8221; hover_enabled=&#8221;0&#8243; sticky_enabled=&#8221;0&#8243; title_text=&#8221;IMG_1815&#8243;][\/et_pb_image][\/et_pb_column][\/et_pb_row][\/et_pb_section]<\/p>\n","protected":false},"excerpt":{"rendered":"<p>Livstr\u00e5de og F\u00e6llesskaber &#8211; Udstilling Udstillingen \u201cLivstr\u00e5de -og f\u00e6llesskaber\u201d var udstillet i Mellemrummet p\u00e5 Godsbanen, frem til 15.10.19. Livstr\u00e5de -og f\u00e6lleskaber. Udstilling i Mellemrummet p\u00e5 Godsbanen 30.September -15.\u00a0Oktober 2019. Jeg udstillede en r\u00e6kke h\u00e5ndv\u00e6vede\u00a0kropsobjekter\u00a0som var en del af min udstilling i\u00a0Officinet i K\u00f8benhavn for\u00e5ret 18 \u201dWoven Lines\u201d\u2013Threads of life. En r\u00e6kke af kropsobjekterne pr\u00e6senteres i nye sammenh\u00e6ng i \u201dMellemrummets\u201d h\u00f8jde, som\u00a0l\u00f8st fritsv\u00e6vende objekter,\u00a0som afspejler det liv, vi har levet. En ny historie som\u00a0opleves og fort\u00e6ller\u00a0om det der har v\u00e6ret, de\u00a0f\u00e6llesskaber vi i livet har v\u00e6ret en del af og det vi efterlader til vores efterkommere og til f\u00e6llesskabet. \u2013 Vi har kroppen som f\u00e6llesskab, og som et f\u00e6lles udtryk. Kropsobjekterne [&hellip;]<\/p>\n","protected":false},"author":2,"featured_media":0,"parent":0,"menu_order":0,"comment_status":"closed","ping_status":"closed","template":"","meta":{"_et_pb_use_builder":"on","_et_pb_old_content":"","_et_gb_content_width":"","footnotes":""},"class_list":["post-6650","page","type-page","status-publish","hentry"],"yoast_head":"<!-- This site is optimized with the Yoast SEO plugin v27.3 - https:\/\/yoast.com\/product\/yoast-seo-wordpress\/ -->\n<title>Livstr\u00e5de og F\u00e6llesskaber | 1+1 Design<\/title>\n<meta name=\"robots\" content=\"index, follow, max-snippet:-1, max-image-preview:large, max-video-preview:-1\" \/>\n<link rel=\"canonical\" href=\"https:\/\/1x1design.dk\/1x1design\/livstraade-og-faellesskaber\/\" \/>\n<meta property=\"og:locale\" content=\"da_DK\" \/>\n<meta property=\"og:type\" content=\"article\" \/>\n<meta property=\"og:title\" content=\"Livstr\u00e5de og F\u00e6llesskaber | 1+1 Design\" \/>\n<meta property=\"og:description\" content=\"Livstr\u00e5de og F\u00e6llesskaber - Udstilling Udstillingen \u201cLivstr\u00e5de -og f\u00e6llesskaber\u201d var udstillet i Mellemrummet p\u00e5 Godsbanen, frem til 15.10.19. Livstr\u00e5de -og f\u00e6lleskaber. Udstilling i Mellemrummet p\u00e5 Godsbanen 30.September -15.\u00a0Oktober 2019. Jeg udstillede en r\u00e6kke h\u00e5ndv\u00e6vede\u00a0kropsobjekter\u00a0som var en del af min udstilling i\u00a0Officinet i K\u00f8benhavn for\u00e5ret 18 \u201dWoven Lines\u201d\u2013Threads of life. En r\u00e6kke af kropsobjekterne pr\u00e6senteres i nye sammenh\u00e6ng i \u201dMellemrummets\u201d h\u00f8jde, som\u00a0l\u00f8st fritsv\u00e6vende objekter,\u00a0som afspejler det liv, vi har levet. En ny historie som\u00a0opleves og fort\u00e6ller\u00a0om det der har v\u00e6ret, de\u00a0f\u00e6llesskaber vi i livet har v\u00e6ret en del af og det vi efterlader til vores efterkommere og til f\u00e6llesskabet. \u2013 Vi har kroppen som f\u00e6llesskab, og som et f\u00e6lles udtryk. Kropsobjekterne [&hellip;]\" \/>\n<meta property=\"og:url\" content=\"https:\/\/1x1design.dk\/1x1design\/livstraade-og-faellesskaber\/\" \/>\n<meta property=\"og:site_name\" content=\"1+1 Design\" \/>\n<script type=\"application\/ld+json\" class=\"yoast-schema-graph\">{\"@context\":\"https:\\\/\\\/schema.org\",\"@graph\":[{\"@type\":\"WebPage\",\"@id\":\"https:\\\/\\\/1x1design.dk\\\/1x1design\\\/livstraade-og-faellesskaber\\\/\",\"url\":\"https:\\\/\\\/1x1design.dk\\\/1x1design\\\/livstraade-og-faellesskaber\\\/\",\"name\":\"Livstr\u00e5de og F\u00e6llesskaber | 1+1 Design\",\"isPartOf\":{\"@id\":\"https:\\\/\\\/1x1design.dk\\\/1x1design\\\/#website\"},\"datePublished\":\"2026-03-11T14:52:44+00:00\",\"breadcrumb\":{\"@id\":\"https:\\\/\\\/1x1design.dk\\\/1x1design\\\/livstraade-og-faellesskaber\\\/#breadcrumb\"},\"inLanguage\":\"da-DK\",\"potentialAction\":[{\"@type\":\"ReadAction\",\"target\":[\"https:\\\/\\\/1x1design.dk\\\/1x1design\\\/livstraade-og-faellesskaber\\\/\"]}]},{\"@type\":\"BreadcrumbList\",\"@id\":\"https:\\\/\\\/1x1design.dk\\\/1x1design\\\/livstraade-og-faellesskaber\\\/#breadcrumb\",\"itemListElement\":[{\"@type\":\"ListItem\",\"position\":1,\"name\":\"Hjem\",\"item\":\"https:\\\/\\\/1x1design.dk\\\/1x1design\\\/\"},{\"@type\":\"ListItem\",\"position\":2,\"name\":\"Livstr\u00e5de og F\u00e6llesskaber\"}]},{\"@type\":\"WebSite\",\"@id\":\"https:\\\/\\\/1x1design.dk\\\/1x1design\\\/#website\",\"url\":\"https:\\\/\\\/1x1design.dk\\\/1x1design\\\/\",\"name\":\"1+1 Design\",\"description\":\"Puder og textildesign\",\"potentialAction\":[{\"@type\":\"SearchAction\",\"target\":{\"@type\":\"EntryPoint\",\"urlTemplate\":\"https:\\\/\\\/1x1design.dk\\\/1x1design\\\/?s={search_term_string}\"},\"query-input\":{\"@type\":\"PropertyValueSpecification\",\"valueRequired\":true,\"valueName\":\"search_term_string\"}}],\"inLanguage\":\"da-DK\"}]}<\/script>\n<!-- \/ Yoast SEO plugin. -->","yoast_head_json":{"title":"Livstr\u00e5de og F\u00e6llesskaber | 1+1 Design","robots":{"index":"index","follow":"follow","max-snippet":"max-snippet:-1","max-image-preview":"max-image-preview:large","max-video-preview":"max-video-preview:-1"},"canonical":"https:\/\/1x1design.dk\/1x1design\/livstraade-og-faellesskaber\/","og_locale":"da_DK","og_type":"article","og_title":"Livstr\u00e5de og F\u00e6llesskaber | 1+1 Design","og_description":"Livstr\u00e5de og F\u00e6llesskaber - Udstilling Udstillingen \u201cLivstr\u00e5de -og f\u00e6llesskaber\u201d var udstillet i Mellemrummet p\u00e5 Godsbanen, frem til 15.10.19. Livstr\u00e5de -og f\u00e6lleskaber. Udstilling i Mellemrummet p\u00e5 Godsbanen 30.September -15.\u00a0Oktober 2019. Jeg udstillede en r\u00e6kke h\u00e5ndv\u00e6vede\u00a0kropsobjekter\u00a0som var en del af min udstilling i\u00a0Officinet i K\u00f8benhavn for\u00e5ret 18 \u201dWoven Lines\u201d\u2013Threads of life. En r\u00e6kke af kropsobjekterne pr\u00e6senteres i nye sammenh\u00e6ng i \u201dMellemrummets\u201d h\u00f8jde, som\u00a0l\u00f8st fritsv\u00e6vende objekter,\u00a0som afspejler det liv, vi har levet. En ny historie som\u00a0opleves og fort\u00e6ller\u00a0om det der har v\u00e6ret, de\u00a0f\u00e6llesskaber vi i livet har v\u00e6ret en del af og det vi efterlader til vores efterkommere og til f\u00e6llesskabet. \u2013 Vi har kroppen som f\u00e6llesskab, og som et f\u00e6lles udtryk. Kropsobjekterne [&hellip;]","og_url":"https:\/\/1x1design.dk\/1x1design\/livstraade-og-faellesskaber\/","og_site_name":"1+1 Design","schema":{"@context":"https:\/\/schema.org","@graph":[{"@type":"WebPage","@id":"https:\/\/1x1design.dk\/1x1design\/livstraade-og-faellesskaber\/","url":"https:\/\/1x1design.dk\/1x1design\/livstraade-og-faellesskaber\/","name":"Livstr\u00e5de og F\u00e6llesskaber | 1+1 Design","isPartOf":{"@id":"https:\/\/1x1design.dk\/1x1design\/#website"},"datePublished":"2026-03-11T14:52:44+00:00","breadcrumb":{"@id":"https:\/\/1x1design.dk\/1x1design\/livstraade-og-faellesskaber\/#breadcrumb"},"inLanguage":"da-DK","potentialAction":[{"@type":"ReadAction","target":["https:\/\/1x1design.dk\/1x1design\/livstraade-og-faellesskaber\/"]}]},{"@type":"BreadcrumbList","@id":"https:\/\/1x1design.dk\/1x1design\/livstraade-og-faellesskaber\/#breadcrumb","itemListElement":[{"@type":"ListItem","position":1,"name":"Hjem","item":"https:\/\/1x1design.dk\/1x1design\/"},{"@type":"ListItem","position":2,"name":"Livstr\u00e5de og F\u00e6llesskaber"}]},{"@type":"WebSite","@id":"https:\/\/1x1design.dk\/1x1design\/#website","url":"https:\/\/1x1design.dk\/1x1design\/","name":"1+1 Design","description":"Puder og textildesign","potentialAction":[{"@type":"SearchAction","target":{"@type":"EntryPoint","urlTemplate":"https:\/\/1x1design.dk\/1x1design\/?s={search_term_string}"},"query-input":{"@type":"PropertyValueSpecification","valueRequired":true,"valueName":"search_term_string"}}],"inLanguage":"da-DK"}]}},"_links":{"self":[{"href":"https:\/\/1x1design.dk\/1x1design\/wp-json\/wp\/v2\/pages\/6650","targetHints":{"allow":["GET"]}}],"collection":[{"href":"https:\/\/1x1design.dk\/1x1design\/wp-json\/wp\/v2\/pages"}],"about":[{"href":"https:\/\/1x1design.dk\/1x1design\/wp-json\/wp\/v2\/types\/page"}],"author":[{"embeddable":true,"href":"https:\/\/1x1design.dk\/1x1design\/wp-json\/wp\/v2\/users\/2"}],"replies":[{"embeddable":true,"href":"https:\/\/1x1design.dk\/1x1design\/wp-json\/wp\/v2\/comments?post=6650"}],"version-history":[{"count":2,"href":"https:\/\/1x1design.dk\/1x1design\/wp-json\/wp\/v2\/pages\/6650\/revisions"}],"predecessor-version":[{"id":6657,"href":"https:\/\/1x1design.dk\/1x1design\/wp-json\/wp\/v2\/pages\/6650\/revisions\/6657"}],"wp:attachment":[{"href":"https:\/\/1x1design.dk\/1x1design\/wp-json\/wp\/v2\/media?parent=6650"}],"curies":[{"name":"wp","href":"https:\/\/api.w.org\/{rel}","templated":true}]}}