{"id":6660,"date":"2026-03-11T14:59:40","date_gmt":"2026-03-11T14:59:40","guid":{"rendered":"https:\/\/1x1design.dk\/1x1design\/?page_id=6660"},"modified":"2026-03-11T14:59:40","modified_gmt":"2026-03-11T14:59:40","slug":"woven-lines-threads-of-life","status":"publish","type":"page","link":"https:\/\/1x1design.dk\/1x1design\/woven-lines-threads-of-life\/","title":{"rendered":"Woven Lines &#8211; Threads of life"},"content":{"rendered":"<p>[et_pb_section fb_built=&#8221;1&#8243; theme_builder_area=&#8221;post_content&#8221; _builder_version=&#8221;4.27.5&#8243; _module_preset=&#8221;default&#8221; title_text=&#8221;helene-woven-lines-closeup&#8221; background_image=&#8221;https:\/\/1x1design.dk\/1x1design\/wp-content\/uploads\/2026\/03\/helene-woven-lines-closeup.jpg&#8221; hover_enabled=&#8221;0&#8243; sticky_enabled=&#8221;0&#8243;][\/et_pb_section][et_pb_section fb_built=&#8221;1&#8243; theme_builder_area=&#8221;post_content&#8221; _builder_version=&#8221;4.27.5&#8243; _module_preset=&#8221;default&#8221;][et_pb_row _builder_version=&#8221;4.27.5&#8243; _module_preset=&#8221;default&#8221; theme_builder_area=&#8221;post_content&#8221;][et_pb_column _builder_version=&#8221;4.27.5&#8243; _module_preset=&#8221;default&#8221; type=&#8221;4_4&#8243; theme_builder_area=&#8221;post_content&#8221;][et_pb_text _builder_version=&#8221;4.27.5&#8243; _module_preset=&#8221;default&#8221; theme_builder_area=&#8221;post_content&#8221; hover_enabled=&#8221;0&#8243; sticky_enabled=&#8221;0&#8243;]<\/p>\n<h1 class=\"mc-toc-title\">WOVEN LINES \u00a0\u2013 Threads of Life<\/h1>\n<p>[\/et_pb_text][et_pb_text _builder_version=&#8221;4.27.5&#8243; _module_preset=&#8221;default&#8221; theme_builder_area=&#8221;post_content&#8221; hover_enabled=&#8221;0&#8243; sticky_enabled=&#8221;0&#8243;]<\/p>\n<p class=\"mc-toc-title\">Udstillingen\u00a0<em>Woven Lines-Threads of Life<\/em>\u00a0af tekstildesigner Helene Vonsild viser en r\u00e6kke v\u00e6vede kropsobjekter, der i udtrykket befinder sig mellem smykke og bekl\u00e6dning. Objekterne er v\u00e6vet over liv, fort\u00e6llinger og stemninger, hvor hver tr\u00e5d till\u00e6gges en betydning. Se kortfilm af fotograf Martin Busborg om Woven Lines- Threads of Life:\u00a0<a href=\"https:\/\/www.youtube.com\/watch?v=d34Pe9r3Nso\" target=\"_blank\" rel=\"noopener noreferrer\" data-cke-saved-href=\"https:\/\/www.youtube.com\/watch?v=d34Pe9r3Nso\" data-cmp-vendor=\"179\">her<\/a><a href=\"https:\/\/www.youtube.com\/watch?v=d34Pe9r3Nso\" data-cke-saved-href=\"https:\/\/www.youtube.com\/watch?v=d34Pe9r3Nso\" data-cmp-vendor=\"179\">\u00a0<\/a><\/p>\n<h3 class=\"null\"><span><strong><\/strong><\/span><\/h3>\n<h3 class=\"null\"><span><strong>Tiden og livet<\/strong><\/span><\/h3>\n<p><span><strong><br \/><\/strong>I Woven Lines \u2013 Threads of Life forenes objekt og menneske gennem tid, fort\u00e6lling, tr\u00e5d og h\u00e5ndens arbejde.<\/span><br \/><span>Tr\u00e5dene samles p\u00e5 v\u00e6ven og danner forskellige kompositioner af strukturflader, \u00e5bne rum, mellemrum og afstande, der afspejler livet oplevet som tid. I v\u00e6ven er lodrette tr\u00e5de monteret som faste elementer, mens v\u00e6veren tilf\u00f8rer de vandrette tr\u00e5de til at skabe bev\u00e6gelse og struktur. Tiden er en str\u00f8m af gentagelser, lodret set uendeligt \u2013 vandret set en fortsat bev\u00e6gelse. De lodrette tr\u00e5de symboliserer tid og liv, mens de vandrette tr\u00e5de symboliserer hverdagens egen bev\u00e6gelse. Hver tr\u00e5d har en betydning og objektets samlede udtryk kan opfattes som en symbolsk livslinje.<\/span><\/p>\n<p>[\/et_pb_text][\/et_pb_column][\/et_pb_row][et_pb_row _builder_version=&#8221;4.27.5&#8243; _module_preset=&#8221;default&#8221; column_structure=&#8221;1_2,1_2&#8243; theme_builder_area=&#8221;post_content&#8221;][et_pb_column _builder_version=&#8221;4.27.5&#8243; _module_preset=&#8221;default&#8221; type=&#8221;1_2&#8243; theme_builder_area=&#8221;post_content&#8221;][et_pb_image src=&#8221;https:\/\/1x1design.dk\/1x1design\/wp-content\/uploads\/2018\/04\/Woven-Lines_3_1-sm.jpg&#8221; _builder_version=&#8221;4.27.5&#8243; _module_preset=&#8221;default&#8221; theme_builder_area=&#8221;post_content&#8221; hover_enabled=&#8221;0&#8243; sticky_enabled=&#8221;0&#8243; title_text=&#8221;Woven Lines_3_1 sm&#8221;][\/et_pb_image][\/et_pb_column][et_pb_column _builder_version=&#8221;4.27.5&#8243; _module_preset=&#8221;default&#8221; type=&#8221;1_2&#8243; theme_builder_area=&#8221;post_content&#8221;][et_pb_image src=&#8221;https:\/\/1x1design.dk\/1x1design\/wp-content\/uploads\/2018\/04\/Woven-Lines_2_4-sm.jpg&#8221; _builder_version=&#8221;4.27.5&#8243; _module_preset=&#8221;default&#8221; theme_builder_area=&#8221;post_content&#8221; hover_enabled=&#8221;0&#8243; sticky_enabled=&#8221;0&#8243; title_text=&#8221;Woven Lines_2_4 sm&#8221;][\/et_pb_image][\/et_pb_column][\/et_pb_row][et_pb_row _builder_version=&#8221;4.27.5&#8243; _module_preset=&#8221;default&#8221; theme_builder_area=&#8221;post_content&#8221;][et_pb_column _builder_version=&#8221;4.27.5&#8243; _module_preset=&#8221;default&#8221; type=&#8221;4_4&#8243; theme_builder_area=&#8221;post_content&#8221;][et_pb_text _builder_version=&#8221;4.27.5&#8243; _module_preset=&#8221;default&#8221; theme_builder_area=&#8221;post_content&#8221; hover_enabled=&#8221;0&#8243; sticky_enabled=&#8221;0&#8243;]<\/p>\n<h3 class=\"null\"><span><strong>Krop og objekt<\/strong><\/span><\/h3>\n<p class=\"null\"><span>Krop og tekstil danner sammen en ny form, der er betinget af m\u00f8det mellem stoflighed og menneske. Helene Vonsild udfordre opfattelsen af, hvordan v\u00e6vede tekstiler kan benyttes i et gr\u00e6nseland mellem smykke og bekl\u00e6dning, og mellem funktionalitet og \u00e6stetik. De voksede h\u00f8rtr\u00e5de bliver karakterb\u00e6rende med synlige spor i fladerne, p\u00e5 samme m\u00e5de som tid og levet liv aftegner sig i mennesket.<\/span><\/p>\n<h3 class=\"null\"><span><br \/><strong>N\u00e6rv\u00e6r og langsommelighedens \u00e6stetik\u00a0<\/strong><\/span><\/h3>\n<p class=\"null\"><span>Som v\u00e6ver har Helene Vonsild fat i hver eneste tr\u00e5d. V\u00e6veprocessen rummer n\u00e6rv\u00e6rets og langsommelighedens \u00e6stetik med en rytmisk gentagelse af bev\u00e6gelser. Objekterne har udgangspunkt i l\u00e6rredsv\u00e6vning, hvor to tr\u00e5de krydses. En grundl\u00e6ggende v\u00e6veteknik, der g\u00e5r helt tilbage til Vikingetiden. Det er den kunstneriske fortolkning og bearbejdning af tr\u00e5dene, der skaber forskelligartede udtryk og stemninger i de enkelte objekter. Livet v\u00e6ves poetisk ind p\u00e5 den mest enkle m\u00e5de. P\u00e5 udstillingen vises en serie med forskellige v\u00e6vede kropsobjekter i kombination med detalje fotos af fotograf: Martin Busborg, og danser &amp; model: Annika H\u00f8egholm Ernst Lauridsen.<\/span><\/p>\n<p><em>Pressefotos: Martin Busborg.<\/em><br \/><em>Model:\u00a0Annika H\u00f8egholm Ernst Lauridsen.<\/em><\/p>\n<p>[\/et_pb_text][\/et_pb_column][\/et_pb_row][et_pb_row _builder_version=&#8221;4.27.5&#8243; _module_preset=&#8221;default&#8221; column_structure=&#8221;1_2,1_2&#8243; theme_builder_area=&#8221;post_content&#8221;][et_pb_column _builder_version=&#8221;4.27.5&#8243; _module_preset=&#8221;default&#8221; type=&#8221;1_2&#8243; theme_builder_area=&#8221;post_content&#8221;][et_pb_image src=&#8221;https:\/\/1x1design.dk\/1x1design\/wp-content\/uploads\/2018\/04\/Woven-Lines_2_1-sm.jpg&#8221; _builder_version=&#8221;4.27.5&#8243; _module_preset=&#8221;default&#8221; theme_builder_area=&#8221;post_content&#8221; title_text=&#8221;Woven Lines_2_1 sm&#8221; hover_enabled=&#8221;0&#8243; sticky_enabled=&#8221;0&#8243;][\/et_pb_image][\/et_pb_column][et_pb_column _builder_version=&#8221;4.27.5&#8243; _module_preset=&#8221;default&#8221; type=&#8221;1_2&#8243; theme_builder_area=&#8221;post_content&#8221;][et_pb_image src=&#8221;https:\/\/1x1design.dk\/1x1design\/wp-content\/uploads\/2018\/04\/Woven-Lines_2-sm.jpg&#8221; _builder_version=&#8221;4.27.5&#8243; _module_preset=&#8221;default&#8221; theme_builder_area=&#8221;post_content&#8221; title_text=&#8221;Woven Lines_2 sm&#8221; hover_enabled=&#8221;0&#8243; sticky_enabled=&#8221;0&#8243;][\/et_pb_image][\/et_pb_column][\/et_pb_row][et_pb_row _builder_version=&#8221;4.27.5&#8243; _module_preset=&#8221;default&#8221; theme_builder_area=&#8221;post_content&#8221;][et_pb_column _builder_version=&#8221;4.27.5&#8243; _module_preset=&#8221;default&#8221; type=&#8221;4_4&#8243; theme_builder_area=&#8221;post_content&#8221;][et_pb_text _builder_version=&#8221;4.27.5&#8243; _module_preset=&#8221;default&#8221; theme_builder_area=&#8221;post_content&#8221; hover_enabled=&#8221;0&#8243; sticky_enabled=&#8221;0&#8243;]<\/p>\n<h3><span><strong>Unik tekstil<\/strong><\/span><\/h3>\n<p><span>Tekstil designer og v\u00e6ver Helene Vonsild eksperimenterer med tekstiler; m\u00f8det mellem materialer, forskellige strukturer og hvordan man med enkle teknikker kan skabe noget nyt og unikt. Hun er drevet af den fundamentale fascination med de mange muligheder der ligger i at kombinere to n\u00f8gler garn og med de nye muligheder der opst\u00e5r i den eksperimenterende proces. I hendes mangfoldige arbejde konstruerer og designer Helene specielle strukturer med et sp\u00e6ndende sammenspil af forskellige materialer og farver.<\/span><\/p>\n<p class=\"p1\"><em>Fotograf:\u00a0<span>\u00a0<\/span><span class=\"s1\">Britta Egebjerg \/ Model:\u00a0<span>\u00a0<\/span><\/span><span class=\"s1\">Emilie Kathrine Vonsild Schou<\/span><\/em><\/p>\n<p class=\"p1\"><span class=\"s1\">Helene Vonsilds projekt \u201dThe four temperaments\u201d er udtaget som nummer 28 ud af 139 indsendte projekter. Hun deltog med hendes hand v\u00e6vede v\u00e6rker der fortolker de fire temperamenter i individuelle tekstile udtryk. I sammenspillet med menneskelige bev\u00e6gelser er der formet forskellige udtryk. B\u00e5de det overraskende og innovative i uldet i det to-dimensionelle stof, og det tre-dimensionelle udtryk hos mennesket er tilf\u00f8rt i det n\u00f8je gennemt\u00e6nkte sammenspil.<\/span><\/p>\n<p class=\"p1\"><span class=\"s1\">Det er den tredje gang at Helene Vonsild er blevet anerkendt p\u00e5 Biennalen for hendes arbejde, men det er f\u00f8rste gang med et h\u00e5nd lavet projekt. \u201dValget af stof og designet muligg\u00f8r det udtryksfulde i teksturen, det sensoriske i den stilhed der er i et stof der ellers larmer. Det er et design der b\u00e5de er udtryksfuldt og rummer sammenspillet mellem design, krop og bev\u00e6gelse. Teksturen har til form\u00e5l at fremh\u00e6ve kroppens bev\u00e6gelse og temperament, samtidig med at det skal fremh\u00e6ve de bl\u00f8de bev\u00e6gelser i kroppen og naturen i stoffet\u201d siger Helene Vonsild om den udfordring det har v\u00e6ret at fremstille noget der ville udtrykke de fire kropstemperamenter.<\/span><\/p>\n<p><em>In English<\/em><\/p>\n<p>Helene Vonsilds project \u201cThe four temperaments\u201d is assumed as one in 28 among 139 projects submitted. She participates with her handwoven work that interprets the four temperaments into individual textile expressions. Applied to human movement, it forms an expressive, surprising, and innovative artistic whole in which the two-dimensional fabric and the three-dimensional human expression are amplified.\u00a0<\/p>\n<p>This was the third time Helene Vonsild\u2019s work was assumed for the prestigious Biennale, but it\u2019s the first time she participated in a handwoven project.<\/p>\n<p>\u201cThe textile was designed to be able to express textural, sensory and accurately in silence, but also accommodate the design, body and movement merge. The texture should enhance the movement and temperamental characteristics. At the same time, the movement must substantiate the textural expression \u2013 and highlight the nature of the fabrics,\u201c Helene Vonsild says, commenting on the challenge she gave herself when she decided to create the four body-worn temperaments.<\/p>\n<p>[\/et_pb_text][\/et_pb_column][\/et_pb_row][et_pb_row _builder_version=&#8221;4.27.5&#8243; _module_preset=&#8221;default&#8221; column_structure=&#8221;1_4,1_4,1_4,1_4&#8243; theme_builder_area=&#8221;post_content&#8221;][et_pb_column _builder_version=&#8221;4.27.5&#8243; _module_preset=&#8221;default&#8221; type=&#8221;1_4&#8243; theme_builder_area=&#8221;post_content&#8221;][et_pb_image src=&#8221;https:\/\/1x1design.dk\/1x1design\/wp-content\/uploads\/2018\/04\/Woven-Lines0222-sm.jpg&#8221; _builder_version=&#8221;4.27.5&#8243; _module_preset=&#8221;default&#8221; theme_builder_area=&#8221;post_content&#8221; hover_enabled=&#8221;0&#8243; sticky_enabled=&#8221;0&#8243; title_text=&#8221;Woven Lines0222 sm&#8221;][\/et_pb_image][\/et_pb_column][et_pb_column _builder_version=&#8221;4.27.5&#8243; _module_preset=&#8221;default&#8221; type=&#8221;1_4&#8243; theme_builder_area=&#8221;post_content&#8221;][et_pb_image src=&#8221;https:\/\/1x1design.dk\/1x1design\/wp-content\/uploads\/2026\/03\/helene-woven-lines-closeup.jpg&#8221; _builder_version=&#8221;4.27.5&#8243; _module_preset=&#8221;default&#8221; theme_builder_area=&#8221;post_content&#8221; hover_enabled=&#8221;0&#8243; sticky_enabled=&#8221;0&#8243; title_text=&#8221;helene-woven-lines-closeup&#8221;][\/et_pb_image][\/et_pb_column][et_pb_column _builder_version=&#8221;4.27.5&#8243; _module_preset=&#8221;default&#8221; type=&#8221;1_4&#8243; theme_builder_area=&#8221;post_content&#8221;][et_pb_image src=&#8221;https:\/\/1x1design.dk\/1x1design\/wp-content\/uploads\/2018\/04\/Woven-Lines_2_5-sm.jpg&#8221; _builder_version=&#8221;4.27.5&#8243; _module_preset=&#8221;default&#8221; theme_builder_area=&#8221;post_content&#8221; title_text=&#8221;Woven Lines_2_5 sm&#8221; hover_enabled=&#8221;0&#8243; sticky_enabled=&#8221;0&#8243;][\/et_pb_image][\/et_pb_column][et_pb_column _builder_version=&#8221;4.27.5&#8243; _module_preset=&#8221;default&#8221; type=&#8221;1_4&#8243; theme_builder_area=&#8221;post_content&#8221;][et_pb_image src=&#8221;https:\/\/1x1design.dk\/1x1design\/wp-content\/uploads\/2018\/04\/Woven-Lines_2_6-sm.jpg&#8221; _builder_version=&#8221;4.27.5&#8243; _module_preset=&#8221;default&#8221; theme_builder_area=&#8221;post_content&#8221; title_text=&#8221;Woven Lines_2_6 sm&#8221; hover_enabled=&#8221;0&#8243; sticky_enabled=&#8221;0&#8243;][\/et_pb_image][\/et_pb_column][\/et_pb_row][\/et_pb_section]<\/p>\n","protected":false},"excerpt":{"rendered":"<p>WOVEN LINES \u00a0\u2013 Threads of LifeUdstillingen\u00a0Woven Lines-Threads of Life\u00a0af tekstildesigner Helene Vonsild viser en r\u00e6kke v\u00e6vede kropsobjekter, der i udtrykket befinder sig mellem smykke og bekl\u00e6dning. Objekterne er v\u00e6vet over liv, fort\u00e6llinger og stemninger, hvor hver tr\u00e5d till\u00e6gges en betydning. Se kortfilm af fotograf Martin Busborg om Woven Lines- Threads of Life:\u00a0her\u00a0 Tiden og livet I Woven Lines \u2013 Threads of Life forenes objekt og menneske gennem tid, fort\u00e6lling, tr\u00e5d og h\u00e5ndens arbejde.Tr\u00e5dene samles p\u00e5 v\u00e6ven og danner forskellige kompositioner af strukturflader, \u00e5bne rum, mellemrum og afstande, der afspejler livet oplevet som tid. I v\u00e6ven er lodrette tr\u00e5de monteret som faste elementer, mens v\u00e6veren tilf\u00f8rer de vandrette tr\u00e5de til at [&hellip;]<\/p>\n","protected":false},"author":2,"featured_media":0,"parent":0,"menu_order":0,"comment_status":"closed","ping_status":"closed","template":"","meta":{"_et_pb_use_builder":"on","_et_pb_old_content":"","_et_gb_content_width":"","footnotes":""},"class_list":["post-6660","page","type-page","status-publish","hentry"],"yoast_head":"<!-- This site is optimized with the Yoast SEO plugin v27.3 - https:\/\/yoast.com\/product\/yoast-seo-wordpress\/ -->\n<title>Woven Lines - Threads of life | 1+1 Design<\/title>\n<meta name=\"robots\" content=\"index, follow, max-snippet:-1, max-image-preview:large, max-video-preview:-1\" \/>\n<link rel=\"canonical\" href=\"https:\/\/1x1design.dk\/1x1design\/woven-lines-threads-of-life\/\" \/>\n<meta property=\"og:locale\" content=\"da_DK\" \/>\n<meta property=\"og:type\" content=\"article\" \/>\n<meta property=\"og:title\" content=\"Woven Lines - Threads of life | 1+1 Design\" \/>\n<meta property=\"og:description\" content=\"WOVEN LINES \u00a0\u2013 Threads of LifeUdstillingen\u00a0Woven Lines-Threads of Life\u00a0af tekstildesigner Helene Vonsild viser en r\u00e6kke v\u00e6vede kropsobjekter, der i udtrykket befinder sig mellem smykke og bekl\u00e6dning. Objekterne er v\u00e6vet over liv, fort\u00e6llinger og stemninger, hvor hver tr\u00e5d till\u00e6gges en betydning. Se kortfilm af fotograf Martin Busborg om Woven Lines- Threads of Life:\u00a0her\u00a0 Tiden og livet I Woven Lines \u2013 Threads of Life forenes objekt og menneske gennem tid, fort\u00e6lling, tr\u00e5d og h\u00e5ndens arbejde.Tr\u00e5dene samles p\u00e5 v\u00e6ven og danner forskellige kompositioner af strukturflader, \u00e5bne rum, mellemrum og afstande, der afspejler livet oplevet som tid. I v\u00e6ven er lodrette tr\u00e5de monteret som faste elementer, mens v\u00e6veren tilf\u00f8rer de vandrette tr\u00e5de til at [&hellip;]\" \/>\n<meta property=\"og:url\" content=\"https:\/\/1x1design.dk\/1x1design\/woven-lines-threads-of-life\/\" \/>\n<meta property=\"og:site_name\" content=\"1+1 Design\" \/>\n<script type=\"application\/ld+json\" class=\"yoast-schema-graph\">{\"@context\":\"https:\\\/\\\/schema.org\",\"@graph\":[{\"@type\":\"WebPage\",\"@id\":\"https:\\\/\\\/1x1design.dk\\\/1x1design\\\/woven-lines-threads-of-life\\\/\",\"url\":\"https:\\\/\\\/1x1design.dk\\\/1x1design\\\/woven-lines-threads-of-life\\\/\",\"name\":\"Woven Lines - Threads of life | 1+1 Design\",\"isPartOf\":{\"@id\":\"https:\\\/\\\/1x1design.dk\\\/1x1design\\\/#website\"},\"datePublished\":\"2026-03-11T14:59:40+00:00\",\"breadcrumb\":{\"@id\":\"https:\\\/\\\/1x1design.dk\\\/1x1design\\\/woven-lines-threads-of-life\\\/#breadcrumb\"},\"inLanguage\":\"da-DK\",\"potentialAction\":[{\"@type\":\"ReadAction\",\"target\":[\"https:\\\/\\\/1x1design.dk\\\/1x1design\\\/woven-lines-threads-of-life\\\/\"]}]},{\"@type\":\"BreadcrumbList\",\"@id\":\"https:\\\/\\\/1x1design.dk\\\/1x1design\\\/woven-lines-threads-of-life\\\/#breadcrumb\",\"itemListElement\":[{\"@type\":\"ListItem\",\"position\":1,\"name\":\"Hjem\",\"item\":\"https:\\\/\\\/1x1design.dk\\\/1x1design\\\/\"},{\"@type\":\"ListItem\",\"position\":2,\"name\":\"Woven Lines &#8211; Threads of life\"}]},{\"@type\":\"WebSite\",\"@id\":\"https:\\\/\\\/1x1design.dk\\\/1x1design\\\/#website\",\"url\":\"https:\\\/\\\/1x1design.dk\\\/1x1design\\\/\",\"name\":\"1+1 Design\",\"description\":\"Puder og textildesign\",\"potentialAction\":[{\"@type\":\"SearchAction\",\"target\":{\"@type\":\"EntryPoint\",\"urlTemplate\":\"https:\\\/\\\/1x1design.dk\\\/1x1design\\\/?s={search_term_string}\"},\"query-input\":{\"@type\":\"PropertyValueSpecification\",\"valueRequired\":true,\"valueName\":\"search_term_string\"}}],\"inLanguage\":\"da-DK\"}]}<\/script>\n<!-- \/ Yoast SEO plugin. -->","yoast_head_json":{"title":"Woven Lines - Threads of life | 1+1 Design","robots":{"index":"index","follow":"follow","max-snippet":"max-snippet:-1","max-image-preview":"max-image-preview:large","max-video-preview":"max-video-preview:-1"},"canonical":"https:\/\/1x1design.dk\/1x1design\/woven-lines-threads-of-life\/","og_locale":"da_DK","og_type":"article","og_title":"Woven Lines - Threads of life | 1+1 Design","og_description":"WOVEN LINES \u00a0\u2013 Threads of LifeUdstillingen\u00a0Woven Lines-Threads of Life\u00a0af tekstildesigner Helene Vonsild viser en r\u00e6kke v\u00e6vede kropsobjekter, der i udtrykket befinder sig mellem smykke og bekl\u00e6dning. Objekterne er v\u00e6vet over liv, fort\u00e6llinger og stemninger, hvor hver tr\u00e5d till\u00e6gges en betydning. Se kortfilm af fotograf Martin Busborg om Woven Lines- Threads of Life:\u00a0her\u00a0 Tiden og livet I Woven Lines \u2013 Threads of Life forenes objekt og menneske gennem tid, fort\u00e6lling, tr\u00e5d og h\u00e5ndens arbejde.Tr\u00e5dene samles p\u00e5 v\u00e6ven og danner forskellige kompositioner af strukturflader, \u00e5bne rum, mellemrum og afstande, der afspejler livet oplevet som tid. I v\u00e6ven er lodrette tr\u00e5de monteret som faste elementer, mens v\u00e6veren tilf\u00f8rer de vandrette tr\u00e5de til at [&hellip;]","og_url":"https:\/\/1x1design.dk\/1x1design\/woven-lines-threads-of-life\/","og_site_name":"1+1 Design","schema":{"@context":"https:\/\/schema.org","@graph":[{"@type":"WebPage","@id":"https:\/\/1x1design.dk\/1x1design\/woven-lines-threads-of-life\/","url":"https:\/\/1x1design.dk\/1x1design\/woven-lines-threads-of-life\/","name":"Woven Lines - Threads of life | 1+1 Design","isPartOf":{"@id":"https:\/\/1x1design.dk\/1x1design\/#website"},"datePublished":"2026-03-11T14:59:40+00:00","breadcrumb":{"@id":"https:\/\/1x1design.dk\/1x1design\/woven-lines-threads-of-life\/#breadcrumb"},"inLanguage":"da-DK","potentialAction":[{"@type":"ReadAction","target":["https:\/\/1x1design.dk\/1x1design\/woven-lines-threads-of-life\/"]}]},{"@type":"BreadcrumbList","@id":"https:\/\/1x1design.dk\/1x1design\/woven-lines-threads-of-life\/#breadcrumb","itemListElement":[{"@type":"ListItem","position":1,"name":"Hjem","item":"https:\/\/1x1design.dk\/1x1design\/"},{"@type":"ListItem","position":2,"name":"Woven Lines &#8211; Threads of life"}]},{"@type":"WebSite","@id":"https:\/\/1x1design.dk\/1x1design\/#website","url":"https:\/\/1x1design.dk\/1x1design\/","name":"1+1 Design","description":"Puder og textildesign","potentialAction":[{"@type":"SearchAction","target":{"@type":"EntryPoint","urlTemplate":"https:\/\/1x1design.dk\/1x1design\/?s={search_term_string}"},"query-input":{"@type":"PropertyValueSpecification","valueRequired":true,"valueName":"search_term_string"}}],"inLanguage":"da-DK"}]}},"_links":{"self":[{"href":"https:\/\/1x1design.dk\/1x1design\/wp-json\/wp\/v2\/pages\/6660","targetHints":{"allow":["GET"]}}],"collection":[{"href":"https:\/\/1x1design.dk\/1x1design\/wp-json\/wp\/v2\/pages"}],"about":[{"href":"https:\/\/1x1design.dk\/1x1design\/wp-json\/wp\/v2\/types\/page"}],"author":[{"embeddable":true,"href":"https:\/\/1x1design.dk\/1x1design\/wp-json\/wp\/v2\/users\/2"}],"replies":[{"embeddable":true,"href":"https:\/\/1x1design.dk\/1x1design\/wp-json\/wp\/v2\/comments?post=6660"}],"version-history":[{"count":4,"href":"https:\/\/1x1design.dk\/1x1design\/wp-json\/wp\/v2\/pages\/6660\/revisions"}],"predecessor-version":[{"id":6665,"href":"https:\/\/1x1design.dk\/1x1design\/wp-json\/wp\/v2\/pages\/6660\/revisions\/6665"}],"wp:attachment":[{"href":"https:\/\/1x1design.dk\/1x1design\/wp-json\/wp\/v2\/media?parent=6660"}],"curies":[{"name":"wp","href":"https:\/\/api.w.org\/{rel}","templated":true}]}}