{"id":6686,"date":"2026-03-12T13:05:14","date_gmt":"2026-03-12T13:05:14","guid":{"rendered":"https:\/\/1x1design.dk\/1x1design\/?page_id=6686"},"modified":"2026-03-12T13:05:14","modified_gmt":"2026-03-12T13:05:14","slug":"udstilling-kurator","status":"publish","type":"page","link":"https:\/\/1x1design.dk\/1x1design\/udstilling-kurator\/","title":{"rendered":"Udstilling &#8211; Kurator"},"content":{"rendered":"<p>[et_pb_section fb_built=&#8221;1&#8243; theme_builder_area=&#8221;post_content&#8221; _builder_version=&#8221;4.27.5&#8243; _module_preset=&#8221;default&#8221; background_image=&#8221;https:\/\/1x1design.dk\/1x1design\/wp-content\/uploads\/2017\/03\/Baggrund-til-hjemmesider.jpg&#8221; hover_enabled=&#8221;0&#8243; sticky_enabled=&#8221;0&#8243; height=&#8221;40vh&#8221;][\/et_pb_section][et_pb_section fb_built=&#8221;1&#8243; theme_builder_area=&#8221;post_content&#8221; _builder_version=&#8221;4.27.5&#8243; _module_preset=&#8221;default&#8221;][et_pb_row admin_label=&#8221;row&#8221; _builder_version=&#8221;4.27.5&#8243; background_size=&#8221;initial&#8221; background_position=&#8221;top_left&#8221; background_repeat=&#8221;repeat&#8221; hover_enabled=&#8221;0&#8243; make_fullwidth=&#8221;off&#8221; use_custom_width=&#8221;off&#8221; width_unit=&#8221;on&#8221; global_colors_info=&#8221;{}&#8221; width=&#8221;90%&#8221; max_width=&#8221;none&#8221; sticky_enabled=&#8221;0&#8243; locked=&#8221;off&#8221; theme_builder_area=&#8221;post_content&#8221;][et_pb_column type=&#8221;4_4&#8243; _builder_version=&#8221;4.16&#8243; custom_padding=&#8221;|||&#8221; global_colors_info=&#8221;{}&#8221; custom_padding__hover=&#8221;|||&#8221; theme_builder_area=&#8221;post_content&#8221;][et_pb_text admin_label=&#8221;FOMO&#8221; _builder_version=&#8221;4.27.5&#8243; background_size=&#8221;initial&#8221; background_position=&#8221;top_left&#8221; background_repeat=&#8221;repeat&#8221; hover_enabled=&#8221;0&#8243; use_border_color=&#8221;off&#8221; border_color=&#8221;#ffffff&#8221; border_style=&#8221;solid&#8221; global_colors_info=&#8221;{}&#8221; sticky_enabled=&#8221;0&#8243; theme_builder_area=&#8221;post_content&#8221;]<\/p>\n<h2 style=\"text-align: left;\"><span style=\"color: #000000;\">FOMO 2017 &#8211; De fire temperamenter<\/span><\/h2>\n<p style=\"text-align: left;\">De fire temperamenter var udstillet i fire forskellige rum i en lejlighed i Gellerup.<br \/>Det udtrykkes gennem v\u00e6vede og trykte tekstilbaner, og gennem andet udvalgt kunsth\u00e5ndv\u00e6rk. Tekstilet kan opleves live, af en moderne danser, Emilie Kathrine Vonsild Schou, som vil udtrykke temperamenterne og tekstilerne gennem bev\u00e6gelse. Man kan v\u00e6re heldig at m\u00f8de danseren i et af rummene.<br \/>Hvert Temperament kan blive udtrykt, b\u00e5de i det enkelte v\u00e6rk, produkt, eller m\u00e5den det udstilles p\u00e5.\u00a0V\u00e6rker og produkter er udvalgt efter materiale og udtryk.\u00a0Der er kunsth\u00e5ndv\u00e6rk som f.eks. keramik, glas, puder, tekstile baner, t\u00f8rkl\u00e6der og andet der er i dialog med kroppen.<\/p>\n<p style=\"text-align: left;\"><img loading=\"lazy\" decoding=\"async\" class=\"size-large wp-image-3726 aligncenter\" src=\"https:\/\/1x1design.dk\/1x1design\/wp-content\/uploads\/2017\/02\/IMG_3886-768x1024.jpg\" alt=\"\" width=\"768\" height=\"1024\" srcset=\"https:\/\/1x1design.dk\/1x1design\/wp-content\/uploads\/2017\/02\/IMG_3886-768x1024.jpg 768w, https:\/\/1x1design.dk\/1x1design\/wp-content\/uploads\/2017\/02\/IMG_3886-225x300.jpg 225w, https:\/\/1x1design.dk\/1x1design\/wp-content\/uploads\/2017\/02\/IMG_3886-1080x1440.jpg 1080w\" sizes=\"(max-width: 768px) 100vw, 768px\" \/><img loading=\"lazy\" decoding=\"async\" class=\"size-full wp-image-3720 aligncenter\" src=\"https:\/\/1x1design.dk\/1x1design\/wp-content\/uploads\/2017\/02\/holstebro-1-1.jpg\" alt=\"\" width=\"640\" height=\"507\" srcset=\"https:\/\/1x1design.dk\/1x1design\/wp-content\/uploads\/2017\/02\/holstebro-1-1.jpg 640w, https:\/\/1x1design.dk\/1x1design\/wp-content\/uploads\/2017\/02\/holstebro-1-1-300x238.jpg 300w\" sizes=\"(max-width: 640px) 100vw, 640px\" \/><img loading=\"lazy\" decoding=\"async\" class=\"size-full wp-image-3715 aligncenter\" src=\"https:\/\/1x1design.dk\/1x1design\/wp-content\/uploads\/2017\/02\/fomo-holstebro-nyhedsbrev-1.jpg\" alt=\"\" width=\"640\" height=\"480\" srcset=\"https:\/\/1x1design.dk\/1x1design\/wp-content\/uploads\/2017\/02\/fomo-holstebro-nyhedsbrev-1.jpg 640w, https:\/\/1x1design.dk\/1x1design\/wp-content\/uploads\/2017\/02\/fomo-holstebro-nyhedsbrev-1-300x225.jpg 300w, https:\/\/1x1design.dk\/1x1design\/wp-content\/uploads\/2017\/02\/fomo-holstebro-nyhedsbrev-1-510x382.jpg 510w\" sizes=\"(max-width: 640px) 100vw, 640px\" \/><img loading=\"lazy\" decoding=\"async\" class=\"wp-image-3725 aligncenter\" src=\"https:\/\/1x1design.dk\/1x1design\/wp-content\/uploads\/2017\/02\/IMG_3885-768x1024.jpg\" alt=\"\" width=\"791\" height=\"1055\" srcset=\"https:\/\/1x1design.dk\/1x1design\/wp-content\/uploads\/2017\/02\/IMG_3885-768x1024.jpg 768w, https:\/\/1x1design.dk\/1x1design\/wp-content\/uploads\/2017\/02\/IMG_3885-225x300.jpg 225w, https:\/\/1x1design.dk\/1x1design\/wp-content\/uploads\/2017\/02\/IMG_3885-1080x1440.jpg 1080w\" sizes=\"(max-width: 791px) 100vw, 791px\" \/><\/p>\n<p style=\"text-align: left;\"><a href=\"https:\/\/issuu.com\/textilgrafik\/docs\/katalog_fomo_2017\">https:\/\/issuu.com\/textilgrafik\/docs\/katalog_fomo_2017<\/a><\/p>\n<p style=\"text-align: left;\"><strong>Se de fire kortfilm:<\/strong><\/p>\n<p style=\"text-align: left;\">Kolerisk temperament se\u00a0<a href=\"https:\/\/youtu.be\/CYQ7Z8Wk-JU\">her<\/a>.<\/p>\n<p style=\"text-align: left;\">Sangvinsk temperament se\u00a0<a href=\"https:\/\/youtu.be\/ISkzr36_o9s\">her<\/a>.<\/p>\n<p style=\"text-align: left;\">Melankolske temperament se\u00a0<a href=\"https:\/\/youtu.be\/SMIZx_FatoQ\">her<\/a>.<\/p>\n<p style=\"text-align: left;\">Flegmatisk temperament se\u00a0<a href=\"https:\/\/youtu.be\/wg6ZTnsU2YU\">her<\/a>.<\/p>\n<p style=\"text-align: left;\"><em>Fotograf: Martin Busborg.<\/em><\/p>\n<p style=\"text-align: left;\"><em>Musik: Asmus Thomsen.<\/em><\/p>\n<p style=\"text-align: left;\"><img loading=\"lazy\" decoding=\"async\" class=\"wp-image-3719 size-full alignnone\" src=\"https:\/\/1x1design.dk\/1x1design\/wp-content\/uploads\/2017\/02\/fomo-nyhedsbrev-150x150-1.jpg\" alt=\"\" width=\"150\" height=\"150\" \/>\u00a0<img loading=\"lazy\" decoding=\"async\" class=\"wp-image-3721 size-thumbnail alignnone\" src=\"https:\/\/1x1design.dk\/1x1design\/wp-content\/uploads\/2017\/02\/holstebro-1-768x1024-1-150x150.jpg\" alt=\"\" width=\"150\" height=\"150\" \/> \u00a0<img loading=\"lazy\" decoding=\"async\" class=\"size-large wp-image-3718 alignnone\" src=\"https:\/\/1x1design.dk\/1x1design\/wp-content\/uploads\/2017\/02\/fomo-nyhedsbrev-3-150x150-1.jpg\" alt=\"\" width=\"150\" height=\"150\" \/> <img loading=\"lazy\" decoding=\"async\" class=\"size-large wp-image-3717 alignnone\" src=\"https:\/\/1x1design.dk\/1x1design\/wp-content\/uploads\/2017\/02\/fomo-nyhedsbrev-2-150x150-1.jpg\" alt=\"\" width=\"150\" height=\"150\" \/> <img loading=\"lazy\" decoding=\"async\" class=\"size-large wp-image-3716 alignnone\" src=\"https:\/\/1x1design.dk\/1x1design\/wp-content\/uploads\/2017\/02\/fomo-nyhedsbrev-1-150x150-1.jpg\" alt=\"\" width=\"150\" height=\"150\" \/> <img loading=\"lazy\" decoding=\"async\" class=\"size-large wp-image-3714 alignnone\" src=\"https:\/\/1x1design.dk\/1x1design\/wp-content\/uploads\/2017\/02\/fomo-11-150x150-1.jpg\" alt=\"\" width=\"150\" height=\"150\" \/> <img loading=\"lazy\" decoding=\"async\" class=\"wp-image-3713 size-full alignnone\" src=\"https:\/\/1x1design.dk\/1x1design\/wp-content\/uploads\/2017\/02\/fomo-8-150x150-1.jpg\" alt=\"\" width=\"150\" height=\"150\" \/> <img loading=\"lazy\" decoding=\"async\" class=\"size-full wp-image-3712 alignnone\" src=\"https:\/\/1x1design.dk\/1x1design\/wp-content\/uploads\/2017\/02\/fomo-7-150x150-1.jpg\" alt=\"\" width=\"150\" height=\"150\" \/> <img loading=\"lazy\" decoding=\"async\" class=\"size-large wp-image-3711 alignnone\" src=\"https:\/\/1x1design.dk\/1x1design\/wp-content\/uploads\/2017\/02\/fomo-6-150x150-1.jpg\" alt=\"\" width=\"150\" height=\"150\" \/> <img loading=\"lazy\" decoding=\"async\" class=\"size-large wp-image-3710 alignnone\" src=\"https:\/\/1x1design.dk\/1x1design\/wp-content\/uploads\/2017\/02\/fomo-5-150x150-1.jpg\" alt=\"\" width=\"150\" height=\"150\" \/> <img loading=\"lazy\" decoding=\"async\" class=\"size-large wp-image-3708 alignnone\" src=\"https:\/\/1x1design.dk\/1x1design\/wp-content\/uploads\/2017\/02\/fomo-3-150x150-1.jpg\" alt=\"\" width=\"150\" height=\"150\" \/> <img loading=\"lazy\" decoding=\"async\" class=\"size-full wp-image-3707 alignnone\" src=\"https:\/\/1x1design.dk\/1x1design\/wp-content\/uploads\/2017\/02\/fomo-2-150x150-1.jpg\" alt=\"\" width=\"150\" height=\"150\" \/> <img loading=\"lazy\" decoding=\"async\" class=\"size-large wp-image-3706 alignnone\" src=\"https:\/\/1x1design.dk\/1x1design\/wp-content\/uploads\/2017\/02\/fomo-1-150x150-1.jpg\" alt=\"\" width=\"150\" height=\"150\" \/> <img loading=\"lazy\" decoding=\"async\" class=\"size-large wp-image-3705 alignnone\" src=\"https:\/\/1x1design.dk\/1x1design\/wp-content\/uploads\/2017\/02\/De-4-Temperamenter-7-FotoThomasDahlJepsen-150x150-1.jpg\" alt=\"\" width=\"150\" height=\"150\" \/> <img loading=\"lazy\" decoding=\"async\" class=\"size-large wp-image-3704 alignnone\" src=\"https:\/\/1x1design.dk\/1x1design\/wp-content\/uploads\/2017\/02\/De-4-Temperamenter-4-FotoThomasDahlJepsen-150x150-1.jpg\" alt=\"\" width=\"150\" height=\"150\" \/> <img loading=\"lazy\" decoding=\"async\" class=\"size-full wp-image-3703 alignnone\" src=\"https:\/\/1x1design.dk\/1x1design\/wp-content\/uploads\/2017\/02\/De-4-Temperamenter-3-FotoThomasDahlJepsen-150x150-1.jpg\" alt=\"\" width=\"150\" height=\"150\" \/><\/p>\n<p style=\"text-align: left;\"><em><\/em><\/p>\n<p style=\"text-align: left;\"><img loading=\"lazy\" decoding=\"async\" class=\"size-large wp-image-3727 aligncenter\" style=\"display: block; margin-left: auto; margin-right: auto;\" src=\"https:\/\/1x1design.dk\/1x1design\/wp-content\/uploads\/2017\/02\/IMG_3851-768x1024.jpg\" alt=\"\" width=\"768\" height=\"1024\" srcset=\"https:\/\/1x1design.dk\/1x1design\/wp-content\/uploads\/2017\/02\/IMG_3851-768x1024.jpg 768w, https:\/\/1x1design.dk\/1x1design\/wp-content\/uploads\/2017\/02\/IMG_3851-225x300.jpg 225w, https:\/\/1x1design.dk\/1x1design\/wp-content\/uploads\/2017\/02\/IMG_3851-1080x1440.jpg 1080w\" sizes=\"(max-width: 768px) 100vw, 768px\" \/><\/p>\n<p style=\"text-align: left;\">Bord til to<\/p>\n<p style=\"text-align: left;\">Melankolsk temperament har Sangvinsk temperament til bords.<\/p>\n<p style=\"text-align: left;\">Udstillet p\u00e5 R\u00e5dhuset i juni og p\u00e5 FOMO i Holstebro i oktober 2017.<\/p>\n<p>[\/et_pb_text][\/et_pb_column][\/et_pb_row][\/et_pb_section]<\/p>\n","protected":false},"excerpt":{"rendered":"<p>FOMO 2017 &#8211; De fire temperamenter De fire temperamenter var udstillet i fire forskellige rum i en lejlighed i Gellerup.Det udtrykkes gennem v\u00e6vede og trykte tekstilbaner, og gennem andet udvalgt kunsth\u00e5ndv\u00e6rk. Tekstilet kan opleves live, af en moderne danser, Emilie Kathrine Vonsild Schou, som vil udtrykke temperamenterne og tekstilerne gennem bev\u00e6gelse. Man kan v\u00e6re heldig at m\u00f8de danseren i et af rummene.Hvert Temperament kan blive udtrykt, b\u00e5de i det enkelte v\u00e6rk, produkt, eller m\u00e5den det udstilles p\u00e5.\u00a0V\u00e6rker og produkter er udvalgt efter materiale og udtryk.\u00a0Der er kunsth\u00e5ndv\u00e6rk som f.eks. keramik, glas, puder, tekstile baner, t\u00f8rkl\u00e6der og andet der er i dialog med kroppen. https:\/\/issuu.com\/textilgrafik\/docs\/katalog_fomo_2017 Se de fire kortfilm: Kolerisk temperament [&hellip;]<\/p>\n","protected":false},"author":2,"featured_media":0,"parent":0,"menu_order":0,"comment_status":"closed","ping_status":"closed","template":"","meta":{"_et_pb_use_builder":"on","_et_pb_old_content":"","_et_gb_content_width":"","footnotes":""},"class_list":["post-6686","page","type-page","status-publish","hentry"],"yoast_head":"<!-- This site is optimized with the Yoast SEO plugin v27.3 - https:\/\/yoast.com\/product\/yoast-seo-wordpress\/ -->\n<title>Udstilling - Kurator | 1+1 Design<\/title>\n<meta name=\"robots\" content=\"index, follow, max-snippet:-1, max-image-preview:large, max-video-preview:-1\" \/>\n<link rel=\"canonical\" href=\"https:\/\/1x1design.dk\/1x1design\/udstilling-kurator\/\" \/>\n<meta property=\"og:locale\" content=\"da_DK\" \/>\n<meta property=\"og:type\" content=\"article\" \/>\n<meta property=\"og:title\" content=\"Udstilling - Kurator | 1+1 Design\" \/>\n<meta property=\"og:description\" content=\"FOMO 2017 - De fire temperamenter De fire temperamenter var udstillet i fire forskellige rum i en lejlighed i Gellerup.Det udtrykkes gennem v\u00e6vede og trykte tekstilbaner, og gennem andet udvalgt kunsth\u00e5ndv\u00e6rk. Tekstilet kan opleves live, af en moderne danser, Emilie Kathrine Vonsild Schou, som vil udtrykke temperamenterne og tekstilerne gennem bev\u00e6gelse. Man kan v\u00e6re heldig at m\u00f8de danseren i et af rummene.Hvert Temperament kan blive udtrykt, b\u00e5de i det enkelte v\u00e6rk, produkt, eller m\u00e5den det udstilles p\u00e5.\u00a0V\u00e6rker og produkter er udvalgt efter materiale og udtryk.\u00a0Der er kunsth\u00e5ndv\u00e6rk som f.eks. keramik, glas, puder, tekstile baner, t\u00f8rkl\u00e6der og andet der er i dialog med kroppen. https:\/\/issuu.com\/textilgrafik\/docs\/katalog_fomo_2017 Se de fire kortfilm: Kolerisk temperament [&hellip;]\" \/>\n<meta property=\"og:url\" content=\"https:\/\/1x1design.dk\/1x1design\/udstilling-kurator\/\" \/>\n<meta property=\"og:site_name\" content=\"1+1 Design\" \/>\n<meta property=\"og:image\" content=\"https:\/\/1x1design.dk\/1x1design\/wp-content\/uploads\/2017\/02\/IMG_3886.jpg\" \/>\n\t<meta property=\"og:image:width\" content=\"3024\" \/>\n\t<meta property=\"og:image:height\" content=\"4032\" \/>\n\t<meta property=\"og:image:type\" content=\"image\/jpeg\" \/>\n<script type=\"application\/ld+json\" class=\"yoast-schema-graph\">{\"@context\":\"https:\\\/\\\/schema.org\",\"@graph\":[{\"@type\":\"WebPage\",\"@id\":\"https:\\\/\\\/1x1design.dk\\\/1x1design\\\/udstilling-kurator\\\/\",\"url\":\"https:\\\/\\\/1x1design.dk\\\/1x1design\\\/udstilling-kurator\\\/\",\"name\":\"Udstilling - Kurator | 1+1 Design\",\"isPartOf\":{\"@id\":\"https:\\\/\\\/1x1design.dk\\\/1x1design\\\/#website\"},\"primaryImageOfPage\":{\"@id\":\"https:\\\/\\\/1x1design.dk\\\/1x1design\\\/udstilling-kurator\\\/#primaryimage\"},\"image\":{\"@id\":\"https:\\\/\\\/1x1design.dk\\\/1x1design\\\/udstilling-kurator\\\/#primaryimage\"},\"thumbnailUrl\":\"https:\\\/\\\/1x1design.dk\\\/1x1design\\\/wp-content\\\/uploads\\\/2017\\\/02\\\/IMG_3886-768x1024.jpg\",\"datePublished\":\"2026-03-12T13:05:14+00:00\",\"breadcrumb\":{\"@id\":\"https:\\\/\\\/1x1design.dk\\\/1x1design\\\/udstilling-kurator\\\/#breadcrumb\"},\"inLanguage\":\"da-DK\",\"potentialAction\":[{\"@type\":\"ReadAction\",\"target\":[\"https:\\\/\\\/1x1design.dk\\\/1x1design\\\/udstilling-kurator\\\/\"]}]},{\"@type\":\"ImageObject\",\"inLanguage\":\"da-DK\",\"@id\":\"https:\\\/\\\/1x1design.dk\\\/1x1design\\\/udstilling-kurator\\\/#primaryimage\",\"url\":\"https:\\\/\\\/1x1design.dk\\\/1x1design\\\/wp-content\\\/uploads\\\/2017\\\/02\\\/IMG_3886.jpg\",\"contentUrl\":\"https:\\\/\\\/1x1design.dk\\\/1x1design\\\/wp-content\\\/uploads\\\/2017\\\/02\\\/IMG_3886.jpg\",\"width\":3024,\"height\":4032},{\"@type\":\"BreadcrumbList\",\"@id\":\"https:\\\/\\\/1x1design.dk\\\/1x1design\\\/udstilling-kurator\\\/#breadcrumb\",\"itemListElement\":[{\"@type\":\"ListItem\",\"position\":1,\"name\":\"Hjem\",\"item\":\"https:\\\/\\\/1x1design.dk\\\/1x1design\\\/\"},{\"@type\":\"ListItem\",\"position\":2,\"name\":\"Udstilling &#8211; Kurator\"}]},{\"@type\":\"WebSite\",\"@id\":\"https:\\\/\\\/1x1design.dk\\\/1x1design\\\/#website\",\"url\":\"https:\\\/\\\/1x1design.dk\\\/1x1design\\\/\",\"name\":\"1+1 Design\",\"description\":\"Puder og textildesign\",\"potentialAction\":[{\"@type\":\"SearchAction\",\"target\":{\"@type\":\"EntryPoint\",\"urlTemplate\":\"https:\\\/\\\/1x1design.dk\\\/1x1design\\\/?s={search_term_string}\"},\"query-input\":{\"@type\":\"PropertyValueSpecification\",\"valueRequired\":true,\"valueName\":\"search_term_string\"}}],\"inLanguage\":\"da-DK\"}]}<\/script>\n<!-- \/ Yoast SEO plugin. -->","yoast_head_json":{"title":"Udstilling - Kurator | 1+1 Design","robots":{"index":"index","follow":"follow","max-snippet":"max-snippet:-1","max-image-preview":"max-image-preview:large","max-video-preview":"max-video-preview:-1"},"canonical":"https:\/\/1x1design.dk\/1x1design\/udstilling-kurator\/","og_locale":"da_DK","og_type":"article","og_title":"Udstilling - Kurator | 1+1 Design","og_description":"FOMO 2017 - De fire temperamenter De fire temperamenter var udstillet i fire forskellige rum i en lejlighed i Gellerup.Det udtrykkes gennem v\u00e6vede og trykte tekstilbaner, og gennem andet udvalgt kunsth\u00e5ndv\u00e6rk. Tekstilet kan opleves live, af en moderne danser, Emilie Kathrine Vonsild Schou, som vil udtrykke temperamenterne og tekstilerne gennem bev\u00e6gelse. Man kan v\u00e6re heldig at m\u00f8de danseren i et af rummene.Hvert Temperament kan blive udtrykt, b\u00e5de i det enkelte v\u00e6rk, produkt, eller m\u00e5den det udstilles p\u00e5.\u00a0V\u00e6rker og produkter er udvalgt efter materiale og udtryk.\u00a0Der er kunsth\u00e5ndv\u00e6rk som f.eks. keramik, glas, puder, tekstile baner, t\u00f8rkl\u00e6der og andet der er i dialog med kroppen. https:\/\/issuu.com\/textilgrafik\/docs\/katalog_fomo_2017 Se de fire kortfilm: Kolerisk temperament [&hellip;]","og_url":"https:\/\/1x1design.dk\/1x1design\/udstilling-kurator\/","og_site_name":"1+1 Design","og_image":[{"width":3024,"height":4032,"url":"https:\/\/1x1design.dk\/1x1design\/wp-content\/uploads\/2017\/02\/IMG_3886.jpg","type":"image\/jpeg"}],"schema":{"@context":"https:\/\/schema.org","@graph":[{"@type":"WebPage","@id":"https:\/\/1x1design.dk\/1x1design\/udstilling-kurator\/","url":"https:\/\/1x1design.dk\/1x1design\/udstilling-kurator\/","name":"Udstilling - Kurator | 1+1 Design","isPartOf":{"@id":"https:\/\/1x1design.dk\/1x1design\/#website"},"primaryImageOfPage":{"@id":"https:\/\/1x1design.dk\/1x1design\/udstilling-kurator\/#primaryimage"},"image":{"@id":"https:\/\/1x1design.dk\/1x1design\/udstilling-kurator\/#primaryimage"},"thumbnailUrl":"https:\/\/1x1design.dk\/1x1design\/wp-content\/uploads\/2017\/02\/IMG_3886-768x1024.jpg","datePublished":"2026-03-12T13:05:14+00:00","breadcrumb":{"@id":"https:\/\/1x1design.dk\/1x1design\/udstilling-kurator\/#breadcrumb"},"inLanguage":"da-DK","potentialAction":[{"@type":"ReadAction","target":["https:\/\/1x1design.dk\/1x1design\/udstilling-kurator\/"]}]},{"@type":"ImageObject","inLanguage":"da-DK","@id":"https:\/\/1x1design.dk\/1x1design\/udstilling-kurator\/#primaryimage","url":"https:\/\/1x1design.dk\/1x1design\/wp-content\/uploads\/2017\/02\/IMG_3886.jpg","contentUrl":"https:\/\/1x1design.dk\/1x1design\/wp-content\/uploads\/2017\/02\/IMG_3886.jpg","width":3024,"height":4032},{"@type":"BreadcrumbList","@id":"https:\/\/1x1design.dk\/1x1design\/udstilling-kurator\/#breadcrumb","itemListElement":[{"@type":"ListItem","position":1,"name":"Hjem","item":"https:\/\/1x1design.dk\/1x1design\/"},{"@type":"ListItem","position":2,"name":"Udstilling &#8211; Kurator"}]},{"@type":"WebSite","@id":"https:\/\/1x1design.dk\/1x1design\/#website","url":"https:\/\/1x1design.dk\/1x1design\/","name":"1+1 Design","description":"Puder og textildesign","potentialAction":[{"@type":"SearchAction","target":{"@type":"EntryPoint","urlTemplate":"https:\/\/1x1design.dk\/1x1design\/?s={search_term_string}"},"query-input":{"@type":"PropertyValueSpecification","valueRequired":true,"valueName":"search_term_string"}}],"inLanguage":"da-DK"}]}},"_links":{"self":[{"href":"https:\/\/1x1design.dk\/1x1design\/wp-json\/wp\/v2\/pages\/6686","targetHints":{"allow":["GET"]}}],"collection":[{"href":"https:\/\/1x1design.dk\/1x1design\/wp-json\/wp\/v2\/pages"}],"about":[{"href":"https:\/\/1x1design.dk\/1x1design\/wp-json\/wp\/v2\/types\/page"}],"author":[{"embeddable":true,"href":"https:\/\/1x1design.dk\/1x1design\/wp-json\/wp\/v2\/users\/2"}],"replies":[{"embeddable":true,"href":"https:\/\/1x1design.dk\/1x1design\/wp-json\/wp\/v2\/comments?post=6686"}],"version-history":[{"count":3,"href":"https:\/\/1x1design.dk\/1x1design\/wp-json\/wp\/v2\/pages\/6686\/revisions"}],"predecessor-version":[{"id":6691,"href":"https:\/\/1x1design.dk\/1x1design\/wp-json\/wp\/v2\/pages\/6686\/revisions\/6691"}],"wp:attachment":[{"href":"https:\/\/1x1design.dk\/1x1design\/wp-json\/wp\/v2\/media?parent=6686"}],"curies":[{"name":"wp","href":"https:\/\/api.w.org\/{rel}","templated":true}]}}