{"id":6816,"date":"2026-03-13T15:06:55","date_gmt":"2026-03-13T15:06:55","guid":{"rendered":"https:\/\/1x1design.dk\/1x1design\/?page_id=6816"},"modified":"2026-03-13T15:06:55","modified_gmt":"2026-03-13T15:06:55","slug":"11-design-vaegophaeng","status":"publish","type":"page","link":"https:\/\/1x1design.dk\/1x1design\/11-design-vaegophaeng\/","title":{"rendered":"1+1 Design &#8211; V\u00e6goph\u00e6ng"},"content":{"rendered":"<p>[et_pb_section fb_built=&#8221;1&#8243; theme_builder_area=&#8221;post_content&#8221; _builder_version=&#8221;4.27.5&#8243; _module_preset=&#8221;default&#8221; title_text=&#8221;1234&#8243; background_image=&#8221;https:\/\/1x1design.dk\/1x1design\/wp-content\/uploads\/2021\/01\/1234-scaled.jpg&#8221; hover_enabled=&#8221;0&#8243; sticky_enabled=&#8221;0&#8243;][et_pb_row _builder_version=&#8221;4.27.5&#8243; _module_preset=&#8221;default&#8221; theme_builder_area=&#8221;post_content&#8221;][et_pb_column _builder_version=&#8221;4.27.5&#8243; _module_preset=&#8221;default&#8221; type=&#8221;4_4&#8243; theme_builder_area=&#8221;post_content&#8221;][et_pb_text _builder_version=&#8221;4.27.5&#8243; _module_preset=&#8221;default&#8221; theme_builder_area=&#8221;post_content&#8221; hover_enabled=&#8221;0&#8243; sticky_enabled=&#8221;0&#8243; header_font=&#8221;|700|||||||&#8221; header_text_color=&#8221;#FFFFFF&#8221; header_font_size=&#8221;46px&#8221;]<\/p>\n<h1>1+1 Design &#8211; V\u00e6goph\u00e6ng<\/h1>\n<p>[\/et_pb_text][\/et_pb_column][\/et_pb_row][\/et_pb_section][et_pb_section fb_built=&#8221;1&#8243; theme_builder_area=&#8221;post_content&#8221; _builder_version=&#8221;4.27.5&#8243; _module_preset=&#8221;default&#8221;][et_pb_row _builder_version=&#8221;4.27.5&#8243; _module_preset=&#8221;default&#8221; theme_builder_area=&#8221;post_content&#8221; width=&#8221;90%&#8221; max_width=&#8221;none&#8221; hover_enabled=&#8221;0&#8243; sticky_enabled=&#8221;0&#8243;][et_pb_column _builder_version=&#8221;4.27.5&#8243; _module_preset=&#8221;default&#8221; type=&#8221;4_4&#8243; theme_builder_area=&#8221;post_content&#8221;][et_pb_text _builder_version=&#8221;4.27.5&#8243; _module_preset=&#8221;default&#8221; theme_builder_area=&#8221;post_content&#8221; hover_enabled=&#8221;0&#8243; sticky_enabled=&#8221;0&#8243;]<\/p>\n<h2>1+1 Design &#8211; V\u00e6goph\u00e6ng kollektion<\/h2>\n<p>Min kollektion af v\u00e6goph\u00e6ng. Under ses billeder af mit v\u00e6goph\u00e6ng &#8220;Helium&#8221;. V\u00e6goph\u00e6nget kan findes i flere farver, se udvalget p\u00e5 webhsoppen:<a href=\"https:\/\/www.1x1textil.dk\/\">1&#215;1 Textil &amp; Design<\/a>.<\/p>\n<p>[\/et_pb_text][\/et_pb_column][\/et_pb_row][et_pb_row _builder_version=&#8221;4.27.5&#8243; _module_preset=&#8221;default&#8221; column_structure=&#8221;1_3,1_3,1_3&#8243; theme_builder_area=&#8221;post_content&#8221; width=&#8221;90%&#8221; max_width=&#8221;none&#8221; hover_enabled=&#8221;0&#8243; sticky_enabled=&#8221;0&#8243;][et_pb_column _builder_version=&#8221;4.27.5&#8243; _module_preset=&#8221;default&#8221; type=&#8221;1_3&#8243; theme_builder_area=&#8221;post_content&#8221;][et_pb_image src=&#8221;https:\/\/www.1x1textil.dk\/wp-content\/uploads\/2022\/11\/IMG_9249-scaled-400&#215;400.jpg&#8221; _builder_version=&#8221;4.27.5&#8243; _module_preset=&#8221;default&#8221; theme_builder_area=&#8221;post_content&#8221; hover_enabled=&#8221;0&#8243; sticky_enabled=&#8221;0&#8243;][\/et_pb_image][\/et_pb_column][et_pb_column _builder_version=&#8221;4.27.5&#8243; _module_preset=&#8221;default&#8221; type=&#8221;1_3&#8243; theme_builder_area=&#8221;post_content&#8221;][et_pb_image src=&#8221;https:\/\/www.1x1textil.dk\/wp-content\/uploads\/2022\/11\/IMG_9264-scaled-400&#215;400.jpg&#8221; _builder_version=&#8221;4.27.5&#8243; _module_preset=&#8221;default&#8221; theme_builder_area=&#8221;post_content&#8221; hover_enabled=&#8221;0&#8243; sticky_enabled=&#8221;0&#8243;][\/et_pb_image][\/et_pb_column][et_pb_column _builder_version=&#8221;4.27.5&#8243; _module_preset=&#8221;default&#8221; type=&#8221;1_3&#8243; theme_builder_area=&#8221;post_content&#8221;][et_pb_image src=&#8221;https:\/\/www.1x1textil.dk\/wp-content\/uploads\/2022\/11\/IMG_9265-scaled-400&#215;400.jpg&#8221; _builder_version=&#8221;4.27.5&#8243; _module_preset=&#8221;default&#8221; theme_builder_area=&#8221;post_content&#8221; hover_enabled=&#8221;0&#8243; sticky_enabled=&#8221;0&#8243;][\/et_pb_image][\/et_pb_column][\/et_pb_row][et_pb_row _builder_version=&#8221;4.27.5&#8243; _module_preset=&#8221;default&#8221; column_structure=&#8221;1_3,1_3,1_3&#8243; theme_builder_area=&#8221;post_content&#8221; width=&#8221;90%&#8221; max_width=&#8221;none&#8221; hover_enabled=&#8221;0&#8243; sticky_enabled=&#8221;0&#8243;][et_pb_column _builder_version=&#8221;4.27.5&#8243; _module_preset=&#8221;default&#8221; type=&#8221;1_3&#8243; theme_builder_area=&#8221;post_content&#8221;][et_pb_image src=&#8221;https:\/\/www.1x1textil.dk\/wp-content\/uploads\/2022\/11\/IMG_7684-300&#215;300.jpg&#8221; _builder_version=&#8221;4.27.5&#8243; _module_preset=&#8221;default&#8221; theme_builder_area=&#8221;post_content&#8221; hover_enabled=&#8221;0&#8243; sticky_enabled=&#8221;0&#8243;][\/et_pb_image][\/et_pb_column][et_pb_column _builder_version=&#8221;4.27.5&#8243; _module_preset=&#8221;default&#8221; type=&#8221;1_3&#8243; theme_builder_area=&#8221;post_content&#8221;][et_pb_image src=&#8221;https:\/\/www.1x1textil.dk\/wp-content\/uploads\/2022\/11\/IMG_7703-1-300&#215;300.jpg&#8221; _builder_version=&#8221;4.27.5&#8243; _module_preset=&#8221;default&#8221; theme_builder_area=&#8221;post_content&#8221; hover_enabled=&#8221;0&#8243; sticky_enabled=&#8221;0&#8243;][\/et_pb_image][\/et_pb_column][et_pb_column _builder_version=&#8221;4.27.5&#8243; _module_preset=&#8221;default&#8221; type=&#8221;1_3&#8243; theme_builder_area=&#8221;post_content&#8221;][et_pb_image src=&#8221;https:\/\/www.1x1textil.dk\/wp-content\/uploads\/2022\/11\/IMG_7727-300&#215;300.jpg&#8221; _builder_version=&#8221;4.27.5&#8243; _module_preset=&#8221;default&#8221; theme_builder_area=&#8221;post_content&#8221; hover_enabled=&#8221;0&#8243; sticky_enabled=&#8221;0&#8243;][\/et_pb_image][\/et_pb_column][\/et_pb_row][\/et_pb_section]<\/p>\n","protected":false},"excerpt":{"rendered":"<p>1+1 Design &#8211; V\u00e6goph\u00e6ng1+1 Design &#8211; V\u00e6goph\u00e6ng kollektion Min kollektion af v\u00e6goph\u00e6ng. Under ses billeder af mit v\u00e6goph\u00e6ng &#8220;Helium&#8221;. V\u00e6goph\u00e6nget kan findes i flere farver, se udvalget p\u00e5 webhsoppen:1&#215;1 Textil &amp; Design.<\/p>\n","protected":false},"author":2,"featured_media":0,"parent":0,"menu_order":0,"comment_status":"closed","ping_status":"closed","template":"","meta":{"_et_pb_use_builder":"on","_et_pb_old_content":"","_et_gb_content_width":"","footnotes":""},"class_list":["post-6816","page","type-page","status-publish","hentry"],"yoast_head":"<!-- This site is optimized with the Yoast SEO plugin v27.3 - https:\/\/yoast.com\/product\/yoast-seo-wordpress\/ -->\n<title>1+1 Design - V\u00e6goph\u00e6ng | 1+1 Design<\/title>\n<meta name=\"robots\" content=\"index, follow, max-snippet:-1, max-image-preview:large, max-video-preview:-1\" \/>\n<link rel=\"canonical\" href=\"https:\/\/1x1design.dk\/1x1design\/11-design-vaegophaeng\/\" \/>\n<meta property=\"og:locale\" content=\"da_DK\" \/>\n<meta property=\"og:type\" content=\"article\" \/>\n<meta property=\"og:title\" content=\"1+1 Design - V\u00e6goph\u00e6ng | 1+1 Design\" \/>\n<meta property=\"og:description\" content=\"1+1 Design - V\u00e6goph\u00e6ng1+1 Design - V\u00e6goph\u00e6ng kollektion Min kollektion af v\u00e6goph\u00e6ng. Under ses billeder af mit v\u00e6goph\u00e6ng &quot;Helium&quot;. V\u00e6goph\u00e6nget kan findes i flere farver, se udvalget p\u00e5 webhsoppen:1x1 Textil &amp; Design.\" \/>\n<meta property=\"og:url\" content=\"https:\/\/1x1design.dk\/1x1design\/11-design-vaegophaeng\/\" \/>\n<meta property=\"og:site_name\" content=\"1+1 Design\" \/>\n<script type=\"application\/ld+json\" class=\"yoast-schema-graph\">{\"@context\":\"https:\\\/\\\/schema.org\",\"@graph\":[{\"@type\":\"WebPage\",\"@id\":\"https:\\\/\\\/1x1design.dk\\\/1x1design\\\/11-design-vaegophaeng\\\/\",\"url\":\"https:\\\/\\\/1x1design.dk\\\/1x1design\\\/11-design-vaegophaeng\\\/\",\"name\":\"1+1 Design - V\u00e6goph\u00e6ng | 1+1 Design\",\"isPartOf\":{\"@id\":\"https:\\\/\\\/1x1design.dk\\\/1x1design\\\/#website\"},\"datePublished\":\"2026-03-13T15:06:55+00:00\",\"breadcrumb\":{\"@id\":\"https:\\\/\\\/1x1design.dk\\\/1x1design\\\/11-design-vaegophaeng\\\/#breadcrumb\"},\"inLanguage\":\"da-DK\",\"potentialAction\":[{\"@type\":\"ReadAction\",\"target\":[\"https:\\\/\\\/1x1design.dk\\\/1x1design\\\/11-design-vaegophaeng\\\/\"]}]},{\"@type\":\"BreadcrumbList\",\"@id\":\"https:\\\/\\\/1x1design.dk\\\/1x1design\\\/11-design-vaegophaeng\\\/#breadcrumb\",\"itemListElement\":[{\"@type\":\"ListItem\",\"position\":1,\"name\":\"Hjem\",\"item\":\"https:\\\/\\\/1x1design.dk\\\/1x1design\\\/\"},{\"@type\":\"ListItem\",\"position\":2,\"name\":\"1+1 Design &#8211; V\u00e6goph\u00e6ng\"}]},{\"@type\":\"WebSite\",\"@id\":\"https:\\\/\\\/1x1design.dk\\\/1x1design\\\/#website\",\"url\":\"https:\\\/\\\/1x1design.dk\\\/1x1design\\\/\",\"name\":\"1+1 Design\",\"description\":\"Puder og textildesign\",\"potentialAction\":[{\"@type\":\"SearchAction\",\"target\":{\"@type\":\"EntryPoint\",\"urlTemplate\":\"https:\\\/\\\/1x1design.dk\\\/1x1design\\\/?s={search_term_string}\"},\"query-input\":{\"@type\":\"PropertyValueSpecification\",\"valueRequired\":true,\"valueName\":\"search_term_string\"}}],\"inLanguage\":\"da-DK\"}]}<\/script>\n<!-- \/ Yoast SEO plugin. -->","yoast_head_json":{"title":"1+1 Design - V\u00e6goph\u00e6ng | 1+1 Design","robots":{"index":"index","follow":"follow","max-snippet":"max-snippet:-1","max-image-preview":"max-image-preview:large","max-video-preview":"max-video-preview:-1"},"canonical":"https:\/\/1x1design.dk\/1x1design\/11-design-vaegophaeng\/","og_locale":"da_DK","og_type":"article","og_title":"1+1 Design - V\u00e6goph\u00e6ng | 1+1 Design","og_description":"1+1 Design - V\u00e6goph\u00e6ng1+1 Design - V\u00e6goph\u00e6ng kollektion Min kollektion af v\u00e6goph\u00e6ng. Under ses billeder af mit v\u00e6goph\u00e6ng \"Helium\". V\u00e6goph\u00e6nget kan findes i flere farver, se udvalget p\u00e5 webhsoppen:1x1 Textil &amp; Design.","og_url":"https:\/\/1x1design.dk\/1x1design\/11-design-vaegophaeng\/","og_site_name":"1+1 Design","schema":{"@context":"https:\/\/schema.org","@graph":[{"@type":"WebPage","@id":"https:\/\/1x1design.dk\/1x1design\/11-design-vaegophaeng\/","url":"https:\/\/1x1design.dk\/1x1design\/11-design-vaegophaeng\/","name":"1+1 Design - V\u00e6goph\u00e6ng | 1+1 Design","isPartOf":{"@id":"https:\/\/1x1design.dk\/1x1design\/#website"},"datePublished":"2026-03-13T15:06:55+00:00","breadcrumb":{"@id":"https:\/\/1x1design.dk\/1x1design\/11-design-vaegophaeng\/#breadcrumb"},"inLanguage":"da-DK","potentialAction":[{"@type":"ReadAction","target":["https:\/\/1x1design.dk\/1x1design\/11-design-vaegophaeng\/"]}]},{"@type":"BreadcrumbList","@id":"https:\/\/1x1design.dk\/1x1design\/11-design-vaegophaeng\/#breadcrumb","itemListElement":[{"@type":"ListItem","position":1,"name":"Hjem","item":"https:\/\/1x1design.dk\/1x1design\/"},{"@type":"ListItem","position":2,"name":"1+1 Design &#8211; V\u00e6goph\u00e6ng"}]},{"@type":"WebSite","@id":"https:\/\/1x1design.dk\/1x1design\/#website","url":"https:\/\/1x1design.dk\/1x1design\/","name":"1+1 Design","description":"Puder og textildesign","potentialAction":[{"@type":"SearchAction","target":{"@type":"EntryPoint","urlTemplate":"https:\/\/1x1design.dk\/1x1design\/?s={search_term_string}"},"query-input":{"@type":"PropertyValueSpecification","valueRequired":true,"valueName":"search_term_string"}}],"inLanguage":"da-DK"}]}},"_links":{"self":[{"href":"https:\/\/1x1design.dk\/1x1design\/wp-json\/wp\/v2\/pages\/6816","targetHints":{"allow":["GET"]}}],"collection":[{"href":"https:\/\/1x1design.dk\/1x1design\/wp-json\/wp\/v2\/pages"}],"about":[{"href":"https:\/\/1x1design.dk\/1x1design\/wp-json\/wp\/v2\/types\/page"}],"author":[{"embeddable":true,"href":"https:\/\/1x1design.dk\/1x1design\/wp-json\/wp\/v2\/users\/2"}],"replies":[{"embeddable":true,"href":"https:\/\/1x1design.dk\/1x1design\/wp-json\/wp\/v2\/comments?post=6816"}],"version-history":[{"count":3,"href":"https:\/\/1x1design.dk\/1x1design\/wp-json\/wp\/v2\/pages\/6816\/revisions"}],"predecessor-version":[{"id":6820,"href":"https:\/\/1x1design.dk\/1x1design\/wp-json\/wp\/v2\/pages\/6816\/revisions\/6820"}],"wp:attachment":[{"href":"https:\/\/1x1design.dk\/1x1design\/wp-json\/wp\/v2\/media?parent=6816"}],"curies":[{"name":"wp","href":"https:\/\/api.w.org\/{rel}","templated":true}]}}