{"id":8,"date":"2014-09-19T14:38:53","date_gmt":"2014-09-19T14:38:53","guid":{"rendered":"http:\/\/7101.linux13.testsider.dk\/1x1design\/?page_id=8"},"modified":"2021-03-26T10:46:46","modified_gmt":"2021-03-26T10:46:46","slug":"textil","status":"publish","type":"page","link":"https:\/\/1x1design.dk\/1x1design\/textil\/","title":{"rendered":"Textil"},"content":{"rendered":"<p>[et_pb_section fb_built=&#8221;1&#8243; admin_label=&#8221;Sektion&#8221; _builder_version=&#8221;3.22&#8243; background_image=&#8221;http:\/\/1x1design.dk\/1x1design\/wp-content\/uploads\/2016\/02\/bg_chicargo_787.jpg&#8221; transparent_background=&#8221;off&#8221; make_fullwidth=&#8221;off&#8221; use_custom_width=&#8221;off&#8221; width_unit=&#8221;on&#8221;][et_pb_row admin_label=&#8221;R\u00e6kke&#8221; _builder_version=&#8221;3.25&#8243; background_size=&#8221;initial&#8221; background_position=&#8221;top_left&#8221; background_repeat=&#8221;repeat&#8221;][et_pb_column type=&#8221;4_4&#8243; _builder_version=&#8221;3.25&#8243; custom_padding=&#8221;|||&#8221; custom_padding__hover=&#8221;|||&#8221;][\/et_pb_column][\/et_pb_row][\/et_pb_section][et_pb_section fb_built=&#8221;1&#8243; admin_label=&#8221;section&#8221; _builder_version=&#8221;3.22&#8243;][et_pb_row admin_label=&#8221;row&#8221; _builder_version=&#8221;3.25&#8243; background_size=&#8221;initial&#8221; background_position=&#8221;top_left&#8221; background_repeat=&#8221;repeat&#8221;][et_pb_column type=&#8221;4_4&#8243; _builder_version=&#8221;3.25&#8243; custom_padding=&#8221;|||&#8221; custom_padding__hover=&#8221;|||&#8221;][et_pb_text admin_label=&#8221;Tekst&#8221; _builder_version=&#8221;4.8.1&#8243; background_size=&#8221;initial&#8221; background_position=&#8221;top_left&#8221; background_repeat=&#8221;repeat&#8221; hover_enabled=&#8221;0&#8243; use_border_color=&#8221;off&#8221; border_color=&#8221;#ffffff&#8221; border_style=&#8221;solid&#8221; sticky_enabled=&#8221;0&#8243;]<\/p>\n<p>[row]<br \/>[column lg=&#8221;6&#8243; md=&#8221;12&#8243; sm=&#8221;12&#8243; xs=&#8221;12&#8243; ]<\/p>\n<h2 style=\"text-align: center;\">Unika Textil<\/h2>\n<p style=\"text-align: center;\">Som tekstildesigner og v\u00e6ver arbejder jeg med tekstile &#8211; <em>eksperimenter, m\u00f8det mellem materialer og forskellige strukturer, og hvordan man med enkle midler kan skabe noget helt nyt og unikt.<\/em> Jeg er drevet af en helt grundl\u00e6ggende fascination af de potentialer, der ligger i to n\u00f8gler garn og tr\u00e5dene, som krydses i den h\u00e5ndv\u00e6rksm\u00e6ssige teknik, samt de muligheder, der opst\u00e5r i den eksperimenterende proces. I mit alsidige arbejde som tekstildesigner har jeg en s\u00e6rlig evne til at skabe specielle strukturer i et sp\u00e6ndende samspil mellem former og farver.<\/p>\n<p style=\"text-align: center;\"><a href=\"http:\/\/1x1design.dk\/1x1design\/unika-textil\/\">L\u00e6s mere her<\/a><\/p>\n<p style=\"text-align: center;\">[\/column][column lg=&#8221;6&#8243; md=&#8221;12&#8243; sm=&#8221;12&#8243; xs=&#8221;12&#8243; ]<\/p>\n<h2 style=\"text-align: center;\">Industriel Textil<\/h2>\n<p style=\"text-align: center;\">Som tekstildesigner og v\u00e6ver er jeg i stand til at bestemme stoffets karakter udfra et \u00f8nsket brug eller udtryk, gennem valg af specialgarn og andre materialer, kombineret med teknisk ops\u00e6tning p\u00e5 v\u00e6ven.<\/p>\n<p style=\"text-align: center;\"><strong>Jeg udf\u00f8rer specialopgaver<\/strong> i m\u00e5l efter \u00f8nske, til b\u00e5de bolig, m\u00f8bler, indretning og udstillinger. <span style=\"font-size: 14px;\">Derudover<strong> udsmykningsopgaver og samarbejde med arkitekter<\/strong> om udsmykning af rum.<\/span><\/p>\n<p style=\"text-align: center;\"><a href=\"http:\/\/1x1design.dk\/1x1design\/industriel-textil\/\">L\u00e6s mere her<\/a><br \/>[\/column]<br \/>[\/row]<\/p>\n<p>[\/et_pb_text][et_pb_image src=&#8221;http:\/\/1x1design.dk\/1x1design\/wp-content\/uploads\/2021\/03\/DSC4631-1024&#215;680-1.jpg&#8221; title_text=&#8221;DSC4631-1024&#215;680&#8243; _builder_version=&#8221;4.8.1&#8243; _module_preset=&#8221;default&#8221;][\/et_pb_image][\/et_pb_column][\/et_pb_row][\/et_pb_section]<\/p>\n","protected":false},"excerpt":{"rendered":"<p>[row][column lg=&#8221;6&#8243; md=&#8221;12&#8243; sm=&#8221;12&#8243; xs=&#8221;12&#8243; ] Unika Textil Som tekstildesigner og v\u00e6ver arbejder jeg med tekstile &#8211; eksperimenter, m\u00f8det mellem materialer og forskellige strukturer, og hvordan man med enkle midler kan skabe noget helt nyt og unikt. Jeg er drevet af en helt grundl\u00e6ggende fascination af de potentialer, der ligger i to n\u00f8gler garn og tr\u00e5dene, som krydses i den h\u00e5ndv\u00e6rksm\u00e6ssige teknik, samt de muligheder, der opst\u00e5r i den eksperimenterende proces. I mit alsidige arbejde som tekstildesigner har jeg en s\u00e6rlig evne til at skabe specielle strukturer i et sp\u00e6ndende samspil mellem former og farver. L\u00e6s mere her [\/column][column lg=&#8221;6&#8243; md=&#8221;12&#8243; sm=&#8221;12&#8243; xs=&#8221;12&#8243; ] Industriel Textil Som tekstildesigner og v\u00e6ver [&hellip;]<\/p>\n","protected":false},"author":1,"featured_media":0,"parent":0,"menu_order":0,"comment_status":"closed","ping_status":"closed","template":"","meta":{"_et_pb_use_builder":"on","_et_pb_old_content":"<p>[row]<br \/> [column lg=\"6\" md=\"12\" sm=\"12\" xs=\"12\" ]<\/p><h2>Unika Textil<\/h2><p>Tekstildesigner og v\u00e6ver Helene Vonsild arbejder med tekstile eksperimenter, m\u00f8det mellem materialer og forskellige strukturer, og hvordan man med enkle midler kan skabe noget helt nyt og unikt. Hun er drevet af en helt grundl\u00e6ggende fascination af de potentialer, der ligger i to n\u00f8gler garn og tr\u00e5dene, som krydses i den h\u00e5ndv\u00e6rksm\u00e6ssige teknik, samt de muligheder, der opst\u00e5r i den eksperimenterende proces. I sit alsidige arbejde som tekstildesigner har Helene en s\u00e6rlig evne til at skabe specielle strukturer i et sp\u00e6ndende samspil mellem former og farver.<\/p><p><a href=\"http:\/\/1x1design.dk\/1x1design\/unika-textil\/\">L\u00e6s mere her<\/a><\/p><p>[\/column]<\/p><p>[column lg=\"6\" md=\"12\" sm=\"12\" xs=\"12\" ]<\/p><h2>Industriel Textil<\/h2><p>Som tekstildesigner og v\u00e6ver er Helene i stand til at bestemme stoffets karakter, udfra et \u00f8nsket brug eller udtryk,<br \/> gennem valg af specialgarn og andre materialer, kombineret med teknisk ops\u00e6tning p\u00e5 v\u00e6ven.<\/p><p>Helene udf\u00f8rer specialopgaver i m\u00e5l efter \u00f8nske, til b\u00e5de bolig, m\u00f8bler, indretning og udstillinger.<\/p><p>Derudover udsmykningsopgaver og samarbejde med arkitekter om udsmykning af rum.<\/p><p><a href=\"http:\/\/1x1design.dk\/1x1design\/industriel-textil\/\">L\u00e6s mere her<\/a><br \/> [\/column]<br \/> [\/row]<\/p>","_et_gb_content_width":"","footnotes":""},"class_list":["post-8","page","type-page","status-publish","hentry"],"yoast_head":"<!-- This site is optimized with the Yoast SEO plugin v27.3 - https:\/\/yoast.com\/product\/yoast-seo-wordpress\/ -->\n<title>Textil | 1+1 Design<\/title>\n<meta name=\"robots\" content=\"index, follow, max-snippet:-1, max-image-preview:large, max-video-preview:-1\" \/>\n<link rel=\"canonical\" href=\"https:\/\/1x1design.dk\/1x1design\/textil\/\" \/>\n<meta property=\"og:locale\" content=\"da_DK\" \/>\n<meta property=\"og:type\" content=\"article\" \/>\n<meta property=\"og:title\" content=\"Textil | 1+1 Design\" \/>\n<meta property=\"og:description\" content=\"[row][column lg=&quot;6&quot; md=&quot;12&quot; sm=&quot;12&quot; xs=&quot;12&quot; ] Unika Textil Som tekstildesigner og v\u00e6ver arbejder jeg med tekstile - eksperimenter, m\u00f8det mellem materialer og forskellige strukturer, og hvordan man med enkle midler kan skabe noget helt nyt og unikt. Jeg er drevet af en helt grundl\u00e6ggende fascination af de potentialer, der ligger i to n\u00f8gler garn og tr\u00e5dene, som krydses i den h\u00e5ndv\u00e6rksm\u00e6ssige teknik, samt de muligheder, der opst\u00e5r i den eksperimenterende proces. I mit alsidige arbejde som tekstildesigner har jeg en s\u00e6rlig evne til at skabe specielle strukturer i et sp\u00e6ndende samspil mellem former og farver. L\u00e6s mere her [\/column][column lg=&quot;6&quot; md=&quot;12&quot; sm=&quot;12&quot; xs=&quot;12&quot; ] Industriel Textil Som tekstildesigner og v\u00e6ver [&hellip;]\" \/>\n<meta property=\"og:url\" content=\"https:\/\/1x1design.dk\/1x1design\/textil\/\" \/>\n<meta property=\"og:site_name\" content=\"1+1 Design\" \/>\n<meta property=\"article:modified_time\" content=\"2021-03-26T10:46:46+00:00\" \/>\n<meta name=\"twitter:label1\" content=\"Estimeret l\u00e6setid\" \/>\n\t<meta name=\"twitter:data1\" content=\"2 minutter\" \/>\n<script type=\"application\/ld+json\" class=\"yoast-schema-graph\">{\"@context\":\"https:\\\/\\\/schema.org\",\"@graph\":[{\"@type\":\"WebPage\",\"@id\":\"https:\\\/\\\/1x1design.dk\\\/1x1design\\\/textil\\\/\",\"url\":\"https:\\\/\\\/1x1design.dk\\\/1x1design\\\/textil\\\/\",\"name\":\"Textil | 1+1 Design\",\"isPartOf\":{\"@id\":\"https:\\\/\\\/1x1design.dk\\\/1x1design\\\/#website\"},\"datePublished\":\"2014-09-19T14:38:53+00:00\",\"dateModified\":\"2021-03-26T10:46:46+00:00\",\"breadcrumb\":{\"@id\":\"https:\\\/\\\/1x1design.dk\\\/1x1design\\\/textil\\\/#breadcrumb\"},\"inLanguage\":\"da-DK\",\"potentialAction\":[{\"@type\":\"ReadAction\",\"target\":[\"https:\\\/\\\/1x1design.dk\\\/1x1design\\\/textil\\\/\"]}]},{\"@type\":\"BreadcrumbList\",\"@id\":\"https:\\\/\\\/1x1design.dk\\\/1x1design\\\/textil\\\/#breadcrumb\",\"itemListElement\":[{\"@type\":\"ListItem\",\"position\":1,\"name\":\"Hjem\",\"item\":\"https:\\\/\\\/1x1design.dk\\\/1x1design\\\/\"},{\"@type\":\"ListItem\",\"position\":2,\"name\":\"Textil\"}]},{\"@type\":\"WebSite\",\"@id\":\"https:\\\/\\\/1x1design.dk\\\/1x1design\\\/#website\",\"url\":\"https:\\\/\\\/1x1design.dk\\\/1x1design\\\/\",\"name\":\"1+1 Design\",\"description\":\"Puder og textildesign\",\"potentialAction\":[{\"@type\":\"SearchAction\",\"target\":{\"@type\":\"EntryPoint\",\"urlTemplate\":\"https:\\\/\\\/1x1design.dk\\\/1x1design\\\/?s={search_term_string}\"},\"query-input\":{\"@type\":\"PropertyValueSpecification\",\"valueRequired\":true,\"valueName\":\"search_term_string\"}}],\"inLanguage\":\"da-DK\"}]}<\/script>\n<!-- \/ Yoast SEO plugin. -->","yoast_head_json":{"title":"Textil | 1+1 Design","robots":{"index":"index","follow":"follow","max-snippet":"max-snippet:-1","max-image-preview":"max-image-preview:large","max-video-preview":"max-video-preview:-1"},"canonical":"https:\/\/1x1design.dk\/1x1design\/textil\/","og_locale":"da_DK","og_type":"article","og_title":"Textil | 1+1 Design","og_description":"[row][column lg=\"6\" md=\"12\" sm=\"12\" xs=\"12\" ] Unika Textil Som tekstildesigner og v\u00e6ver arbejder jeg med tekstile - eksperimenter, m\u00f8det mellem materialer og forskellige strukturer, og hvordan man med enkle midler kan skabe noget helt nyt og unikt. Jeg er drevet af en helt grundl\u00e6ggende fascination af de potentialer, der ligger i to n\u00f8gler garn og tr\u00e5dene, som krydses i den h\u00e5ndv\u00e6rksm\u00e6ssige teknik, samt de muligheder, der opst\u00e5r i den eksperimenterende proces. I mit alsidige arbejde som tekstildesigner har jeg en s\u00e6rlig evne til at skabe specielle strukturer i et sp\u00e6ndende samspil mellem former og farver. L\u00e6s mere her [\/column][column lg=\"6\" md=\"12\" sm=\"12\" xs=\"12\" ] Industriel Textil Som tekstildesigner og v\u00e6ver [&hellip;]","og_url":"https:\/\/1x1design.dk\/1x1design\/textil\/","og_site_name":"1+1 Design","article_modified_time":"2021-03-26T10:46:46+00:00","twitter_misc":{"Estimeret l\u00e6setid":"2 minutter"},"schema":{"@context":"https:\/\/schema.org","@graph":[{"@type":"WebPage","@id":"https:\/\/1x1design.dk\/1x1design\/textil\/","url":"https:\/\/1x1design.dk\/1x1design\/textil\/","name":"Textil | 1+1 Design","isPartOf":{"@id":"https:\/\/1x1design.dk\/1x1design\/#website"},"datePublished":"2014-09-19T14:38:53+00:00","dateModified":"2021-03-26T10:46:46+00:00","breadcrumb":{"@id":"https:\/\/1x1design.dk\/1x1design\/textil\/#breadcrumb"},"inLanguage":"da-DK","potentialAction":[{"@type":"ReadAction","target":["https:\/\/1x1design.dk\/1x1design\/textil\/"]}]},{"@type":"BreadcrumbList","@id":"https:\/\/1x1design.dk\/1x1design\/textil\/#breadcrumb","itemListElement":[{"@type":"ListItem","position":1,"name":"Hjem","item":"https:\/\/1x1design.dk\/1x1design\/"},{"@type":"ListItem","position":2,"name":"Textil"}]},{"@type":"WebSite","@id":"https:\/\/1x1design.dk\/1x1design\/#website","url":"https:\/\/1x1design.dk\/1x1design\/","name":"1+1 Design","description":"Puder og textildesign","potentialAction":[{"@type":"SearchAction","target":{"@type":"EntryPoint","urlTemplate":"https:\/\/1x1design.dk\/1x1design\/?s={search_term_string}"},"query-input":{"@type":"PropertyValueSpecification","valueRequired":true,"valueName":"search_term_string"}}],"inLanguage":"da-DK"}]}},"_links":{"self":[{"href":"https:\/\/1x1design.dk\/1x1design\/wp-json\/wp\/v2\/pages\/8","targetHints":{"allow":["GET"]}}],"collection":[{"href":"https:\/\/1x1design.dk\/1x1design\/wp-json\/wp\/v2\/pages"}],"about":[{"href":"https:\/\/1x1design.dk\/1x1design\/wp-json\/wp\/v2\/types\/page"}],"author":[{"embeddable":true,"href":"https:\/\/1x1design.dk\/1x1design\/wp-json\/wp\/v2\/users\/1"}],"replies":[{"embeddable":true,"href":"https:\/\/1x1design.dk\/1x1design\/wp-json\/wp\/v2\/comments?post=8"}],"version-history":[{"count":30,"href":"https:\/\/1x1design.dk\/1x1design\/wp-json\/wp\/v2\/pages\/8\/revisions"}],"predecessor-version":[{"id":5348,"href":"https:\/\/1x1design.dk\/1x1design\/wp-json\/wp\/v2\/pages\/8\/revisions\/5348"}],"wp:attachment":[{"href":"https:\/\/1x1design.dk\/1x1design\/wp-json\/wp\/v2\/media?parent=8"}],"curies":[{"name":"wp","href":"https:\/\/api.w.org\/{rel}","templated":true}]}}